{"id":249899,"date":"2023-08-26T10:52:18","date_gmt":"2023-08-26T13:52:18","guid":{"rendered":"https:\/\/www.livrariarema.com.br\/loja\/produtos\/sem%20categoria\/explorando-a-palavra-geraldo-hildebrand\/"},"modified":"2025-09-29T16:43:18","modified_gmt":"2025-09-29T19:43:18","slug":"explorando-a-palavra-geraldo-hildebrand","status":"publish","type":"product","link":"https:\/\/www.livrariarema.com.br\/loja\/produtos\/livros\/estudo-biblico\/explorando-a-palavra-geraldo-hildebrand\/","title":{"rendered":"Explorando A Palavra &#8211; Geraldo Hildebrand"},"content":{"rendered":"<p>&#8220;Quanto ao p\u00fablico-alvo, me parece ser principalmente novos disc\u00edpulos de Jesus, que precisam se alinhar com os pontos-chave da Palavra de Deus. Percebo que hoje existe uma grande rotatividade de pessoas nas comunidades, e em uma mesma congrega\u00e7\u00e3o existem pessoas que pensam de maneira completamente diferente sobre determinadas doutrinas, pois vieram originalmente de igrejas distintas.<br \/>\nEnt\u00e3o um segundo segmento de p\u00fablico seria o pastor que deseja aprofundar com sua igreja a compreens\u00e3o das doutrinas crist\u00e3s, usando o livro Explorando a Palavra para alinhar todos no mesmo entendimento b\u00edblico.<br \/>\nCreio que a Esperan\u00e7a \u00e9 uma excelente editora para publicar o material.<br \/>\nEspero que este material ajude muita gente a crescer na f\u00e9 crist\u00e3 e entender os fundamentos da Palavra de Deus para sua vida.&#8221;<br \/>\nJosu\u00e9 Campanh\u00e3 &#8211; Diretor da Envisionar<\/p>\n<p>&#8220;Explorando a Palavra \u00e9 um excelente material e, sem d\u00favida, uma grande ajuda para o ensino. O livro trabalha muito bem os assuntos relevantes da B\u00edblia para quem chegou \u00e0 f\u00e9 em Jesus h\u00e1 pouco tempo e para os que j\u00e1 caminham com Cristo e desejam conhecer melhor a f\u00e9 crist\u00e3.&#8221;<br \/>\nWalter Feckinghaus &#8211; Fundador da Editora Esperan\u00e7a<\/p>\n","protected":false},"excerpt":{"rendered":"<p>&#8220;Quanto ao p\u00fablico-alvo, me parece ser principalmente novos disc\u00edpulos de Jesus, que precisam se alinhar com os pontos-chave da Palavra&hellip;<\/p>\n","protected":false},"featured_media":338736,"comment_status":"open","ping_status":"closed","template":"","meta":[],"product_cat":[161,134],"product_tag":[],"_links":{"self":[{"href":"https:\/\/www.livrariarema.com.br\/loja\/wp-json\/wp\/v2\/product\/249899"}],"collection":[{"href":"https:\/\/www.livrariarema.com.br\/loja\/wp-json\/wp\/v2\/product"}],"about":[{"href":"https:\/\/www.livrariarema.com.br\/loja\/wp-json\/wp\/v2\/types\/product"}],"replies":[{"embeddable":true,"href":"https:\/\/www.livrariarema.com.br\/loja\/wp-json\/wp\/v2\/comments?post=249899"}],"wp:featuredmedia":[{"embeddable":true,"href":"https:\/\/www.livrariarema.com.br\/loja\/wp-json\/wp\/v2\/media\/338736"}],"wp:attachment":[{"href":"https:\/\/www.livrariarema.com.br\/loja\/wp-json\/wp\/v2\/media?parent=249899"}],"wp:term":[{"taxonomy":"product_cat","embeddable":true,"href":"https:\/\/www.livrariarema.com.br\/loja\/wp-json\/wp\/v2\/product_cat?post=249899"},{"taxonomy":"product_tag","embeddable":true,"href":"https:\/\/www.livrariarema.com.br\/loja\/wp-json\/wp\/v2\/product_tag?post=249899"}],"curies":[{"name":"wp","href":"https:\/\/api.w.org\/{rel}","templated":true}]}}