{"id":249903,"date":"2023-08-26T10:52:30","date_gmt":"2023-08-26T13:52:30","guid":{"rendered":"https:\/\/www.livrariarema.com.br\/loja\/produtos\/sem%20categoria\/comentario-esperanca-at-isaias-vol-1-dieter-schneider\/"},"modified":"2024-09-04T14:04:32","modified_gmt":"2024-09-04T17:04:32","slug":"comentario-esperanca-at-isaias-vol-1-dieter-schneider","status":"publish","type":"product","link":"https:\/\/www.livrariarema.com.br\/loja\/produtos\/livros\/comentario-biblico\/comentario-esperanca-at-isaias-vol-1-dieter-schneider\/","title":{"rendered":"Coment\u00e1rio Esperan\u00e7a &#8211; At &#8211; Isa\u00edas &#8211; Vol. 1 &#8211; Dieter Schneider"},"content":{"rendered":"<p>A cole\u00e7\u00e3o da &#8220;Wuppertaler Studienbibel&#8221; \u00e9 uma s\u00e9rie voltada para a igreja que l\u00ea a B\u00edblia. Ela parte do princ\u00edpio de que a B\u00edblia \u00e9 a Palavra de Deus, anotada e transmitida por pessoas. Ou seja: seus coment\u00e1rios precisam fazer justi\u00e7a a esse car\u00e1ter duplo da Escritura Sagrada.<\/p>\n<p>Uma interpreta\u00e7\u00e3o adequada olha para tr\u00e1s, pesquisando a Hist\u00f3ria e mantem-se aberta ao fato de que Deus trabalha na e por meio da Palavra na vida do leitor e ouvinte. Mas todo o trabalho hist\u00f3rico e teol\u00f3gico com o texto n\u00e3o passa de obra &#8220;preparat\u00f3ria&#8221;. A real obra \u00e9 feita pelo pr\u00f3prio Deus. Por isso, uma coisa n\u00e3o pode faltar durante todo o trabalho de interpreta\u00e7\u00e3o: a ora\u00e7\u00e3o. Ora\u00e7\u00e3o durante a leitura, a interpreta\u00e7\u00e3o e a verifica\u00e7\u00e3o da interpreta\u00e7\u00e3o \u00e0 luz da pr\u00f3pria Escritura. Quando isso acontece, escancara-se a porta aos novos conhecimentos e compreens\u00f5es da revela\u00e7\u00e3o divina e da vontade de Deus.<\/p>\n<p>A edi\u00e7\u00e3o em portugu\u00eas dos Coment\u00e1rios Esperan\u00e7a &#8211; Antigo Testamento primou pela qualidade na tradu\u00e7\u00e3o e revis\u00e3o, para apresentar um trabalho primoroso e edificante aos leitores<\/p>\n","protected":false},"excerpt":{"rendered":"<p>A cole\u00e7\u00e3o da &#8220;Wuppertaler Studienbibel&#8221; \u00e9 uma s\u00e9rie voltada para a igreja que l\u00ea a B\u00edblia. Ela parte do princ\u00edpio&hellip;<\/p>\n","protected":false},"featured_media":313754,"comment_status":"open","ping_status":"closed","template":"","meta":[],"product_cat":[164,134],"product_tag":[],"_links":{"self":[{"href":"https:\/\/www.livrariarema.com.br\/loja\/wp-json\/wp\/v2\/product\/249903"}],"collection":[{"href":"https:\/\/www.livrariarema.com.br\/loja\/wp-json\/wp\/v2\/product"}],"about":[{"href":"https:\/\/www.livrariarema.com.br\/loja\/wp-json\/wp\/v2\/types\/product"}],"replies":[{"embeddable":true,"href":"https:\/\/www.livrariarema.com.br\/loja\/wp-json\/wp\/v2\/comments?post=249903"}],"wp:featuredmedia":[{"embeddable":true,"href":"https:\/\/www.livrariarema.com.br\/loja\/wp-json\/wp\/v2\/media\/313754"}],"wp:attachment":[{"href":"https:\/\/www.livrariarema.com.br\/loja\/wp-json\/wp\/v2\/media?parent=249903"}],"wp:term":[{"taxonomy":"product_cat","embeddable":true,"href":"https:\/\/www.livrariarema.com.br\/loja\/wp-json\/wp\/v2\/product_cat?post=249903"},{"taxonomy":"product_tag","embeddable":true,"href":"https:\/\/www.livrariarema.com.br\/loja\/wp-json\/wp\/v2\/product_tag?post=249903"}],"curies":[{"name":"wp","href":"https:\/\/api.w.org\/{rel}","templated":true}]}}