{"id":249909,"date":"2023-08-26T10:52:52","date_gmt":"2023-08-26T13:52:52","guid":{"rendered":"https:\/\/www.livrariarema.com.br\/loja\/produtos\/sem%20categoria\/comentario-esperanca-nt-carta-aos-efesios-filipenses-e-colossenses-eberhard-hahn\/"},"modified":"2025-03-26T11:25:24","modified_gmt":"2025-03-26T14:25:24","slug":"comentario-esperanca-nt-carta-aos-efesios-filipenses-e-colossenses-eberhard-hahn","status":"publish","type":"product","link":"https:\/\/www.livrariarema.com.br\/loja\/produtos\/livros\/comentario-biblico\/comentario-esperanca-nt-carta-aos-efesios-filipenses-e-colossenses-eberhard-hahn\/","title":{"rendered":"Coment\u00e1rio Esperan\u00e7a &#8211; Nt &#8211; Carta Aos Ef\u00e9sios, Filipenses E Colossenses &#8211; Eberhard Hahn"},"content":{"rendered":"<p>Coment\u00e1rio Esperan\u00e7a do Novo Testamento &#8211; Cartas aos Ef\u00e9sios, Filipenses e Colossenses <\/p>\n<p>Eberhard Hahn, nasceu em 1953 na Aleanha. De 1972 a 1979 estudou teologia e angelismo na universidade de T\u00fcbingen (Alemanha). Ap\u00f3s o estudo e um tempo pastoral trabalhou como professor de teologia na \u00cdndia e no Brasil. Desde 1991 ele \u00e9 reitor no &#8220;Albrecht-Bengel-Haus&#8221; na cidade de T\u00fcbingen e professor na \u00e1rea de teologia sistem\u00e1tica.<\/p>\n<p>Dr. Werner de Boor (1899-1976), nascido em Breslau (Alemanha), estudou em v\u00e1rias universidades na Alemanha e fez o seu doutorado em teologia na universidade de Marburg (Alemanha) no ano de 1928. Em 1957 iniciou seu minist\u00e9rio como autor com os coment\u00e1rios b\u00edblicos e a partir do ano de 1962 foi convidado a ser co-diretor da s\u00e9rie Woppertaler Studienbibel NT (Coment\u00e1rios Esperan\u00e7a NT) que ele liderou juntamente com Adolf Pohl at\u00e9 que a sua edi\u00e7\u00e3o se completou.<\/p>\n<p>&#8220;Os coment\u00e1rios Esperan\u00e7a conquistar\u00e3o leitores que buscam explica\u00e7\u00f5es de textos em geral e tamb\u00e9m para os mais dif\u00edceis. O prop\u00f3sito que motiva o coment\u00e1rio \u00e9 esclarecer as preciosidades ocultas nas p\u00e1ginas do texto sagrado. Os autores dos Coment\u00e1rios Esperan\u00e7a oferecem um sem-n\u00famero de conhecimentos que revelam o pensamento dos autores inspirados.&#8221;<br \/>\nRussel P. Shedd<\/p>\n","protected":false},"excerpt":{"rendered":"<p>Coment\u00e1rio Esperan\u00e7a do Novo Testamento &#8211; Cartas aos Ef\u00e9sios, Filipenses e Colossenses Eberhard Hahn, nasceu em 1953 na Aleanha. De&hellip;<\/p>\n","protected":false},"featured_media":328878,"comment_status":"open","ping_status":"closed","template":"","meta":[],"product_cat":[164,134],"product_tag":[],"_links":{"self":[{"href":"https:\/\/www.livrariarema.com.br\/loja\/wp-json\/wp\/v2\/product\/249909"}],"collection":[{"href":"https:\/\/www.livrariarema.com.br\/loja\/wp-json\/wp\/v2\/product"}],"about":[{"href":"https:\/\/www.livrariarema.com.br\/loja\/wp-json\/wp\/v2\/types\/product"}],"replies":[{"embeddable":true,"href":"https:\/\/www.livrariarema.com.br\/loja\/wp-json\/wp\/v2\/comments?post=249909"}],"wp:featuredmedia":[{"embeddable":true,"href":"https:\/\/www.livrariarema.com.br\/loja\/wp-json\/wp\/v2\/media\/328878"}],"wp:attachment":[{"href":"https:\/\/www.livrariarema.com.br\/loja\/wp-json\/wp\/v2\/media?parent=249909"}],"wp:term":[{"taxonomy":"product_cat","embeddable":true,"href":"https:\/\/www.livrariarema.com.br\/loja\/wp-json\/wp\/v2\/product_cat?post=249909"},{"taxonomy":"product_tag","embeddable":true,"href":"https:\/\/www.livrariarema.com.br\/loja\/wp-json\/wp\/v2\/product_tag?post=249909"}],"curies":[{"name":"wp","href":"https:\/\/api.w.org\/{rel}","templated":true}]}}