{"id":249945,"date":"2023-08-26T10:56:44","date_gmt":"2023-08-26T13:56:44","guid":{"rendered":"https:\/\/www.livrariarema.com.br\/loja\/produtos\/sem%20categoria\/personagens-ao-redor-da-cruz-tom-houston\/"},"modified":"2026-04-28T09:53:46","modified_gmt":"2026-04-28T12:53:46","slug":"personagens-ao-redor-da-cruz-tom-houston","status":"publish","type":"product","link":"https:\/\/www.livrariarema.com.br\/loja\/produtos\/livros\/estudo-biblico\/personagens-ao-redor-da-cruz-tom-houston\/","title":{"rendered":"Personagens Ao Redor Da Cruz &#8211; Tom Houston"},"content":{"rendered":"<p>Tom Houston resgata a participa\u00e7\u00e3o de cada um dos personagens envolvidos na morte de Jesus na cruz: a multid\u00e3o, Judas, os Sacerdotes, Pilatos, os ladr\u00f5es, Maria, os disc\u00edpulos e muitos mais.<br \/>\nO autor fornece insights do contexto hist\u00f3rico e nos encoraja a imaginar o impacto que o encontro com Jesus teria produzido nas vidas daqueles personagens.<\/p>\n<p>Isso nos permite refletir, ainda hoje: De que maneira a Cruz de Cristo ainda nos impacta? Qual o sentido da p\u00e1scoa?<\/p>\n<p>&#8220;Com uma exposi\u00e7\u00e3o precisa, ilustra\u00e7\u00f5es v\u00edvidas e aplica\u00e7\u00f5es contempor\u00e2neas, Tom Houston consegue se concentrar na Cruz de Cristo como o evento mais decisivo da hist\u00f3ria com o poder de transformar a vida humana hoje.&#8221;<br \/>\nDavid Coffey &#8211; Secret\u00e1rio geral da Uni\u00e3o Batista do Reino Unido<\/p>\n","protected":false},"excerpt":{"rendered":"<p>Tom Houston resgata a participa\u00e7\u00e3o de cada um dos personagens envolvidos na morte de Jesus na cruz: a multid\u00e3o, Judas,&hellip;<\/p>\n","protected":false},"featured_media":347442,"comment_status":"open","ping_status":"closed","template":"","meta":[],"product_cat":[161,134],"product_tag":[],"_links":{"self":[{"href":"https:\/\/www.livrariarema.com.br\/loja\/wp-json\/wp\/v2\/product\/249945"}],"collection":[{"href":"https:\/\/www.livrariarema.com.br\/loja\/wp-json\/wp\/v2\/product"}],"about":[{"href":"https:\/\/www.livrariarema.com.br\/loja\/wp-json\/wp\/v2\/types\/product"}],"replies":[{"embeddable":true,"href":"https:\/\/www.livrariarema.com.br\/loja\/wp-json\/wp\/v2\/comments?post=249945"}],"wp:featuredmedia":[{"embeddable":true,"href":"https:\/\/www.livrariarema.com.br\/loja\/wp-json\/wp\/v2\/media\/347442"}],"wp:attachment":[{"href":"https:\/\/www.livrariarema.com.br\/loja\/wp-json\/wp\/v2\/media?parent=249945"}],"wp:term":[{"taxonomy":"product_cat","embeddable":true,"href":"https:\/\/www.livrariarema.com.br\/loja\/wp-json\/wp\/v2\/product_cat?post=249945"},{"taxonomy":"product_tag","embeddable":true,"href":"https:\/\/www.livrariarema.com.br\/loja\/wp-json\/wp\/v2\/product_tag?post=249945"}],"curies":[{"name":"wp","href":"https:\/\/api.w.org\/{rel}","templated":true}]}}