{"id":249946,"date":"2023-08-26T10:56:49","date_gmt":"2023-08-26T13:56:49","guid":{"rendered":"https:\/\/www.livrariarema.com.br\/loja\/produtos\/sem%20categoria\/personagens-ao-redor-da-manjedoura-tom-houston\/"},"modified":"2026-03-24T12:13:28","modified_gmt":"2026-03-24T15:13:28","slug":"personagens-ao-redor-da-manjedoura-tom-houston","status":"publish","type":"product","link":"https:\/\/www.livrariarema.com.br\/loja\/produtos\/livros\/estudo-biblico\/personagens-ao-redor-da-manjedoura-tom-houston\/","title":{"rendered":"Personagens Ao Redor Da Manjedoura &#8211; Tom Houston"},"content":{"rendered":"<p>O Natal deixa as pessoas felizes e frustradas ao mesmo tempo, especialmente os crist\u00e3os. Existe um conflito entre o Natal secular, com suas luzes, seu brilho e os altos gastos com presentes, e o significado que ele deveria ter do nascimento extraordin\u00e1rio de Jesus.<Br><br \/>\nTom Houston examina uma \u00f3tima hist\u00f3ria com um grande elenco: As for\u00e7as pol\u00edticas de C\u00e9sar Augusto, Herodes e os viajantes do leste, nas hist\u00f3rias de Zacarias, Isabel, Ana e Sime\u00e3o, o profeta proscrito &#8211; Jo\u00e3o Batista, as pessoas comuns &#8211; Maria, Jos\u00e9 e os pastores e tamb\u00e9m os evangelistas &#8211; Mateus e Lucas<Br><br \/>\n<Br><br \/>\n&#8220;As cenas do nascimento de Jesus nunca mais ser\u00e3o as mesmas. O Natal sempre mexe com a imagina\u00e7\u00e3o, por\u00e9m, Tom Houston consegue mexer com os leitores por meio de reflex\u00f5es sobre os personagens b\u00edblicos reais que cercaram o nascimento de Jesus, e n\u00e3o com as caricaturas da fantasia popular.&#8221;<Br><br \/>\nChris Wright &#8211; Diretor do Minist\u00e9rio The Langhan Partnerhip International<\/p>\n","protected":false},"excerpt":{"rendered":"<p>O Natal deixa as pessoas felizes e frustradas ao mesmo tempo, especialmente os crist\u00e3os. Existe um conflito entre o Natal&hellip;<\/p>\n","protected":false},"featured_media":346723,"comment_status":"open","ping_status":"closed","template":"","meta":[],"product_cat":[161,134],"product_tag":[],"_links":{"self":[{"href":"https:\/\/www.livrariarema.com.br\/loja\/wp-json\/wp\/v2\/product\/249946"}],"collection":[{"href":"https:\/\/www.livrariarema.com.br\/loja\/wp-json\/wp\/v2\/product"}],"about":[{"href":"https:\/\/www.livrariarema.com.br\/loja\/wp-json\/wp\/v2\/types\/product"}],"replies":[{"embeddable":true,"href":"https:\/\/www.livrariarema.com.br\/loja\/wp-json\/wp\/v2\/comments?post=249946"}],"wp:featuredmedia":[{"embeddable":true,"href":"https:\/\/www.livrariarema.com.br\/loja\/wp-json\/wp\/v2\/media\/346723"}],"wp:attachment":[{"href":"https:\/\/www.livrariarema.com.br\/loja\/wp-json\/wp\/v2\/media?parent=249946"}],"wp:term":[{"taxonomy":"product_cat","embeddable":true,"href":"https:\/\/www.livrariarema.com.br\/loja\/wp-json\/wp\/v2\/product_cat?post=249946"},{"taxonomy":"product_tag","embeddable":true,"href":"https:\/\/www.livrariarema.com.br\/loja\/wp-json\/wp\/v2\/product_tag?post=249946"}],"curies":[{"name":"wp","href":"https:\/\/api.w.org\/{rel}","templated":true}]}}