{"id":249947,"date":"2023-08-26T10:56:55","date_gmt":"2023-08-26T13:56:55","guid":{"rendered":"https:\/\/www.livrariarema.com.br\/loja\/produtos\/sem%20categoria\/personagens-ao-redor-da-igreja-tom-houston\/"},"modified":"2026-03-24T12:14:15","modified_gmt":"2026-03-24T15:14:15","slug":"personagens-ao-redor-da-igreja-tom-houston","status":"publish","type":"product","link":"https:\/\/www.livrariarema.com.br\/loja\/produtos\/livros\/estudo-biblico\/personagens-ao-redor-da-igreja-tom-houston\/","title":{"rendered":"Personagens Ao Redor Da Igreja &#8211; Tom Houston"},"content":{"rendered":"<p>A igreja de Jerusal\u00e9m na primeira metade do livro de Atos dos Ap\u00f3stolos foi um per\u00edodo crucial na hist\u00f3ria crist\u00e3.<\/p>\n<p>Neste livro o autor, Tom Houston, encoraja o leitor a realizar uma reflex\u00e3o mais ampla sobre as experi\u00eancias que viveram os envolvidos.<\/p>\n<p>A abordagem por meio dos personagens \u00e9 movida pela convic\u00e7\u00e3o de que as narrativas e as pessoas da B\u00edblia est\u00e3o l\u00e1 como exemplos e advert\u00eancias para as gera\u00e7\u00f5es futuras, como a nossa (1Co 10.11).<\/p>\n<p>&#8220;A hist\u00f3ria da primeira igreja &#8211; na cidade de Jerusal\u00e9m &#8211; pulsa com vida renovada, julgamentos ferozes, fracassos pessoais, crescimento espiritual e alegria intensa. Tom Houston captura o cora\u00e7\u00e3o do trabalho de Deus naqueles arrebatadores primeiros dias. Sua pr\u00f3pria experi\u00eancia ampla e demorada com a igreja em todo o mundo brilha em perspicaz compreens\u00e3o e not\u00e1vel aplica\u00e7\u00e3o. Este \u00e9 um livro para todos os crist\u00e3os. Ele ir\u00e1 lev\u00e1-lo de volta ao livro de Atos dos Ap\u00f3stolos com uma nova vontade de estud\u00e1-lo, e de volta \u00e0 sua pr\u00f3pria comunh\u00e3o da igreja com uma nova responsabilidade para servir e crescer &#8211; pois os personagens ao redor da sua igreja podem ser surpreendentemente semelhantes aos personagens ao redor da primeira igreja!&#8221;<br \/>\nSinclair B. Ferguson &#8211; St George`s Tron Church, Glasgow, Esc\u00f3cia<\/p>\n","protected":false},"excerpt":{"rendered":"<p>A igreja de Jerusal\u00e9m na primeira metade do livro de Atos dos Ap\u00f3stolos foi um per\u00edodo crucial na hist\u00f3ria crist\u00e3.&hellip;<\/p>\n","protected":false},"featured_media":0,"comment_status":"open","ping_status":"closed","template":"","meta":[],"product_cat":[161,134],"product_tag":[],"_links":{"self":[{"href":"https:\/\/www.livrariarema.com.br\/loja\/wp-json\/wp\/v2\/product\/249947"}],"collection":[{"href":"https:\/\/www.livrariarema.com.br\/loja\/wp-json\/wp\/v2\/product"}],"about":[{"href":"https:\/\/www.livrariarema.com.br\/loja\/wp-json\/wp\/v2\/types\/product"}],"replies":[{"embeddable":true,"href":"https:\/\/www.livrariarema.com.br\/loja\/wp-json\/wp\/v2\/comments?post=249947"}],"wp:attachment":[{"href":"https:\/\/www.livrariarema.com.br\/loja\/wp-json\/wp\/v2\/media?parent=249947"}],"wp:term":[{"taxonomy":"product_cat","embeddable":true,"href":"https:\/\/www.livrariarema.com.br\/loja\/wp-json\/wp\/v2\/product_cat?post=249947"},{"taxonomy":"product_tag","embeddable":true,"href":"https:\/\/www.livrariarema.com.br\/loja\/wp-json\/wp\/v2\/product_tag?post=249947"}],"curies":[{"name":"wp","href":"https:\/\/api.w.org\/{rel}","templated":true}]}}