{"id":249949,"date":"2023-08-26T10:57:00","date_gmt":"2023-08-26T13:57:00","guid":{"rendered":"https:\/\/www.livrariarema.com.br\/loja\/produtos\/sem%20categoria\/mais-mil-esbocos-biblicos-de-genesis-a-apocalipse-georg-brinke\/"},"modified":"2025-05-26T12:55:15","modified_gmt":"2025-05-26T15:55:15","slug":"mais-mil-esbocos-biblicos-de-genesis-a-apocalipse-georg-brinke","status":"publish","type":"product","link":"https:\/\/www.livrariarema.com.br\/loja\/produtos\/livros\/esbocos-mensagens\/mais-mil-esbocos-biblicos-de-genesis-a-apocalipse-georg-brinke\/","title":{"rendered":"Mais Mil Esbo\u00e7os Biblicos &#8211; De G\u00eanesis A Apocalipse &#8211; Georg Brinke"},"content":{"rendered":"<p>Este livro quer ser uma chave para abrir a Palavra de Deus e ajudar aqueles que ministram a Palavra a se aprofundar nela e poder transmitir melhor as riquezas, b\u00ean\u00e7\u00e3os e conselhos das Escrituras para os seus ouvintes.<\/p>\n<p>Durante muitos anos o autor trabalhou com dedica\u00e7\u00e3o e esfor\u00e7o neste livro com o objetivo de oferecer caminhos para entrar na Palavra de Deus e entend\u00ea-la melhor.<\/p>\n<p>Com isso, estes esbo\u00e7os se tornaram uma ferramenta muito valiosa para todos que ministram a Palavra.<\/p>\n<p>&#8220;Este livro \u00e9 uma mina de extraordin\u00e1ria riqueza e cont\u00e9m uma grande quantidade de preciosidades para todos que est\u00e3o empenhados na prega\u00e7\u00e3o da Palavra.&#8221;<br \/>\nJornal Reichsgottesarbeiter<\/p>\n","protected":false},"excerpt":{"rendered":"<p>Este livro quer ser uma chave para abrir a Palavra de Deus e ajudar aqueles que ministram a Palavra a&hellip;<\/p>\n","protected":false},"featured_media":331737,"comment_status":"open","ping_status":"closed","template":"","meta":[],"product_cat":[206,134],"product_tag":[],"_links":{"self":[{"href":"https:\/\/www.livrariarema.com.br\/loja\/wp-json\/wp\/v2\/product\/249949"}],"collection":[{"href":"https:\/\/www.livrariarema.com.br\/loja\/wp-json\/wp\/v2\/product"}],"about":[{"href":"https:\/\/www.livrariarema.com.br\/loja\/wp-json\/wp\/v2\/types\/product"}],"replies":[{"embeddable":true,"href":"https:\/\/www.livrariarema.com.br\/loja\/wp-json\/wp\/v2\/comments?post=249949"}],"wp:featuredmedia":[{"embeddable":true,"href":"https:\/\/www.livrariarema.com.br\/loja\/wp-json\/wp\/v2\/media\/331737"}],"wp:attachment":[{"href":"https:\/\/www.livrariarema.com.br\/loja\/wp-json\/wp\/v2\/media?parent=249949"}],"wp:term":[{"taxonomy":"product_cat","embeddable":true,"href":"https:\/\/www.livrariarema.com.br\/loja\/wp-json\/wp\/v2\/product_cat?post=249949"},{"taxonomy":"product_tag","embeddable":true,"href":"https:\/\/www.livrariarema.com.br\/loja\/wp-json\/wp\/v2\/product_tag?post=249949"}],"curies":[{"name":"wp","href":"https:\/\/api.w.org\/{rel}","templated":true}]}}