{"id":250017,"date":"2023-08-26T11:03:43","date_gmt":"2023-08-26T14:03:43","guid":{"rendered":"https:\/\/www.livrariarema.com.br\/loja\/produtos\/sem categoria\/explorer-sem-limites-devocional\/"},"modified":"2025-01-27T10:25:27","modified_gmt":"2025-01-27T13:25:27","slug":"explorer-sem-limites-devocional","status":"publish","type":"product","link":"https:\/\/www.livrariarema.com.br\/loja\/produtos\/livros\/devocional\/explorer-sem-limites-devocional\/","title":{"rendered":"Explorer Sem Limites &#8211; Devocional"},"content":{"rendered":"<p>Despertar mission\u00e1rio e evangel\u00edstico de adolescentes, jovens e adultos. Mais de 30 escritores brasileiros, latinos, norte-americanos e europeus percorrem toda a B\u00edblia com um olhar mission\u00e1rio, escrevendo 366 leituras curtas, din\u00e2micas e inspiradoras para seu momento devocional di\u00e1rio de leitura da Palavra e de ora\u00e7\u00e3o. Cont\u00e9m informa\u00e7\u00f5es atuais de 366 povos e etnias do mundo que ainda n\u00e3o t\u00eam a B\u00edblia em seu idioma, pelos quais temos que orar.<\/p>\n","protected":false},"excerpt":{"rendered":"<p>Despertar mission\u00e1rio e evangel\u00edstico de adolescentes, jovens e adultos. Mais de 30 escritores brasileiros, latinos, norte-americanos e europeus percorrem toda&hellip;<\/p>\n","protected":false},"featured_media":325463,"comment_status":"open","ping_status":"closed","template":"","meta":[],"product_cat":[158,134],"product_tag":[],"_links":{"self":[{"href":"https:\/\/www.livrariarema.com.br\/loja\/wp-json\/wp\/v2\/product\/250017"}],"collection":[{"href":"https:\/\/www.livrariarema.com.br\/loja\/wp-json\/wp\/v2\/product"}],"about":[{"href":"https:\/\/www.livrariarema.com.br\/loja\/wp-json\/wp\/v2\/types\/product"}],"replies":[{"embeddable":true,"href":"https:\/\/www.livrariarema.com.br\/loja\/wp-json\/wp\/v2\/comments?post=250017"}],"wp:featuredmedia":[{"embeddable":true,"href":"https:\/\/www.livrariarema.com.br\/loja\/wp-json\/wp\/v2\/media\/325463"}],"wp:attachment":[{"href":"https:\/\/www.livrariarema.com.br\/loja\/wp-json\/wp\/v2\/media?parent=250017"}],"wp:term":[{"taxonomy":"product_cat","embeddable":true,"href":"https:\/\/www.livrariarema.com.br\/loja\/wp-json\/wp\/v2\/product_cat?post=250017"},{"taxonomy":"product_tag","embeddable":true,"href":"https:\/\/www.livrariarema.com.br\/loja\/wp-json\/wp\/v2\/product_tag?post=250017"}],"curies":[{"name":"wp","href":"https:\/\/api.w.org\/{rel}","templated":true}]}}