{"id":250019,"date":"2023-08-26T11:03:50","date_gmt":"2023-08-26T14:03:50","guid":{"rendered":"https:\/\/www.livrariarema.com.br\/loja\/produtos\/sem%20categoria\/vencendo-as-tentacoes-financeiras-thiago-becker-modesto-silva\/"},"modified":"2025-08-22T08:44:14","modified_gmt":"2025-08-22T11:44:14","slug":"vencendo-as-tentacoes-financeiras-thiago-becker-modesto-silva","status":"publish","type":"product","link":"https:\/\/www.livrariarema.com.br\/loja\/produtos\/livros\/admin-financas\/vencendo-as-tentacoes-financeiras-thiago-becker-modesto-silva\/","title":{"rendered":"Vencendo As Tenta\u00e7\u00f5es Financeiras &#8211; Thiago Becker Modesto Silva"},"content":{"rendered":"<p>Vencendo as Tenta\u00e7\u00f5es Financeiras<\/p>\n<p>Deus nos fala tanto sobre finan\u00e7as porque sabe que problemas relacionados a dinheiro podem atrapalhar a caminhada dos seus filhos. Isso \u00e9 t\u00e3o claro que no Serm\u00e3o do Monte, logo ap\u00f3s Jesus nos ensinar como devemos orar, ele nos advertiu sobre os tesouros na terra, os tesouros no c\u00e9u e as preocupa\u00e7\u00f5es da vida. E deixa bem claro que a \u00fanica &#8220;concorr\u00eancia&#8221; ao senhorio de Deus em nossa vida \u00e9 o dinheiro. N\u00e3o \u00e9 intrigante, que dentre todas as coisas que poderiam ser apontadas como &#8220;concorrentes&#8221; do senhorio de Deus em nossa vida, como o pecado, as v\u00e3s filosofias, o mundo ou a idolatria, Jesus tenha falado de dinheiro?<\/p>\n<p>&#8211; Ningu\u00e9m pode servir a dois senhores; porque ou ir\u00e1 odiar um e amar o outro, ou ir\u00e1 se dedicar a um e desprezar o outro. Voc\u00eas n\u00e3o podem servir a Deus e \u00e0s riquezas. (Mateus 6.24)<\/p>\n","protected":false},"excerpt":{"rendered":"<p>Vencendo as Tenta\u00e7\u00f5es Financeiras Deus nos fala tanto sobre finan\u00e7as porque sabe que problemas relacionados a dinheiro podem atrapalhar a&hellip;<\/p>\n","protected":false},"featured_media":335871,"comment_status":"open","ping_status":"closed","template":"","meta":[],"product_cat":[179,134],"product_tag":[],"_links":{"self":[{"href":"https:\/\/www.livrariarema.com.br\/loja\/wp-json\/wp\/v2\/product\/250019"}],"collection":[{"href":"https:\/\/www.livrariarema.com.br\/loja\/wp-json\/wp\/v2\/product"}],"about":[{"href":"https:\/\/www.livrariarema.com.br\/loja\/wp-json\/wp\/v2\/types\/product"}],"replies":[{"embeddable":true,"href":"https:\/\/www.livrariarema.com.br\/loja\/wp-json\/wp\/v2\/comments?post=250019"}],"wp:featuredmedia":[{"embeddable":true,"href":"https:\/\/www.livrariarema.com.br\/loja\/wp-json\/wp\/v2\/media\/335871"}],"wp:attachment":[{"href":"https:\/\/www.livrariarema.com.br\/loja\/wp-json\/wp\/v2\/media?parent=250019"}],"wp:term":[{"taxonomy":"product_cat","embeddable":true,"href":"https:\/\/www.livrariarema.com.br\/loja\/wp-json\/wp\/v2\/product_cat?post=250019"},{"taxonomy":"product_tag","embeddable":true,"href":"https:\/\/www.livrariarema.com.br\/loja\/wp-json\/wp\/v2\/product_tag?post=250019"}],"curies":[{"name":"wp","href":"https:\/\/api.w.org\/{rel}","templated":true}]}}