{"id":250021,"date":"2023-08-26T11:03:56","date_gmt":"2023-08-26T14:03:56","guid":{"rendered":"https:\/\/www.livrariarema.com.br\/loja\/produtos\/sem categoria\/serie-mergulho-missional-as-cartas-de-paulo-vol-2-sherron-k-george-e-timoteo-carriker\/"},"modified":"2025-08-20T14:17:37","modified_gmt":"2025-08-20T17:17:37","slug":"serie-mergulho-missional-as-cartas-de-paulo-vol-2-sherron-k-george-e-timoteo-carriker","status":"publish","type":"product","link":"https:\/\/www.livrariarema.com.br\/loja\/produtos\/livros\/estudo-biblico\/serie-mergulho-missional-as-cartas-de-paulo-vol-2-sherron-k-george-e-timoteo-carriker\/","title":{"rendered":"S\u00e9rie Mergulho Missional &#8211; As Cartas De Paulo &#8211; Vol. 2 &#8211; Sherron K. George E Tim\u00f3teo Carriker"},"content":{"rendered":"<p>Quais livros no Novo Testamento foram escritos primeiro? <br \/>\noram as cartas do ap\u00f3stolo Paulo. Quem teve a maior influ\u00eancia na expans\u00e3o da igreja crist\u00e3 desde o seu in\u00edcio e at\u00e9 hoje, ap\u00f3s Jesus Cristo? <br \/>\nCertamente tamb\u00e9m foi Paulo quem escreveu para a grande maioria das novas igrejas. Ele foi um tremendo influenciador!<br \/>\nPara entendermos melhor o ap\u00f3stolo e, quem sabe, nos entendermos melhor, faremos um mergulho missional em seu mundo e nas principais influ\u00eancias da sua forma\u00e7\u00e3o, nesta obra dividida em dois volumes. Na primeira parte mergulhamos em 1\u00aa e 2\u00aa Tessalonicenses, G\u00e1latas e 1\u00aa e 2\u00aa Cor\u00edntios. Agora, na segunda parte, veremos Ef\u00e9sios, Colossenses, Filipenses, Romanos, Tito, 1\u00aa e 2\u00aa Tim\u00f3teo.<\/p>\n","protected":false},"excerpt":{"rendered":"<p>Quais livros no Novo Testamento foram escritos primeiro? oram as cartas do ap\u00f3stolo Paulo. Quem teve a maior influ\u00eancia na&hellip;<\/p>\n","protected":false},"featured_media":335826,"comment_status":"open","ping_status":"closed","template":"","meta":[],"product_cat":[161,134],"product_tag":[],"_links":{"self":[{"href":"https:\/\/www.livrariarema.com.br\/loja\/wp-json\/wp\/v2\/product\/250021"}],"collection":[{"href":"https:\/\/www.livrariarema.com.br\/loja\/wp-json\/wp\/v2\/product"}],"about":[{"href":"https:\/\/www.livrariarema.com.br\/loja\/wp-json\/wp\/v2\/types\/product"}],"replies":[{"embeddable":true,"href":"https:\/\/www.livrariarema.com.br\/loja\/wp-json\/wp\/v2\/comments?post=250021"}],"wp:featuredmedia":[{"embeddable":true,"href":"https:\/\/www.livrariarema.com.br\/loja\/wp-json\/wp\/v2\/media\/335826"}],"wp:attachment":[{"href":"https:\/\/www.livrariarema.com.br\/loja\/wp-json\/wp\/v2\/media?parent=250021"}],"wp:term":[{"taxonomy":"product_cat","embeddable":true,"href":"https:\/\/www.livrariarema.com.br\/loja\/wp-json\/wp\/v2\/product_cat?post=250021"},{"taxonomy":"product_tag","embeddable":true,"href":"https:\/\/www.livrariarema.com.br\/loja\/wp-json\/wp\/v2\/product_tag?post=250021"}],"curies":[{"name":"wp","href":"https:\/\/api.w.org\/{rel}","templated":true}]}}