{"id":250025,"date":"2023-08-26T11:04:09","date_gmt":"2023-08-26T14:04:09","guid":{"rendered":"https:\/\/www.livrariarema.com.br\/loja\/produtos\/sem categoria\/um-amor-para-toda-a-vida-gary-thomas\/"},"modified":"2026-03-26T15:34:19","modified_gmt":"2026-03-26T18:34:19","slug":"um-amor-para-toda-a-vida-gary-thomas","status":"publish","type":"product","link":"https:\/\/www.livrariarema.com.br\/loja\/produtos\/livros\/casamento\/um-amor-para-toda-a-vida-gary-thomas\/","title":{"rendered":"Um Amor Para Toda A Vida &#8211; Gary Thomas"},"content":{"rendered":"<p>Descobrindo como a intimidade com Deus sopra paix\u00e3o em seu casamento<br \/>\nO amor \u00e9 o maior dom que o ser humano pode experimentar.<Br><br \/>\nQuando amamos algu\u00e9m, queremos manter essa chama viva para sempre. Neste livro, o pastor e conselheiro Gary Thomas apresenta exatamente isso: como construir um relacionamento verdadeiro e duradouro. O autor mostra que o segredo \u00e9 ter Deus no centro da vida conjugal, pois assim esse amor ser\u00e1 maior do que n\u00f3s mesmos.<Br><br \/>\n<Br><br \/>\nCom este livro, voc\u00ea descobrir\u00e1 como:<Br><br \/>\nConstruir um casamento digno do chamado;<Br><br \/>\nSustentar a paix\u00e3o por meio do prop\u00f3sito;<Br><br \/>\nSer aben\u00e7oado e aben\u00e7oar por meio do casamento;<Br><br \/>\nCompreender a import\u00e2ncia suprema do amor;<Br><br \/>\nDescobrir a gl\u00f3ria da depend\u00eancia espiritual.<Br><\/p>\n","protected":false},"excerpt":{"rendered":"<p>Descobrindo como a intimidade com Deus sopra paix\u00e3o em seu casamento O amor \u00e9 o maior dom que o ser&hellip;<\/p>\n","protected":false},"featured_media":346769,"comment_status":"open","ping_status":"closed","template":"","meta":[],"product_cat":[155,134],"product_tag":[],"_links":{"self":[{"href":"https:\/\/www.livrariarema.com.br\/loja\/wp-json\/wp\/v2\/product\/250025"}],"collection":[{"href":"https:\/\/www.livrariarema.com.br\/loja\/wp-json\/wp\/v2\/product"}],"about":[{"href":"https:\/\/www.livrariarema.com.br\/loja\/wp-json\/wp\/v2\/types\/product"}],"replies":[{"embeddable":true,"href":"https:\/\/www.livrariarema.com.br\/loja\/wp-json\/wp\/v2\/comments?post=250025"}],"wp:featuredmedia":[{"embeddable":true,"href":"https:\/\/www.livrariarema.com.br\/loja\/wp-json\/wp\/v2\/media\/346769"}],"wp:attachment":[{"href":"https:\/\/www.livrariarema.com.br\/loja\/wp-json\/wp\/v2\/media?parent=250025"}],"wp:term":[{"taxonomy":"product_cat","embeddable":true,"href":"https:\/\/www.livrariarema.com.br\/loja\/wp-json\/wp\/v2\/product_cat?post=250025"},{"taxonomy":"product_tag","embeddable":true,"href":"https:\/\/www.livrariarema.com.br\/loja\/wp-json\/wp\/v2\/product_tag?post=250025"}],"curies":[{"name":"wp","href":"https:\/\/api.w.org\/{rel}","templated":true}]}}