{"id":250027,"date":"2023-08-26T11:04:15","date_gmt":"2023-08-26T14:04:15","guid":{"rendered":"https:\/\/www.livrariarema.com.br\/loja\/produtos\/sem categoria\/introducao-e-sintese-do-novo-testamento-gerhard-hoster\/"},"modified":"2024-09-04T14:13:20","modified_gmt":"2024-09-04T17:13:20","slug":"introducao-e-sintese-do-novo-testamento-gerhard-hoster","status":"publish","type":"product","link":"https:\/\/www.livrariarema.com.br\/loja\/produtos\/livros\/estudo-biblico\/introducao-e-sintese-do-novo-testamento-gerhard-hoster\/","title":{"rendered":"Introdu\u00e7\u00e3o E S\u00edntese Do Novo Testamento &#8211; Gerhard H\u00f6ster"},"content":{"rendered":"<p>Este livro pretende ser duas coisas: s\u00edntese e introdu\u00e7\u00e3o. Que querem dizer esses conceitos?<br \/>\nA s\u00edntese apresenta o conte\u00fado dos livros b\u00edblicos, nesse caso os livros do Novo Testamento. Ela desenvolve esbo\u00e7os pelos quais o leitor da B\u00edblia pode aprender com mais efici\u00eancia a sequ\u00eancia de ideias de um dado livro do Novo Testamento. O objetivo nessa parte do livro n\u00e3o \u00e9 dar o significado dessa sequ\u00eancia de ideias, mas somente apresent\u00e1-la. Na medida em que a divis\u00e3o em cap\u00edtulos contribuir para se alcan\u00e7ar esse objetivo, ela ajuda o estudante da B\u00edblia a aprender os conte\u00fados de cada livro do Novo Testamento com base nos cap\u00edtulos. A parte da s\u00edntese destaca os vers\u00edculos-chave que fazem parte do conhecimento b\u00edblico b\u00e1sico. O leitor deve sublinhar esses vers\u00edculos na sua B\u00edblia e tamb\u00e9m memoriz\u00e1-los com a respectiva refer\u00eancia. Al\u00e9m disso, nessa s\u00edntese ainda foram formuladas algumas afirma\u00e7\u00f5es-chave para cada escrito do Novo Testamento. Isso contribuir\u00e1 para que o conte\u00fado de cada escrito possa ser melhor fixado na mente do estudante.<br \/>\nA introdu\u00e7\u00e3o trata os livros b\u00edblicos como documentos antigos. Ela tenta responder a perguntas sobre o autor, a data e o local em que foram escritos. Procura elucidar, at\u00e9 onde \u00e9 poss\u00edvel, o contexto e fundo hist\u00f3rico dos escritos. Examina as caracter\u00edsticas liter\u00e1rias dos livros: Que \u00e9 um evangelho? Existe no mundo antigo algo compar\u00e1vel a Atos dos Ap\u00f3stolos? A que tipo de correspond\u00eancia pertencem as cartas do Novo Testamento? O que o Apocalipse de Jo\u00e3o tem em comum com apocalipses semelhantes do contexto judaico da \u00e9poca? Na medida em que, em rela\u00e7\u00e3o aos livros b\u00edblicos, informa\u00e7\u00f5es de fontes escritas ou orais foram processadas, a introdu\u00e7\u00e3o tenta estabelecer a rela\u00e7\u00e3o entre as fontes e a forma final do texto b\u00edblico. Nos trechos em que observa\u00e7\u00f5es sobre esse aspecto se fizerem necess\u00e1rias, estas ser\u00e3o encontradas na parte intitulada ? Unidade?. Acima de tudo, o que interessa \u00e9 descrever o objetivo teol\u00f3gico, isto \u00e9, a mensagem de cada escrito b\u00edblico.<\/p>\n<p>Em todos esses escritos existe um tema central: Deus se volta \u00e0 humanidade por meio de Jesus Cristo. Esse tema \u00e9 extremamente atual numa \u00e9poca em que o homem est\u00e1 sufocando seus problemas e j\u00e1 n\u00e3o consegue se salvar somente com a sua intelig\u00eancia. Nada \u00e9 t\u00e3o urgente hoje como o encontro do ser humano com Deus, que se aproximou de n\u00f3s por meio de Jesus Cristo. Os escritos do NT t\u00eam como objetivo levar os seus leitores a esse encontro.<\/p>\n","protected":false},"excerpt":{"rendered":"<p>Este livro pretende ser duas coisas: s\u00edntese e introdu\u00e7\u00e3o. Que querem dizer esses conceitos? A s\u00edntese apresenta o conte\u00fado dos&hellip;<\/p>\n","protected":false},"featured_media":313769,"comment_status":"open","ping_status":"closed","template":"","meta":[],"product_cat":[161,134],"product_tag":[],"_links":{"self":[{"href":"https:\/\/www.livrariarema.com.br\/loja\/wp-json\/wp\/v2\/product\/250027"}],"collection":[{"href":"https:\/\/www.livrariarema.com.br\/loja\/wp-json\/wp\/v2\/product"}],"about":[{"href":"https:\/\/www.livrariarema.com.br\/loja\/wp-json\/wp\/v2\/types\/product"}],"replies":[{"embeddable":true,"href":"https:\/\/www.livrariarema.com.br\/loja\/wp-json\/wp\/v2\/comments?post=250027"}],"wp:featuredmedia":[{"embeddable":true,"href":"https:\/\/www.livrariarema.com.br\/loja\/wp-json\/wp\/v2\/media\/313769"}],"wp:attachment":[{"href":"https:\/\/www.livrariarema.com.br\/loja\/wp-json\/wp\/v2\/media?parent=250027"}],"wp:term":[{"taxonomy":"product_cat","embeddable":true,"href":"https:\/\/www.livrariarema.com.br\/loja\/wp-json\/wp\/v2\/product_cat?post=250027"},{"taxonomy":"product_tag","embeddable":true,"href":"https:\/\/www.livrariarema.com.br\/loja\/wp-json\/wp\/v2\/product_tag?post=250027"}],"curies":[{"name":"wp","href":"https:\/\/api.w.org\/{rel}","templated":true}]}}