{"id":250032,"date":"2023-08-26T11:04:38","date_gmt":"2023-08-26T14:04:38","guid":{"rendered":"https:\/\/www.livrariarema.com.br\/loja\/produtos\/sem%20categoria\/eu-vi-deus-dr-klaus-dieter-john\/"},"modified":"2025-08-20T13:30:06","modified_gmt":"2025-08-20T16:30:06","slug":"eu-vi-deus-dr-klaus-dieter-john","status":"publish","type":"product","link":"https:\/\/www.livrariarema.com.br\/loja\/produtos\/livros\/biografia\/eu-vi-deus-dr-klaus-dieter-john\/","title":{"rendered":"Eu Vi Deus &#8211; Dr. Klaus-Dieter John"},"content":{"rendered":"<p>Com a mochila nas costas, o casal John embarcou para uma viagem tur\u00edstica ao Peru nos anos 1990.<br \/>\nConsternados e comovidos com as p\u00e9ssimas condi\u00e7\u00f5es humanit\u00e1rias e sociais em que viviam os habitantes da cidade, estes m\u00e9dicos decidiram construir um hospital moderno para oferecer o melhor tratamento m\u00e9dico e, por sua vez, amor e respeito pelos mais pobres.<br \/>\nMas com que dinheiro? O \u00fanico capital que o casal John tinha era a pr\u00f3pria f\u00e9. Com a ajuda de Deus e o apoio de muitos colaboradores de todo o mundo existe hoje, nos Andes do Peru, o Hospital Diopsi Suyana, que traduzido para o portugu\u00eas significa: &#8220;N\u00f3s confiamos em Deus&#8221;.<\/p>\n<p>&#8220;Imposs\u00edvel n\u00e3o acreditar em milagres depois de ouvir a hist\u00f3ria de Klaus John e sua fam\u00edlia. \u00c9 inadmiss\u00edvel n\u00e3o se empolgar com cada palavra, com cada anedota, com toda a jornada que esse m\u00e9dico alem\u00e3o fez com sua esposa, Martina, e seus tr\u00eas filhos, tudo por um sonho: construir um hospital para os mais necessitados&#8221;.<br \/>\nJornal O com\u00e9rcio, do Peru<\/p>\n<p>&#8220;Deus usou o casal John como sua m\u00e3o direita!&#8221;.<br \/>\nPilar Nores de Garc\u00eda \/ Primeira Dama do Peru (1985 &#8211; 1990 e 2006 &#8211; 2011)<\/p>\n<p>Sobre o autor<br \/>\nKlaus-Dieter John nasceu em 1960 na cidade alem\u00e3 de Wiesbaden. Desde pequeno leu as aventuras do m\u00e9dico das selvas Dr. Paul White e sustentou o sonho de se tornar tamb\u00e9m um profissional da sa\u00fade fora da Alemanha. Come\u00e7ou seus estudos de medicina em 1978 na Universidade Johannes Gutenberg em Mainz, Alemanha e ao longo de sua carreira acad\u00eamica se especializou em cirurgias passando pelas universidades de Harvard, Yale, Joanesburgo e Berlim. Casou-se em 1987 com a tamb\u00e9m m\u00e9dica Martina e tem tr\u00eas filhos: Natalie, Dominik e Florian (todos nascidos em continentes diferentes). Fundou com a ajuda de volunt\u00e1rios e sua esposa o hospital mission\u00e1rio Diospi Suyana no Peru, onde atuam at\u00e9 hoje.<\/p>\n","protected":false},"excerpt":{"rendered":"<p>Com a mochila nas costas, o casal John embarcou para uma viagem tur\u00edstica ao Peru nos anos 1990. Consternados e&hellip;<\/p>\n","protected":false},"featured_media":335771,"comment_status":"open","ping_status":"closed","template":"","meta":[],"product_cat":[181,134],"product_tag":[],"_links":{"self":[{"href":"https:\/\/www.livrariarema.com.br\/loja\/wp-json\/wp\/v2\/product\/250032"}],"collection":[{"href":"https:\/\/www.livrariarema.com.br\/loja\/wp-json\/wp\/v2\/product"}],"about":[{"href":"https:\/\/www.livrariarema.com.br\/loja\/wp-json\/wp\/v2\/types\/product"}],"replies":[{"embeddable":true,"href":"https:\/\/www.livrariarema.com.br\/loja\/wp-json\/wp\/v2\/comments?post=250032"}],"wp:featuredmedia":[{"embeddable":true,"href":"https:\/\/www.livrariarema.com.br\/loja\/wp-json\/wp\/v2\/media\/335771"}],"wp:attachment":[{"href":"https:\/\/www.livrariarema.com.br\/loja\/wp-json\/wp\/v2\/media?parent=250032"}],"wp:term":[{"taxonomy":"product_cat","embeddable":true,"href":"https:\/\/www.livrariarema.com.br\/loja\/wp-json\/wp\/v2\/product_cat?post=250032"},{"taxonomy":"product_tag","embeddable":true,"href":"https:\/\/www.livrariarema.com.br\/loja\/wp-json\/wp\/v2\/product_tag?post=250032"}],"curies":[{"name":"wp","href":"https:\/\/api.w.org\/{rel}","templated":true}]}}