{"id":250034,"date":"2023-08-26T11:04:43","date_gmt":"2023-08-26T14:04:43","guid":{"rendered":"https:\/\/www.livrariarema.com.br\/loja\/produtos\/sem%20categoria\/carinho-gary-thomas\/"},"modified":"2026-03-26T15:33:44","modified_gmt":"2026-03-26T18:33:44","slug":"carinho-gary-thomas","status":"publish","type":"product","link":"https:\/\/www.livrariarema.com.br\/loja\/produtos\/livros\/casamento\/carinho-gary-thomas\/","title":{"rendered":"Carinho &#8211; Gary Thomas"},"content":{"rendered":"<p>Uma pequena palavra que muda tudo em seu casamento <br \/>\nTodo mundo deseja ser amado, e principalmente ser amada como Ef\u00e9sios 5, mas para isso acontecer n\u00e3o podemos passar vinte quatro horas sequer sem buscar a Deus para sermos amados, aceitos e afirmados, ou ficaremos sem amor para dar. Quando o Apostolo Paulo diz em na carta para igreja de \u00c9feso 5:18, para sermos cheios do Esp\u00edrito, no idioma Original, ele est\u00e1 dizendo: &#8220;Deixe-se encher continuamente&#8221;. \u00c9 uma ordem para deixar que Deus nos continue enchendo dele mesmo o tempo todo.<\/p>\n<p>O Gary vem mostrar, assim que come\u00e7amos a viver por conta pr\u00f3pria, tentando amar com nossas pr\u00f3prias for\u00e7as, desligamos o motor do &#8220;carinho&#8221; e come\u00e7amos a andar no ponto morto. Parar \u00e9 s\u00f3 quest\u00e3o de tempo.<\/p>\n<p>Este livro te ajudar\u00e1:<\/p>\n<p>A amar e cuidar um do outro;<br \/>\nA honrar o seu c\u00f4njuge;<br \/>\nTornar a noiva mais linda;<br \/>\nO poder b\u00edblico para continuar cuidando, entre outras li\u00e7\u00f5es&#8230;<\/p>\n<p>Toda pessoa casada deseja amar e cuidar bem de seu c\u00f4njuge. A maioria de n\u00f3s tem uma no\u00e7\u00e3o do que significa amar bem. Poucos de n\u00f3s t\u00eam uma vis\u00e3o do que significa ter carinho por seu c\u00f4njuge. Gary Thomas pinta um v\u00edvido retrato do que significa realmente cuidar de outro ser humano. Esse livro revela novos caminhos para desenvolver um casamento saud\u00e1vel, din\u00e2mico e revigorante &#8211; Dr. Kevin G. Harney<br \/>\nN\u00e3o h\u00e1 nada mais lindo do que estar em um relacionamento com algu\u00e9m que deveria amar voc\u00ea&#8230; e realmente ama. Carinho nos ajuda a descobrir aquele ponto doce e feliz no casamento. &#8211; Dr. Tim Clinton<\/p>\n<p>&#8220;Toda pessoa casada deseja amar e cuidar bem de seu c\u00f4njuge. A maioria de n\u00f3s tem uma no\u00e7\u00e3o do que significa amar bem. Poucos de n\u00f3s t\u00eam uma vis\u00e3o do que significa ter carinho por seu c\u00f4njuge. Gary Thomas pinta um v\u00edvido retrato do que significa realmente cuidar de outro ser humano. Esse livro revela novos caminhos para desenvolver um casamento saud\u00e1vel, din\u00e2mico e revigorante.&#8221;<br \/>\nDr. Kevin G. Harney, pastor, autor e fundador do Organic Outreach International.<\/p>\n<p>&#8220;N\u00e3o h\u00e1 nada mais lindo do que estar em um relacionamento com algu\u00e9m que deveria amar voc\u00ea. e realmente ama. Carinho nos ajuda a descobrir aquele ponto doce e feliz no casamento.&#8221;<br \/>\nDr. Tim Clinton, presidente da Associa\u00e7\u00e3o Americana de Conselheiros Crist\u00e3os<\/p>\n","protected":false},"excerpt":{"rendered":"<p>Uma pequena palavra que muda tudo em seu casamento Todo mundo deseja ser amado, e principalmente ser amada como Ef\u00e9sios&hellip;<\/p>\n","protected":false},"featured_media":346764,"comment_status":"open","ping_status":"closed","template":"","meta":[],"product_cat":[155,134],"product_tag":[],"_links":{"self":[{"href":"https:\/\/www.livrariarema.com.br\/loja\/wp-json\/wp\/v2\/product\/250034"}],"collection":[{"href":"https:\/\/www.livrariarema.com.br\/loja\/wp-json\/wp\/v2\/product"}],"about":[{"href":"https:\/\/www.livrariarema.com.br\/loja\/wp-json\/wp\/v2\/types\/product"}],"replies":[{"embeddable":true,"href":"https:\/\/www.livrariarema.com.br\/loja\/wp-json\/wp\/v2\/comments?post=250034"}],"wp:featuredmedia":[{"embeddable":true,"href":"https:\/\/www.livrariarema.com.br\/loja\/wp-json\/wp\/v2\/media\/346764"}],"wp:attachment":[{"href":"https:\/\/www.livrariarema.com.br\/loja\/wp-json\/wp\/v2\/media?parent=250034"}],"wp:term":[{"taxonomy":"product_cat","embeddable":true,"href":"https:\/\/www.livrariarema.com.br\/loja\/wp-json\/wp\/v2\/product_cat?post=250034"},{"taxonomy":"product_tag","embeddable":true,"href":"https:\/\/www.livrariarema.com.br\/loja\/wp-json\/wp\/v2\/product_tag?post=250034"}],"curies":[{"name":"wp","href":"https:\/\/api.w.org\/{rel}","templated":true}]}}