{"id":250036,"date":"2023-08-26T11:05:06","date_gmt":"2023-08-26T14:05:06","guid":{"rendered":"https:\/\/www.livrariarema.com.br\/loja\/produtos\/sem categoria\/serie-mergulho-missional-os-atos-dos-apostolos-sherron-k-george-e-timoteo-carriker\/"},"modified":"2024-10-22T10:14:03","modified_gmt":"2024-10-22T13:14:03","slug":"serie-mergulho-missional-os-atos-dos-apostolos-sherron-k-george-e-timoteo-carriker","status":"publish","type":"product","link":"https:\/\/www.livrariarema.com.br\/loja\/produtos\/livros\/estudo-biblico\/serie-mergulho-missional-os-atos-dos-apostolos-sherron-k-george-e-timoteo-carriker\/","title":{"rendered":"S\u00e9rie Mergulho Missional &#8211; Os Atos Dos Apostolos &#8211; Sherron K. George E Tim\u00f3teo Carriker"},"content":{"rendered":"<p>Acompanhe o mover do Esp\u00edrito que come\u00e7ou em Jerusal\u00e9m com 120 homens e mulheres no dia de Pentecostes, resultou no nascimento da igreja, convers\u00f5es, vidas e estruturas transformadas. Inspiramo-nos com Pedro, Est\u00eav\u00e3o, o et\u00edope, Corn\u00e9lio, Maria, a m\u00e3e de Jo\u00e3o Marcos, Paulo, Barnab\u00e9, Silas, L\u00eddia, Priscila e \u00c1quila. Uma nova comunidade solid\u00e1ria, evangel\u00edstica, ensinadora e prof\u00e9tica, que expandiu-se por toda a Judeia e Samaria, entre os povos gentios e finalmente at\u00e9 a capital do Imp\u00e9rio, Roma. Entre na hist\u00f3ria!<Br><br \/>\n<Br><br \/>\nSherron Kay George \u00e9 Doutora em Minist\u00e9rios e pastora da Igreja Presbiteriana. Como mission\u00e1ria, trabalhou com a Igreja Presbiteriana do Brasil e a Igreja Presbiteriana Independente do Brasil na Miss\u00e3o Caiu\u00e1 e como Professora de Missiologia e Educa\u00e7\u00e3o Crist\u00e3 no semin\u00e1rio da IPIB, em Londrina\/PR, e da IPB, em Campinas\/SP. \u00c9 autora de mais de uma d\u00fazia de t\u00edtulos em portugu\u00eas, espanhol e ingl\u00eas e contribuiu com notas missiol\u00f3gicas e reflex\u00f5es para a B\u00edblia Mission\u00e1ria de Estudo (SBB). Reside em Curitiba\/PR.<Br><br \/>\n<Br><br \/>\nTim\u00f3teo Carriker \u00e9 estadunidense naturalizado no Brasil em 2002. \u00c9 Bacharel em Ci\u00eancias da Religi\u00e3o, Mestre em Divindade, Missiologia e Ph.D. em Estudos Interculturais. Foi enviado como mission\u00e1rio da Igreja Presbiteriana do Sul (dos EUA) e trabalhou como plantador de igrejas no Brasil, educador de diversos cursos de gradua\u00e7\u00e3o e p\u00f3s-gradua\u00e7\u00e3o da Igreja Presbiteriana do Brasil. \u00c9 autor de 19 livros e muitos artigos acad\u00eamicos, editor de mais 11 volumes, inclusive da B\u00edblia Mission\u00e1ria de Estudo em portugu\u00eas. Nunca deixou as atividades pastorais at\u00e9 a sua jubila\u00e7\u00e3o em 2019. \u00c9 casado com Marta, tem tr\u00eas filhos e tr\u00eas netos.<Br><\/p>\n","protected":false},"excerpt":{"rendered":"<p>Acompanhe o mover do Esp\u00edrito que come\u00e7ou em Jerusal\u00e9m com 120 homens e mulheres no dia de Pentecostes, resultou no&hellip;<\/p>\n","protected":false},"featured_media":320848,"comment_status":"open","ping_status":"closed","template":"","meta":[],"product_cat":[161,134],"product_tag":[],"_links":{"self":[{"href":"https:\/\/www.livrariarema.com.br\/loja\/wp-json\/wp\/v2\/product\/250036"}],"collection":[{"href":"https:\/\/www.livrariarema.com.br\/loja\/wp-json\/wp\/v2\/product"}],"about":[{"href":"https:\/\/www.livrariarema.com.br\/loja\/wp-json\/wp\/v2\/types\/product"}],"replies":[{"embeddable":true,"href":"https:\/\/www.livrariarema.com.br\/loja\/wp-json\/wp\/v2\/comments?post=250036"}],"wp:featuredmedia":[{"embeddable":true,"href":"https:\/\/www.livrariarema.com.br\/loja\/wp-json\/wp\/v2\/media\/320848"}],"wp:attachment":[{"href":"https:\/\/www.livrariarema.com.br\/loja\/wp-json\/wp\/v2\/media?parent=250036"}],"wp:term":[{"taxonomy":"product_cat","embeddable":true,"href":"https:\/\/www.livrariarema.com.br\/loja\/wp-json\/wp\/v2\/product_cat?post=250036"},{"taxonomy":"product_tag","embeddable":true,"href":"https:\/\/www.livrariarema.com.br\/loja\/wp-json\/wp\/v2\/product_tag?post=250036"}],"curies":[{"name":"wp","href":"https:\/\/api.w.org\/{rel}","templated":true}]}}