{"id":250038,"date":"2023-08-26T11:05:11","date_gmt":"2023-08-26T14:05:11","guid":{"rendered":"https:\/\/www.livrariarema.com.br\/loja\/produtos\/sem%20categoria\/comentario-esperanca-nt-carta-aos-hebreus-fritz-laubach\/"},"modified":"2024-09-04T14:00:19","modified_gmt":"2024-09-04T17:00:19","slug":"comentario-esperanca-nt-carta-aos-hebreus-fritz-laubach","status":"publish","type":"product","link":"https:\/\/www.livrariarema.com.br\/loja\/produtos\/livros\/comentario-biblico\/comentario-esperanca-nt-carta-aos-hebreus-fritz-laubach\/","title":{"rendered":"Coment\u00e1rio Esperan\u00e7a &#8211; Nt &#8211; Carta Aos Hebreus &#8211; Fritz Laubach"},"content":{"rendered":"<p>Coment\u00e1rio Esperan\u00e7a do Novo Testamento &#8211; Carta aos Hebreus &#8211; traduzido do idioma alem\u00e3o: Wuppertaler Studienbibel NT.<\/p>\n<p>Com uma cuidadosa tradu\u00e7\u00e3o do grego, Dr. Fritz Laubach apresenta as rela\u00e7\u00f5es entre o Antigo e o Novo Testamentos em seu coment\u00e1rio a Carta aos Hebreus. Com cita\u00e7\u00f5es e refer\u00eancias dos Salmos, o autor comenta a rela\u00e7\u00e3o de Israel e da Igreja na hist\u00f3ria da salva\u00e7\u00e3o. Al\u00e9m da Sabedoria, ele tamb\u00e9m elucida a interpreta\u00e7\u00e3o apost\u00f3lica da Lei e dos Profetas presente nesta Carta. Dr. Fritz descreve a vida em Cristo n\u00e3o apenas com proximidade, aux\u00edlio e prote\u00e7\u00e3o de Deus, mas tamb\u00e9m com sacrif\u00edcio, afli\u00e7\u00e3o e tribula\u00e7\u00f5es. Hebreus enaltece a gl\u00f3ria de Cristo com argumentos estruturados de modo bastante heterog\u00eaneo. Contudo, seu objetivo \u00e9 uma leitura fiel da B\u00edblia ouvindo espiritualmente seu encorajamento \u00e0 f\u00e9 para a &#8220;voca\u00e7\u00e3o celestial&#8221; dos filhos de Deus.<\/p>\n<p>Dr. Fritz Laubach formou-se em teologia em Marburg e T\u00fcbingen (Alemanha). Trabalhou como secret\u00e1rio itinerante da Miss\u00e3o entre Universit\u00e1rios na Alemanha (SMD). Fez seu doutorado em T\u00fcbingen. Docente no Semin\u00e1rio Teol\u00f3gico das Igrejas Evang\u00e9licas Livres, na Alemanha, dirigiu, por vinte anos, a obra diaconal Elim, em Hamburgo. Entre 1984 e 1991 exerceu a presid\u00eancia da Alian\u00e7a Evang\u00e9lica Alem\u00e3.<\/p>\n<p>&#8220;Os coment\u00e1rios Esperan\u00e7a s\u00e3o uma ferramenta indispens\u00e1vel para quem estuda seriamente a B\u00edblia. Elaborados dentro da renomada tradi\u00e7\u00e3o da pesquisa teol\u00f3gica alem\u00e3, tendo como autores nomes de peso como Werner de Boor e Fritz Rienecker, a s\u00e9rie \u00e9 \u00fatil para o estudioso, o pregador e o pastor, principalmente, por praticar uma hermen\u00eautica de afirma\u00e7\u00e3o do texto b\u00edblico e de sua autoridade para a Igreja.&#8221;<br \/>\nLuiz Say\u00e3o &#8211; Professor, hebraista, escritor, tradutor da B\u00edblia e editor do programa &#8220;Rota 66&#8221; da RTM &#8211; R\u00e1dio TransMundial.<\/p>\n","protected":false},"excerpt":{"rendered":"<p>Coment\u00e1rio Esperan\u00e7a do Novo Testamento &#8211; Carta aos Hebreus &#8211; traduzido do idioma alem\u00e3o: Wuppertaler Studienbibel NT. Com uma cuidadosa&hellip;<\/p>\n","protected":false},"featured_media":313733,"comment_status":"open","ping_status":"closed","template":"","meta":[],"product_cat":[164,134],"product_tag":[],"_links":{"self":[{"href":"https:\/\/www.livrariarema.com.br\/loja\/wp-json\/wp\/v2\/product\/250038"}],"collection":[{"href":"https:\/\/www.livrariarema.com.br\/loja\/wp-json\/wp\/v2\/product"}],"about":[{"href":"https:\/\/www.livrariarema.com.br\/loja\/wp-json\/wp\/v2\/types\/product"}],"replies":[{"embeddable":true,"href":"https:\/\/www.livrariarema.com.br\/loja\/wp-json\/wp\/v2\/comments?post=250038"}],"wp:featuredmedia":[{"embeddable":true,"href":"https:\/\/www.livrariarema.com.br\/loja\/wp-json\/wp\/v2\/media\/313733"}],"wp:attachment":[{"href":"https:\/\/www.livrariarema.com.br\/loja\/wp-json\/wp\/v2\/media?parent=250038"}],"wp:term":[{"taxonomy":"product_cat","embeddable":true,"href":"https:\/\/www.livrariarema.com.br\/loja\/wp-json\/wp\/v2\/product_cat?post=250038"},{"taxonomy":"product_tag","embeddable":true,"href":"https:\/\/www.livrariarema.com.br\/loja\/wp-json\/wp\/v2\/product_tag?post=250038"}],"curies":[{"name":"wp","href":"https:\/\/api.w.org\/{rel}","templated":true}]}}