{"id":250040,"date":"2023-08-26T11:05:18","date_gmt":"2023-08-26T14:05:18","guid":{"rendered":"https:\/\/www.livrariarema.com.br\/loja\/produtos\/sem%20categoria\/reconciliando-todas-as-coisas-emmanuel-katongole-chris-rice\/"},"modified":"2024-09-04T13:44:03","modified_gmt":"2024-09-04T16:44:03","slug":"reconciliando-todas-as-coisas-emmanuel-katongole-chris-rice","status":"publish","type":"product","link":"https:\/\/www.livrariarema.com.br\/loja\/produtos\/livros\/vida-crista\/reconciliando-todas-as-coisas-emmanuel-katongole-chris-rice\/","title":{"rendered":"Reconciliando Todas As Coisas &#8211; Emmanuel Katongole &amp; Chris Rice"},"content":{"rendered":"<p>Nosso mundo est\u00e1 corrompido por crise geopol\u00edtica, guerras, conflitos \u00e9tnicos e tribais, fam\u00edlias desajustadas e crian\u00e7as traumatizadas, explora\u00e7\u00e3o e degrada\u00e7\u00e3o do meio ambiente. As sociedades est\u00e3o divididas nas quest\u00f5es de classe, religi\u00e3o, pol\u00edtica, poder socioecon\u00f4mico, ra\u00e7a e acesso a recursos. Na\u00e7\u00f5es continuam a enfrentar as atrocidades da escravid\u00e3o, explora\u00e7\u00e3o e genoc\u00eddio. Resumindo, nosso mundo clama por reconcilia\u00e7\u00e3o.<br \/>\nO que torna a real reconcilia\u00e7\u00e3o poss\u00edvel? Como algumas pessoas s\u00e3o capazes de perdoar os mais terr\u00edveis dos males? Que papel Deus representa nessas hist\u00f3rias?<br \/>\nOs autores prop\u00f5em uma vis\u00e3o b\u00edblica, transformadora e hol\u00edstica da reconcilia\u00e7\u00e3o, a partir de recursos da hist\u00f3ria crist\u00e3 e de suas pr\u00f3prias experi\u00eancias individuais em Uganda e no Mississipi. Seu objetivo \u00e9 ajudar a igreja a ser sinal e agente da reconcilia\u00e7\u00e3o do amor de Deus no mundo dividido do s\u00e9culo XXI.<\/p>\n<p>&#8220;Dada a quantidade de seres humanos que deixam as coisas desmoronarem, este recurso \u00e9 precioso para indiv\u00edduos, grupos e institui\u00e7\u00f5es. Existe um futuro para n\u00f3s se n\u00e3o aprendermos exatamente como curar e reconciliar?&#8221;<br \/>\nRichard Rohr &#8211; Center for Action and Contemplation.<\/p>\n","protected":false},"excerpt":{"rendered":"<p>Nosso mundo est\u00e1 corrompido por crise geopol\u00edtica, guerras, conflitos \u00e9tnicos e tribais, fam\u00edlias desajustadas e crian\u00e7as traumatizadas, explora\u00e7\u00e3o e degrada\u00e7\u00e3o&hellip;<\/p>\n","protected":false},"featured_media":313727,"comment_status":"open","ping_status":"closed","template":"","meta":[],"product_cat":[134,137],"product_tag":[],"_links":{"self":[{"href":"https:\/\/www.livrariarema.com.br\/loja\/wp-json\/wp\/v2\/product\/250040"}],"collection":[{"href":"https:\/\/www.livrariarema.com.br\/loja\/wp-json\/wp\/v2\/product"}],"about":[{"href":"https:\/\/www.livrariarema.com.br\/loja\/wp-json\/wp\/v2\/types\/product"}],"replies":[{"embeddable":true,"href":"https:\/\/www.livrariarema.com.br\/loja\/wp-json\/wp\/v2\/comments?post=250040"}],"wp:featuredmedia":[{"embeddable":true,"href":"https:\/\/www.livrariarema.com.br\/loja\/wp-json\/wp\/v2\/media\/313727"}],"wp:attachment":[{"href":"https:\/\/www.livrariarema.com.br\/loja\/wp-json\/wp\/v2\/media?parent=250040"}],"wp:term":[{"taxonomy":"product_cat","embeddable":true,"href":"https:\/\/www.livrariarema.com.br\/loja\/wp-json\/wp\/v2\/product_cat?post=250040"},{"taxonomy":"product_tag","embeddable":true,"href":"https:\/\/www.livrariarema.com.br\/loja\/wp-json\/wp\/v2\/product_tag?post=250040"}],"curies":[{"name":"wp","href":"https:\/\/api.w.org\/{rel}","templated":true}]}}