{"id":250044,"date":"2023-08-26T11:05:31","date_gmt":"2023-08-26T14:05:31","guid":{"rendered":"https:\/\/www.livrariarema.com.br\/loja\/produtos\/sem%20categoria\/sonda-me-elke-oliveira-fernandes\/"},"modified":"2024-09-04T14:00:32","modified_gmt":"2024-09-04T17:00:32","slug":"sonda-me-elke-oliveira-fernandes","status":"publish","type":"product","link":"https:\/\/www.livrariarema.com.br\/loja\/produtos\/livros\/cura-libertacao\/sonda-me-elke-oliveira-fernandes\/","title":{"rendered":"Sonda-Me &#8211; Elke Oliveira Fernandes"},"content":{"rendered":"<p>&#8220;Neste livro, a Dr\u00aa. Elke usa seus conhecimentos de psiquiatria associados a uma profunda pesquisa b\u00edblica, agradavelmente temperados com sua pr\u00f3pria experi\u00eancia de f\u00e9, para tratar tanto das emo\u00e7\u00f5es humanas quanto da pr\u00f3pria espiritualidade como conex\u00e3o com o Todo-Poderoso nos v\u00e1rios aspectos das viv\u00eancias humanas.&#8221;<br \/>\nPr. Paschoal Piragine Jr., te\u00f3logo, escritor e pastor da PIB &#8211; Primeira Igreja Batista de Curitiba\/PR.<\/p>\n<p>Existem muitas pessoas em sofrimento \u00e0 nossa volta e tantas vezes n\u00e3o percebemos. Talvez esteja acontecendo algo com voc\u00ea ou algu\u00e9m de sua fam\u00edlia que afete sua vida emocional e dificulte, inclusive, seus momentos de ora\u00e7\u00e3o e busca de Deus. E pode ser que voc\u00ea ainda n\u00e3o tenha compartilhado com outras pessoas, seja por medo, vergonha, senti mento de culpa, ou at\u00e9 por pensamentos distorcidos, como &#8220;isso s\u00f3 acontece comigo&#8221;, &#8220;ningu\u00e9m vai me entender&#8221; ou &#8220;acho que meu caso n\u00e3o tem jeito mesmo&#8221;.<br \/>\nEnquanto l\u00ea este livro, voc\u00ea perceber\u00e1 que a Palavra de Deus nos ensina sobre nossas emo\u00e7\u00f5es e pensamentos e nos d\u00e1 dire\u00e7\u00f5es claras sobre como lidar com as dores da alma. Precisamos estar atentos e dispon\u00edveis para essa caminhada de restaura\u00e7\u00e3o, pois, algumas vezes, Deus nos solicita mudan\u00e7as de postura ou tomadas de decis\u00f5es e atitudes que temos adiado.<br \/>\nCorpo, alma e esp\u00edrito constituem o ser humano e est\u00e3o intimamente relacionados entre si. Falar sobre cada uma dessas partes de maneira individualizada facilita o entendimento do processo de restaura\u00e7\u00e3o e santifica\u00e7\u00e3o.<br \/>\nA autora<\/p>\n","protected":false},"excerpt":{"rendered":"<p>&#8220;Neste livro, a Dr\u00aa. Elke usa seus conhecimentos de psiquiatria associados a uma profunda pesquisa b\u00edblica, agradavelmente temperados com sua&hellip;<\/p>\n","protected":false},"featured_media":313735,"comment_status":"open","ping_status":"closed","template":"","meta":[],"product_cat":[157,134],"product_tag":[],"_links":{"self":[{"href":"https:\/\/www.livrariarema.com.br\/loja\/wp-json\/wp\/v2\/product\/250044"}],"collection":[{"href":"https:\/\/www.livrariarema.com.br\/loja\/wp-json\/wp\/v2\/product"}],"about":[{"href":"https:\/\/www.livrariarema.com.br\/loja\/wp-json\/wp\/v2\/types\/product"}],"replies":[{"embeddable":true,"href":"https:\/\/www.livrariarema.com.br\/loja\/wp-json\/wp\/v2\/comments?post=250044"}],"wp:featuredmedia":[{"embeddable":true,"href":"https:\/\/www.livrariarema.com.br\/loja\/wp-json\/wp\/v2\/media\/313735"}],"wp:attachment":[{"href":"https:\/\/www.livrariarema.com.br\/loja\/wp-json\/wp\/v2\/media?parent=250044"}],"wp:term":[{"taxonomy":"product_cat","embeddable":true,"href":"https:\/\/www.livrariarema.com.br\/loja\/wp-json\/wp\/v2\/product_cat?post=250044"},{"taxonomy":"product_tag","embeddable":true,"href":"https:\/\/www.livrariarema.com.br\/loja\/wp-json\/wp\/v2\/product_tag?post=250044"}],"curies":[{"name":"wp","href":"https:\/\/api.w.org\/{rel}","templated":true}]}}