{"id":250050,"date":"2023-08-26T11:05:51","date_gmt":"2023-08-26T14:05:51","guid":{"rendered":"https:\/\/www.livrariarema.com.br\/loja\/produtos\/sem categoria\/explorer-vida-devocional-maria-de-rodriguez\/"},"modified":"2026-01-26T13:21:06","modified_gmt":"2026-01-26T16:21:06","slug":"explorer-vida-devocional-maria-de-rodriguez","status":"publish","type":"product","link":"https:\/\/www.livrariarema.com.br\/loja\/produtos\/livros\/devocional\/explorer-vida-devocional-maria-de-rodriguez\/","title":{"rendered":"Explorer Vida &#8211; Devocional &#8211; Maria De Rodr\u00edguez"},"content":{"rendered":"<p>Eu nunca pensei que fosse encontrar em um devocion\u00e1rio reflex\u00f5es b\u00edblicas que me levassem \u00e0 pr\u00e1tica e principalmente que ele me fornecesse desafios e informa\u00e7\u00f5es importantes sobre o que devo orar diariamente, ao mesmo tempo que incendiasse mais e mais o meu cora\u00e7\u00e3o pela obra mission\u00e1ria! <br \/>\nN\u00e3o tenho d\u00favidas de que o Explorer \u00e9 uma ferramenta para edifica\u00e7\u00e3o pessoal e que ir\u00e1 desafiar o seu leitor para uma vida pr\u00e1tica e mission\u00e1ria. <br \/>\nO Explorer ir\u00e1 encoraj\u00e1-lo a partir de uma reflex\u00e3o b\u00edblica, e atrav\u00e9s de uma vis\u00e3o global da miss\u00e3o de Deus, a orar e aplicar os ensinamentos de Cristo diariamente em sua vida. \u00c9 por isso que recomendo sua leitura di\u00e1ria.<br \/>\nPr. Cleber Campos &#8211; Presidente Miss\u00e3o Pr\u00f3SERT\u00c3O<\/p>\n","protected":false},"excerpt":{"rendered":"<p>Eu nunca pensei que fosse encontrar em um devocion\u00e1rio reflex\u00f5es b\u00edblicas que me levassem \u00e0 pr\u00e1tica e principalmente que ele&hellip;<\/p>\n","protected":false},"featured_media":343068,"comment_status":"open","ping_status":"closed","template":"","meta":[],"product_cat":[158,134],"product_tag":[],"_links":{"self":[{"href":"https:\/\/www.livrariarema.com.br\/loja\/wp-json\/wp\/v2\/product\/250050"}],"collection":[{"href":"https:\/\/www.livrariarema.com.br\/loja\/wp-json\/wp\/v2\/product"}],"about":[{"href":"https:\/\/www.livrariarema.com.br\/loja\/wp-json\/wp\/v2\/types\/product"}],"replies":[{"embeddable":true,"href":"https:\/\/www.livrariarema.com.br\/loja\/wp-json\/wp\/v2\/comments?post=250050"}],"wp:featuredmedia":[{"embeddable":true,"href":"https:\/\/www.livrariarema.com.br\/loja\/wp-json\/wp\/v2\/media\/343068"}],"wp:attachment":[{"href":"https:\/\/www.livrariarema.com.br\/loja\/wp-json\/wp\/v2\/media?parent=250050"}],"wp:term":[{"taxonomy":"product_cat","embeddable":true,"href":"https:\/\/www.livrariarema.com.br\/loja\/wp-json\/wp\/v2\/product_cat?post=250050"},{"taxonomy":"product_tag","embeddable":true,"href":"https:\/\/www.livrariarema.com.br\/loja\/wp-json\/wp\/v2\/product_tag?post=250050"}],"curies":[{"name":"wp","href":"https:\/\/api.w.org\/{rel}","templated":true}]}}