{"id":250054,"date":"2023-08-26T11:06:03","date_gmt":"2023-08-26T14:06:03","guid":{"rendered":"https:\/\/www.livrariarema.com.br\/loja\/produtos\/sem%20categoria\/nosso-silencio-culpado-john-stott\/"},"modified":"2025-01-27T10:22:29","modified_gmt":"2025-01-27T13:22:29","slug":"nosso-silencio-culpado-john-stott","status":"publish","type":"product","link":"https:\/\/www.livrariarema.com.br\/loja\/produtos\/livros\/teologia\/nosso-silencio-culpado-john-stott\/","title":{"rendered":"Nosso Sil\u00eancio Culpado &#8211; John Stott"},"content":{"rendered":"<p>Em uma \u00e9poca em que a miss\u00e3o evangel\u00edstica da Igreja nunca foi mais urgente, parece que seu empreendimento evangel\u00edstico nunca foi mais deficiente ou ineficaz. Quase se pode dizer que a Igreja contempor\u00e2nea est\u00e1 mais bem equipada para qualquer outra tarefa do que para a sua responsabilidade principal de tornar conhecido o Evangelho de Cristo e ganhar vidas para ele.<br \/>\nNeste cl\u00e1ssico da literatura crist\u00e3, o autor John Stott lista as quatro maiores causas do &#8220;nosso sil\u00eancio culpado&#8221; a respeito do evangelismo e aponta solu\u00e7\u00f5es positivas. Ele diz:<br \/>\n&#8220;Ou n\u00e3o temos nenhum incentivo relevante para tentar falar, ou n\u00e3o sabemos o que dizer, ou n\u00e3o estamos convencidos de que \u00e9 nossa tarefa, ou n\u00e3o acreditamos que faremos qualquer diferen\u00e7a, porque temos esquecido a fonte do nosso poder&#8221;.<br \/>\n&#8220;A maioria das pessoas fala demais. Alguns raramente param de falar! Por que \u00e9 ent\u00e3o que o nosso fluxo de discurso seca t\u00e3o r\u00e1pido quando a conversa deriva para a religi\u00e3o? \u00c0s vezes o nosso sil\u00eancio trai a nossa falta de convic\u00e7\u00e3o e experi\u00eancia crist\u00e3. Mas, mesmo quando temos a certeza do Evangelho e conhecemos seu poder em nossas pr\u00f3prias vidas, ainda ficarmos inibidos pelo acanhamento natural, por tabus convencionais e pelo medo do rid\u00edculo ou de uma rejei\u00e7\u00e3o. Apenas fortes e positivos incentivos nos permitir\u00e3o superar essas resist\u00eancias.&#8221;<\/p>\n<p>John Stott nascido na Inglaterra em 1921, agn\u00f3stico at\u00e9 1939, se converteu ao cristianismo evang\u00e9lico quando ouviu uma mensagem do reverendo Eric Nash. Estudou L\u00ednguas Modernas na Faculdade Trinity, de Cambridge. Foi ordenado pela Igreja Anglicana em 1945, e iniciou suas atividades como sacerdote na Igreja All Souls, em Langham Place. L\u00e1 continuou at\u00e9 se tornar pastor em\u00e9rito, em 1975. Foi capel\u00e3o da coroa brit\u00e2nica de 1959 a 1991. Stott tornou-se ainda mais conhecido depois do Pacto de Lausanne, em 1974 na Su\u00ed\u00e7a, onde foi criado um comit\u00ea mundial das igrejas evang\u00e9licas. Aclamado pelo jornal The New York Times como o &#8220;papa&#8221; dos evang\u00e9licos pelo seu imenso prest\u00edgio, Stott escreveu mais de 50 livros.<br \/>\nA sua obra mais importante, Cristianismo B\u00e1sico, vendeu mais de 2,5 milh\u00f5es de c\u00f3pias e j\u00e1 foi traduzido para mais de 60 l\u00ednguas. Billy Graham chamou John Stott de &#8220;o mais respeit\u00e1vel cl\u00e9rigo no mundo hoje&#8221;.<\/p>\n","protected":false},"excerpt":{"rendered":"<p>Em uma \u00e9poca em que a miss\u00e3o evangel\u00edstica da Igreja nunca foi mais urgente, parece que seu empreendimento evangel\u00edstico nunca&hellip;<\/p>\n","protected":false},"featured_media":325445,"comment_status":"open","ping_status":"closed","template":"","meta":[],"product_cat":[134,136],"product_tag":[],"_links":{"self":[{"href":"https:\/\/www.livrariarema.com.br\/loja\/wp-json\/wp\/v2\/product\/250054"}],"collection":[{"href":"https:\/\/www.livrariarema.com.br\/loja\/wp-json\/wp\/v2\/product"}],"about":[{"href":"https:\/\/www.livrariarema.com.br\/loja\/wp-json\/wp\/v2\/types\/product"}],"replies":[{"embeddable":true,"href":"https:\/\/www.livrariarema.com.br\/loja\/wp-json\/wp\/v2\/comments?post=250054"}],"wp:featuredmedia":[{"embeddable":true,"href":"https:\/\/www.livrariarema.com.br\/loja\/wp-json\/wp\/v2\/media\/325445"}],"wp:attachment":[{"href":"https:\/\/www.livrariarema.com.br\/loja\/wp-json\/wp\/v2\/media?parent=250054"}],"wp:term":[{"taxonomy":"product_cat","embeddable":true,"href":"https:\/\/www.livrariarema.com.br\/loja\/wp-json\/wp\/v2\/product_cat?post=250054"},{"taxonomy":"product_tag","embeddable":true,"href":"https:\/\/www.livrariarema.com.br\/loja\/wp-json\/wp\/v2\/product_tag?post=250054"}],"curies":[{"name":"wp","href":"https:\/\/api.w.org\/{rel}","templated":true}]}}