{"id":250063,"date":"2023-08-26T11:06:50","date_gmt":"2023-08-26T14:06:50","guid":{"rendered":"https:\/\/www.livrariarema.com.br\/loja\/produtos\/sem%20categoria\/comentario-esperanca-nt-carta-aos-galatas-adolf-pohl\/"},"modified":"2025-09-29T16:46:22","modified_gmt":"2025-09-29T19:46:22","slug":"comentario-esperanca-nt-carta-aos-galatas-adolf-pohl","status":"publish","type":"product","link":"https:\/\/www.livrariarema.com.br\/loja\/produtos\/livros\/comentario-biblico\/comentario-esperanca-nt-carta-aos-galatas-adolf-pohl\/","title":{"rendered":"Coment\u00e1rio Esperan\u00e7a &#8211; Nt &#8211; Carta Aos G\u00e1latas &#8211; Adolf Pohl"},"content":{"rendered":"<p>Coment\u00e1rio Esperan\u00e7a do Novo Testamento &#8211; Carta aos G\u00e1latas &#8211; traduzido do idioma alem\u00e3o: Wuppertaler Studienbibel NT.<\/p>\n<p>Nesta interpreta\u00e7\u00e3o cuidadosa da Carta aos G\u00e1latas, Adolf Pohl nos mostra a verdade do Evangelho, a partir do entendimento do significado do que causou tanta pol\u00eamica \u00e0 \u00e9poca: Os homens crist\u00e3os devem (ou n\u00e3o) se fazer circuncidar? Isto \u00e9 fundamental para discernir os ?g\u00e1latas insensatos? de hoje: Aqueles que transformam o Senhor dos senhores no segundo em import\u00e2ncia.<br \/>\nEm todos os momentos os crist\u00e3os tiveram e ainda t\u00eam de lidar com o uso pedag\u00f3gico ou did\u00e1tico (usus elenchticus) da B\u00edblia. Na Carta aos G\u00e1latas, o Ap\u00f3stolo Paulo apresenta o caminho para sair da dubiedade: &#8220;O amor espiritual n\u00e3o esconde aquilo para o que diz: N\u00e3o!&#8221; (P\u00e1g. 35).<br \/>\nNeste coment\u00e1rio, o autor nos convida a amar a mensagem da B\u00edblia inteira, a partir desta pequena parte: a Carta aos G\u00e1latas.<\/p>\n<p>Adolf Pohl, nascido em 1927, cresceu e estudou teologia em Hamburgo (Alemanha). Ap\u00f3s concluir os estudos, assumiu um trabalho pastoral na antiga Alemanha Oriental. Em seguida atuou durante dois anos como redator de publica\u00e7\u00f5es crist\u00e3s. De 1959 a 1991 foi docente nas disciplinas de Novo Testamento e Dogm\u00e1tica no Semin\u00e1rio Teol\u00f3gico em Buckow (Brandenburgo), mantido por diferentes Igrejas Evang\u00e9licas Independentes da Alemanha Oriental. Ele dirigiu, juntamente com o Dr. Werner de Boor, a s\u00e9rie Wuppertaler Studienbibel NT.<\/p>\n<p>Este coment\u00e1rio da Carta aos G\u00e1latas surgiu sob muita press\u00e3o e perigo pessoal, pois naquela \u00e9pocao Pr. Pohl n\u00e3o recebeu permiss\u00e3o das autoridades comunistas para escrev\u00ea-lo emuito menos para edit\u00e1-lo. Para produzi-lo foi necess\u00e1rio contrabandear ostextos para a Alemanha Ocidental. Apenas pela gra\u00e7a de Deus e seu cuidado que a publica\u00e7\u00e3o deste coment\u00e1rio se tornou poss\u00edvel.<\/p>\n<p>&#8220;Os coment\u00e1rios Esperan\u00e7a s\u00e3o uma ferramenta indispens\u00e1vel para quem estuda seriamente a B\u00edblia. Elaborados dentro da renomada tradi\u00e7\u00e3o da pesquisa teol\u00f3gica alem\u00e3, tendo como autores nomes de peso como Werner de Boor e Fritz Rienecker, a s\u00e9rie \u00e9 \u00fatil para o estudioso, o pregador e o pastor, principalmente, por praticar uma hermen\u00eautica de afirma\u00e7\u00e3o do texto b\u00edblico e de sua autoridade para a Igreja.&#8221;<br \/>\nLuiz Say\u00e3o &#8211; Professor, hebraista, escritor, tradutor da B\u00edblia e editor do programa &#8220;Rota 66&#8221; da RTM &#8211; R\u00e1dio TransMundial.<\/p>\n","protected":false},"excerpt":{"rendered":"<p>Coment\u00e1rio Esperan\u00e7a do Novo Testamento &#8211; Carta aos G\u00e1latas &#8211; traduzido do idioma alem\u00e3o: Wuppertaler Studienbibel NT. Nesta interpreta\u00e7\u00e3o cuidadosa&hellip;<\/p>\n","protected":false},"featured_media":338748,"comment_status":"open","ping_status":"closed","template":"","meta":[],"product_cat":[164,134],"product_tag":[],"_links":{"self":[{"href":"https:\/\/www.livrariarema.com.br\/loja\/wp-json\/wp\/v2\/product\/250063"}],"collection":[{"href":"https:\/\/www.livrariarema.com.br\/loja\/wp-json\/wp\/v2\/product"}],"about":[{"href":"https:\/\/www.livrariarema.com.br\/loja\/wp-json\/wp\/v2\/types\/product"}],"replies":[{"embeddable":true,"href":"https:\/\/www.livrariarema.com.br\/loja\/wp-json\/wp\/v2\/comments?post=250063"}],"wp:featuredmedia":[{"embeddable":true,"href":"https:\/\/www.livrariarema.com.br\/loja\/wp-json\/wp\/v2\/media\/338748"}],"wp:attachment":[{"href":"https:\/\/www.livrariarema.com.br\/loja\/wp-json\/wp\/v2\/media?parent=250063"}],"wp:term":[{"taxonomy":"product_cat","embeddable":true,"href":"https:\/\/www.livrariarema.com.br\/loja\/wp-json\/wp\/v2\/product_cat?post=250063"},{"taxonomy":"product_tag","embeddable":true,"href":"https:\/\/www.livrariarema.com.br\/loja\/wp-json\/wp\/v2\/product_tag?post=250063"}],"curies":[{"name":"wp","href":"https:\/\/api.w.org\/{rel}","templated":true}]}}