{"id":250073,"date":"2023-08-26T11:07:20","date_gmt":"2023-08-26T14:07:20","guid":{"rendered":"https:\/\/www.livrariarema.com.br\/loja\/produtos\/sem categoria\/comentario-esperanca-nt-carta-aos-tessalonicenses-timoteo-tito-e-filemom-werner-de-boor\/"},"modified":"2024-09-04T13:35:26","modified_gmt":"2024-09-04T16:35:26","slug":"comentario-esperanca-nt-carta-aos-tessalonicenses-timoteo-tito-e-filemom-werner-de-boor","status":"publish","type":"product","link":"https:\/\/www.livrariarema.com.br\/loja\/produtos\/livros\/comentario-biblico\/comentario-esperanca-nt-carta-aos-tessalonicenses-timoteo-tito-e-filemom-werner-de-boor\/","title":{"rendered":"Coment\u00e1rio Esperan\u00e7a &#8211; Nt &#8211; Carta Aos Tessalonicenses, Tim\u00f3teo, Tito E Filemom &#8211; Werner De Boor"},"content":{"rendered":"<p>Dr. Werner de Boor apresenta s\u00f3lidos argumentos para a autenticidade das cartas de 1 e 2 Tessalonicenses. Em seu coment\u00e1rio ele rebate os cr\u00edticos que afirmam que Paulo mudou os ensinamentos de Jesus. Ao tratar a \u00e9tica b\u00edblica apresentada nestas cartas, o autor mostra a rela\u00e7\u00e3o entre f\u00e9 e obras e sobre o anticristo, na 2\u00aa Carta, ele compara a diferen\u00e7a entre a verdadeira comunidade crist\u00e3 e a comunidade do falso profeta. Dr. Werner inspira uma corajosa obedi\u00eancia a Cristo, partindo da autoridade da Escritura.<br \/>\nHans B\u00fcrki comentou as Cartas Pastorais a Tim\u00f3teo, Tito e Filemom.<br \/>\nNa 1\u00aa e 2\u00aa Carta a Tim\u00f3teo ele destaca a sublime revela\u00e7\u00e3o de Deus em Cristo (doxologia), o mist\u00e9rio da piedade (1Tm 3.16) e a correla\u00e7\u00e3o entre devo\u00e7\u00e3o, doutrina e viv\u00eancia pr\u00e1tica. O autor mostra o Ap\u00f3stolo Paulo, inspirado pelo Esp\u00edrito, como defensor da ordem e minist\u00e9rio, contra as heresias. Os coment\u00e1rios desta obra visam esclarecer e animar os servos do Senhor, irradiando em suas vidas o Esp\u00edrito de Jesus, Esp\u00edrito de poder, de amor e de disciplina (2Tm 1.7).<br \/>\nEm Tito Hans B\u00fcrki defende a autoria paulina da Carta pelo Ap\u00f3stolo Paulo e mostra atrav\u00e9s da rela\u00e7\u00e3o com os destinat\u00e1rios as a\u00e7\u00f5es pastorais para o desenvolvimento saud\u00e1vel das comunidades de f\u00e9. As aplica\u00e7\u00f5es atuais das instru\u00e7\u00f5es apost\u00f3licas para a igreja, palavras aos presb\u00edteros, l\u00edderes e mulheres crist\u00e3s s\u00e3o claras nos breves 3 cap\u00edtulos e 46 vers\u00edculos deste precioso Texto Sagrado.<br \/>\nEm Filemon, a menor e \u00faltima Carta do Ap\u00f3stolo Paulo no Novo Testamento, Hans B\u00fcrki apresenta as quatro divis\u00f5es do bloco principal do texto, com destaque para a pr\u00e1tica da f\u00e9 e as express\u00f5es de fraternidade evang\u00e9lica entre os santos. O texto traz um excelente ap\u00eandice sobre a quest\u00e3o do escravismo.<br \/>\nHans B\u00fcrki localiza o ponto culminante das quatro cartas nos trechos lit\u00fargicos ou h\u00ednicos porque \u00e9 no louvor que a realidade viva de Deus \u00e9 invocada e anunciada.<\/p>\n","protected":false},"excerpt":{"rendered":"<p>Dr. Werner de Boor apresenta s\u00f3lidos argumentos para a autenticidade das cartas de 1 e 2 Tessalonicenses. Em seu coment\u00e1rio&hellip;<\/p>\n","protected":false},"featured_media":313710,"comment_status":"open","ping_status":"closed","template":"","meta":[],"product_cat":[164,134],"product_tag":[],"_links":{"self":[{"href":"https:\/\/www.livrariarema.com.br\/loja\/wp-json\/wp\/v2\/product\/250073"}],"collection":[{"href":"https:\/\/www.livrariarema.com.br\/loja\/wp-json\/wp\/v2\/product"}],"about":[{"href":"https:\/\/www.livrariarema.com.br\/loja\/wp-json\/wp\/v2\/types\/product"}],"replies":[{"embeddable":true,"href":"https:\/\/www.livrariarema.com.br\/loja\/wp-json\/wp\/v2\/comments?post=250073"}],"wp:featuredmedia":[{"embeddable":true,"href":"https:\/\/www.livrariarema.com.br\/loja\/wp-json\/wp\/v2\/media\/313710"}],"wp:attachment":[{"href":"https:\/\/www.livrariarema.com.br\/loja\/wp-json\/wp\/v2\/media?parent=250073"}],"wp:term":[{"taxonomy":"product_cat","embeddable":true,"href":"https:\/\/www.livrariarema.com.br\/loja\/wp-json\/wp\/v2\/product_cat?post=250073"},{"taxonomy":"product_tag","embeddable":true,"href":"https:\/\/www.livrariarema.com.br\/loja\/wp-json\/wp\/v2\/product_tag?post=250073"}],"curies":[{"name":"wp","href":"https:\/\/api.w.org\/{rel}","templated":true}]}}