{"id":250075,"date":"2023-08-26T11:07:26","date_gmt":"2023-08-26T14:07:26","guid":{"rendered":"https:\/\/www.livrariarema.com.br\/loja\/produtos\/sem categoria\/legado-de-mulheres-da-biblia-alcides-jucksch\/"},"modified":"2025-09-29T16:46:42","modified_gmt":"2025-09-29T19:46:42","slug":"legado-de-mulheres-da-biblia-alcides-jucksch","status":"publish","type":"product","link":"https:\/\/www.livrariarema.com.br\/loja\/produtos\/livros\/mulher\/legado-de-mulheres-da-biblia-alcides-jucksch\/","title":{"rendered":"Legado De Mulheres Da B\u00edblia &#8211; Alcides Jucksch"},"content":{"rendered":"<p>Eva, Sara, Quetura, a esposa de L\u00f3, Rebeca, Lia, Tamar, Miri\u00e3, D\u00e9bora, Dalila, Rute, Ana, Jezabel, Ester, Isabel, Maria, a profetisa Ana, Maria Madalena, Marta, L\u00eddia, Priscila&#8230;<br \/>\nQue legado as mulheres da B\u00edblia poderiam passar a nossa gera\u00e7\u00e3o?<br \/>\nO que elas teriam a ensinar a quem vive numa sociedade urbana moderna?<br \/>\nElas n\u00e3o dispunham dos recursos que nos cercam. Aos nossos olhos suas casas e cozinhas eram rudimentares. Seu guarda-roupas, prec\u00e1rio. Seu dia a dia mon\u00f3tono: limitado, sem telefone, sem shopping etc.<br \/>\nApesar destas diferen\u00e7as, as mulheres da B\u00edblia nos transmitem um legado espiritual.<br \/>\nO Pr. Alcides Jucksch mostra que temos muito a aprender da sua f\u00e9! Em sua humanidade elas aprenderam a confiar em meio a sofrimentos e afli\u00e7\u00f5es. Pela gra\u00e7a de Deus foram vitoriosas e por isto tem algo a partilhar que n\u00e3o se encontra em shopping algum&#8230;<\/p>\n","protected":false},"excerpt":{"rendered":"<p>Eva, Sara, Quetura, a esposa de L\u00f3, Rebeca, Lia, Tamar, Miri\u00e3, D\u00e9bora, Dalila, Rute, Ana, Jezabel, Ester, Isabel, Maria, a&hellip;<\/p>\n","protected":false},"featured_media":338751,"comment_status":"open","ping_status":"closed","template":"","meta":[],"product_cat":[134,170],"product_tag":[],"_links":{"self":[{"href":"https:\/\/www.livrariarema.com.br\/loja\/wp-json\/wp\/v2\/product\/250075"}],"collection":[{"href":"https:\/\/www.livrariarema.com.br\/loja\/wp-json\/wp\/v2\/product"}],"about":[{"href":"https:\/\/www.livrariarema.com.br\/loja\/wp-json\/wp\/v2\/types\/product"}],"replies":[{"embeddable":true,"href":"https:\/\/www.livrariarema.com.br\/loja\/wp-json\/wp\/v2\/comments?post=250075"}],"wp:featuredmedia":[{"embeddable":true,"href":"https:\/\/www.livrariarema.com.br\/loja\/wp-json\/wp\/v2\/media\/338751"}],"wp:attachment":[{"href":"https:\/\/www.livrariarema.com.br\/loja\/wp-json\/wp\/v2\/media?parent=250075"}],"wp:term":[{"taxonomy":"product_cat","embeddable":true,"href":"https:\/\/www.livrariarema.com.br\/loja\/wp-json\/wp\/v2\/product_cat?post=250075"},{"taxonomy":"product_tag","embeddable":true,"href":"https:\/\/www.livrariarema.com.br\/loja\/wp-json\/wp\/v2\/product_tag?post=250075"}],"curies":[{"name":"wp","href":"https:\/\/api.w.org\/{rel}","templated":true}]}}