{"id":250081,"date":"2023-08-26T11:07:43","date_gmt":"2023-08-26T14:07:43","guid":{"rendered":"https:\/\/www.livrariarema.com.br\/loja\/produtos\/sem%20categoria\/abuso-sexual-aconselhando-sobreviventes-diane-langberg\/"},"modified":"2025-07-09T10:46:39","modified_gmt":"2025-07-09T13:46:39","slug":"abuso-sexual-aconselhando-sobreviventes-diane-langberg","status":"publish","type":"product","link":"https:\/\/www.livrariarema.com.br\/loja\/produtos\/livros\/cura-libertacao\/abuso-sexual-aconselhando-sobreviventes-diane-langberg\/","title":{"rendered":"Abuso Sexual &#8211; Aconselhando Sobreviventes &#8211; Diane Langberg"},"content":{"rendered":"<p>Este livro visa ser um desafio e apoio \u00e0queles que, na comunidade crist\u00e3, trabalham com sobreviventes adultas de abuso sexual. Qualquer trabalho que se faz no campo do aconselhamento precisa ser embasado na verdade da Palavra de Deus. Cada crist\u00e3o tem o compromisso de seguir os mais elevados princ\u00edpios \u00e9ticos, servindo a seus aconselhados acima de qualquer reprova\u00e7\u00e3o. Pelo fato de que o assunto do abuso sexual e seu tratamento est\u00e3o carregados de emo\u00e7\u00e3o e de que o treinamento nesta \u00e1rea constitui um fen\u00f4meno novo, muitos se valem de pr\u00e1ticas pouco \u00e9ticas e at\u00e9 antib\u00edblicas. Com esta obra, Dra. Diane Langberg convida para uma criteriosa reflex\u00e3o e uma viv\u00eancia de compaix\u00e3o, agrad\u00e1vel a Deus, desafiando todos a &#8220;guardar firme a confiss\u00e3o da esperan\u00e7a, sem vacilar&#8221;, estimulando-nos &#8220;ao amor e \u00e0s boas obras&#8221; (Hebreus 10.23-24).<\/p>\n","protected":false},"excerpt":{"rendered":"<p>Este livro visa ser um desafio e apoio \u00e0queles que, na comunidade crist\u00e3, trabalham com sobreviventes adultas de abuso sexual.&hellip;<\/p>\n","protected":false},"featured_media":333562,"comment_status":"open","ping_status":"closed","template":"","meta":[],"product_cat":[157,134],"product_tag":[],"_links":{"self":[{"href":"https:\/\/www.livrariarema.com.br\/loja\/wp-json\/wp\/v2\/product\/250081"}],"collection":[{"href":"https:\/\/www.livrariarema.com.br\/loja\/wp-json\/wp\/v2\/product"}],"about":[{"href":"https:\/\/www.livrariarema.com.br\/loja\/wp-json\/wp\/v2\/types\/product"}],"replies":[{"embeddable":true,"href":"https:\/\/www.livrariarema.com.br\/loja\/wp-json\/wp\/v2\/comments?post=250081"}],"wp:featuredmedia":[{"embeddable":true,"href":"https:\/\/www.livrariarema.com.br\/loja\/wp-json\/wp\/v2\/media\/333562"}],"wp:attachment":[{"href":"https:\/\/www.livrariarema.com.br\/loja\/wp-json\/wp\/v2\/media?parent=250081"}],"wp:term":[{"taxonomy":"product_cat","embeddable":true,"href":"https:\/\/www.livrariarema.com.br\/loja\/wp-json\/wp\/v2\/product_cat?post=250081"},{"taxonomy":"product_tag","embeddable":true,"href":"https:\/\/www.livrariarema.com.br\/loja\/wp-json\/wp\/v2\/product_tag?post=250081"}],"curies":[{"name":"wp","href":"https:\/\/api.w.org\/{rel}","templated":true}]}}