{"id":250093,"date":"2023-08-26T11:08:18","date_gmt":"2023-08-26T14:08:18","guid":{"rendered":"https:\/\/www.livrariarema.com.br\/loja\/produtos\/sem categoria\/casamento-sagrado-gary-thomas\/"},"modified":"2026-03-26T15:33:56","modified_gmt":"2026-03-26T18:33:56","slug":"casamento-sagrado-gary-thomas","status":"publish","type":"product","link":"https:\/\/www.livrariarema.com.br\/loja\/produtos\/livros\/casamento\/casamento-sagrado-gary-thomas\/","title":{"rendered":"Casamento Sagrado &#8211; Gary Thomas"},"content":{"rendered":"<p>Este livro pode muito bem alterar profundamente os contornos do seu casamento.<br \/>\nSeu casamento \u00e9 mais do que um pacto sagrado com outra pessoa. \u00c9 uma disciplina espiritual projetada para ajud\u00e1-lo a conhecer melhor Deus, confiar nele mais plenamente e am\u00e1-lo mais profundamente. Dezenas de livros escritos oferecem orienta\u00e7\u00e3o para construir o casamento dos seus sonhos. Mas e se a inten\u00e7\u00e3o principal de Deus para o seu casamento n\u00e3o for fazer voc\u00ea feliz&#8230; Mas torn\u00e1-lo santo? E se o seu relacionamento n\u00e3o for tanto sobre voc\u00ea e seu c\u00f4njuge, mas sobre voc\u00ea e Deus? Tudo sobre o seu casamento &#8211; tudo &#8211; est\u00e1 cheio de potencial prof\u00e9tico, com a capacidade de descobrir e revelar o car\u00e1ter de Cristo: o respeito que voc\u00ea conceder ao seu parceiro, o perd\u00e3o que voc\u00ea humildemente buscar e graciosamente estender, o \u00eaxtase, a admira\u00e7\u00e3o e a pura divers\u00e3o de fazer amor, a hist\u00f3ria que voc\u00ea e seu c\u00f4njuge constru\u00edrem um com o outro.<br \/>\nCasamento Sagrado desvenda o mist\u00e9rio do prop\u00f3sito primordial de Deus. Este livro pode muito bem alterar profundamente os contornos do seu casamento. N\u00e3o importa se bom ou dif\u00edcil, seu casamento pode se tornar uma porta de entrada para uma caminhada mais \u00edntima com Deus, e para a integridade espiritual que, como o sal, tempera o mundo ao seu redor.<\/p>\n","protected":false},"excerpt":{"rendered":"<p>Este livro pode muito bem alterar profundamente os contornos do seu casamento. Seu casamento \u00e9 mais do que um pacto&hellip;<\/p>\n","protected":false},"featured_media":346765,"comment_status":"open","ping_status":"closed","template":"","meta":[],"product_cat":[155,134],"product_tag":[],"_links":{"self":[{"href":"https:\/\/www.livrariarema.com.br\/loja\/wp-json\/wp\/v2\/product\/250093"}],"collection":[{"href":"https:\/\/www.livrariarema.com.br\/loja\/wp-json\/wp\/v2\/product"}],"about":[{"href":"https:\/\/www.livrariarema.com.br\/loja\/wp-json\/wp\/v2\/types\/product"}],"replies":[{"embeddable":true,"href":"https:\/\/www.livrariarema.com.br\/loja\/wp-json\/wp\/v2\/comments?post=250093"}],"wp:featuredmedia":[{"embeddable":true,"href":"https:\/\/www.livrariarema.com.br\/loja\/wp-json\/wp\/v2\/media\/346765"}],"wp:attachment":[{"href":"https:\/\/www.livrariarema.com.br\/loja\/wp-json\/wp\/v2\/media?parent=250093"}],"wp:term":[{"taxonomy":"product_cat","embeddable":true,"href":"https:\/\/www.livrariarema.com.br\/loja\/wp-json\/wp\/v2\/product_cat?post=250093"},{"taxonomy":"product_tag","embeddable":true,"href":"https:\/\/www.livrariarema.com.br\/loja\/wp-json\/wp\/v2\/product_tag?post=250093"}],"curies":[{"name":"wp","href":"https:\/\/api.w.org\/{rel}","templated":true}]}}