{"id":250599,"date":"2023-08-30T17:22:01","date_gmt":"2023-08-30T20:22:01","guid":{"rendered":"https:\/\/www.livrariarema.com.br\/loja\/produtos\/sem%20categoria\/caderno-wire-o-buendia-a5-mapa-mundi-100-folhas-reposicionaveis\/"},"modified":"2025-10-13T12:02:05","modified_gmt":"2025-10-13T15:02:05","slug":"caderno-wire-o-buendia-a5-mapa-mundi-100-folhas-reposicionaveis","status":"publish","type":"product","link":"https:\/\/www.livrariarema.com.br\/loja\/produtos\/papelaria\/caderno\/caderno-wire-o-buendia-a5-mapa-mundi-100-folhas-reposicionaveis\/","title":{"rendered":"Caderno Wire-O &#8211; Buendia &#8211; A5 &#8211; Mapa Mundi &#8211; 100 Folhas Reposicion\u00e1veis"},"content":{"rendered":"<p>Os cadernos wire-o com folhas reposicion\u00e1veis da Buend\u00eda s\u00e3o uma novidade incr\u00edvel no mercado de papelaria! Eles s\u00e3o compostos por uma encaderna\u00e7\u00e3o de arame duplo e folhas que podem ser facilmente retiradas e recolocadas no caderno sem danificar o papel ou a estrutura, assim como os cadernos de disco!<br \/>\nUma das grandes vantagens desses cadernos \u00e9 a possibilidade de personaliza\u00e7\u00e3o e organiza\u00e7\u00e3o das folhas, permitindo que voc\u00ea crie seu pr\u00f3prio sistema de organiza\u00e7\u00e3o e planejamento. Voc\u00ea pode adicionar ou remover p\u00e1ginas conforme a necessidade, criando se\u00e7\u00f5es espec\u00edficas para tarefas, notas, desenhos e outras finalidades.<\/p>\n","protected":false},"excerpt":{"rendered":"<p>Os cadernos wire-o com folhas reposicion\u00e1veis da Buend\u00eda s\u00e3o uma novidade incr\u00edvel no mercado de papelaria! Eles s\u00e3o compostos por&hellip;<\/p>\n","protected":false},"featured_media":336341,"comment_status":"open","ping_status":"closed","template":"","meta":[],"product_cat":[230,215],"product_tag":[],"_links":{"self":[{"href":"https:\/\/www.livrariarema.com.br\/loja\/wp-json\/wp\/v2\/product\/250599"}],"collection":[{"href":"https:\/\/www.livrariarema.com.br\/loja\/wp-json\/wp\/v2\/product"}],"about":[{"href":"https:\/\/www.livrariarema.com.br\/loja\/wp-json\/wp\/v2\/types\/product"}],"replies":[{"embeddable":true,"href":"https:\/\/www.livrariarema.com.br\/loja\/wp-json\/wp\/v2\/comments?post=250599"}],"wp:featuredmedia":[{"embeddable":true,"href":"https:\/\/www.livrariarema.com.br\/loja\/wp-json\/wp\/v2\/media\/336341"}],"wp:attachment":[{"href":"https:\/\/www.livrariarema.com.br\/loja\/wp-json\/wp\/v2\/media?parent=250599"}],"wp:term":[{"taxonomy":"product_cat","embeddable":true,"href":"https:\/\/www.livrariarema.com.br\/loja\/wp-json\/wp\/v2\/product_cat?post=250599"},{"taxonomy":"product_tag","embeddable":true,"href":"https:\/\/www.livrariarema.com.br\/loja\/wp-json\/wp\/v2\/product_tag?post=250599"}],"curies":[{"name":"wp","href":"https:\/\/api.w.org\/{rel}","templated":true}]}}