{"id":252117,"date":"2023-09-11T11:02:35","date_gmt":"2023-09-11T14:02:35","guid":{"rendered":"https:\/\/www.livrariarema.com.br\/loja\/produtos\/sem categoria\/regua-leoleo-jogo-geometrico-flexivel-4-pecas\/"},"modified":"2025-03-13T17:10:13","modified_gmt":"2025-03-13T20:10:13","slug":"regua-leoleo-jogo-geometrico-flexivel-4-pecas","status":"publish","type":"product","link":"https:\/\/www.livrariarema.com.br\/loja\/produtos\/papelaria\/regua\/regua-leoleo-jogo-geometrico-flexivel-4-pecas\/","title":{"rendered":"R\u00e9gua &#8211; Leo&amp;Leo &#8211; Jogo Geom\u00e9trico Flex\u00edvel &#8211; 4 Pe\u00e7as"},"content":{"rendered":"<p>Corpo Flex\u00edvel.<br \/>\nEscala em cent\u00edmetro.<br \/>\nR\u00e9gua de 30cm.<br \/>\nTransferidor de 180\u00b0.<br \/>\nEsquadro de 45\u00b0 e de 60\u00b0.<br \/>\nEspessura de 2,0mm.<br \/>\nEspessura de 2,3mm.<\/p>\n","protected":false},"excerpt":{"rendered":"<p>Corpo Flex\u00edvel. Escala em cent\u00edmetro. R\u00e9gua de 30cm. Transferidor de 180\u00b0. Esquadro de 45\u00b0 e de 60\u00b0. Espessura de 2,0mm.&hellip;<\/p>\n","protected":false},"featured_media":314915,"comment_status":"open","ping_status":"closed","template":"","meta":[],"product_cat":[215,265],"product_tag":[],"_links":{"self":[{"href":"https:\/\/www.livrariarema.com.br\/loja\/wp-json\/wp\/v2\/product\/252117"}],"collection":[{"href":"https:\/\/www.livrariarema.com.br\/loja\/wp-json\/wp\/v2\/product"}],"about":[{"href":"https:\/\/www.livrariarema.com.br\/loja\/wp-json\/wp\/v2\/types\/product"}],"replies":[{"embeddable":true,"href":"https:\/\/www.livrariarema.com.br\/loja\/wp-json\/wp\/v2\/comments?post=252117"}],"wp:featuredmedia":[{"embeddable":true,"href":"https:\/\/www.livrariarema.com.br\/loja\/wp-json\/wp\/v2\/media\/314915"}],"wp:attachment":[{"href":"https:\/\/www.livrariarema.com.br\/loja\/wp-json\/wp\/v2\/media?parent=252117"}],"wp:term":[{"taxonomy":"product_cat","embeddable":true,"href":"https:\/\/www.livrariarema.com.br\/loja\/wp-json\/wp\/v2\/product_cat?post=252117"},{"taxonomy":"product_tag","embeddable":true,"href":"https:\/\/www.livrariarema.com.br\/loja\/wp-json\/wp\/v2\/product_tag?post=252117"}],"curies":[{"name":"wp","href":"https:\/\/api.w.org\/{rel}","templated":true}]}}