{"id":252119,"date":"2023-09-11T11:02:41","date_gmt":"2023-09-11T14:02:41","guid":{"rendered":"https:\/\/www.livrariarema.com.br\/loja\/produtos\/sem categoria\/lapis-de-cor-leoleo-24-cores-carbon\/"},"modified":"2025-01-04T11:10:31","modified_gmt":"2025-01-04T14:10:31","slug":"lapis-de-cor-leoleo-24-cores-carbon","status":"publish","type":"product","link":"https:\/\/www.livrariarema.com.br\/loja\/produtos\/papelaria\/lapis-de-cor\/lapis-de-cor-leoleo-24-cores-carbon\/","title":{"rendered":"L\u00e1pis De Cor &#8211; Leo&amp;Leo &#8211; 24 Cores &#8211; Carbon"},"content":{"rendered":"<p>Eles s\u00e3o mais macios para pintar e possuem alta pigmenta\u00e7\u00e3o, corpo de madeira preta com dip colorido, conferindo um visual moderno. Com apenas madeira, mina de cera e pigmentos em sua composi\u00e7\u00e3o, s\u00e3o at\u00f3xicos.<br \/>\nDispon\u00edvel no formato redondo. Cada caixa individual inclui 24 cores diferentes.<\/p>\n<p>Registro Inmetro 006130\/2020<\/p>\n","protected":false},"excerpt":{"rendered":"<p>Eles s\u00e3o mais macios para pintar e possuem alta pigmenta\u00e7\u00e3o, corpo de madeira preta com dip colorido, conferindo um visual&hellip;<\/p>\n","protected":false},"featured_media":321127,"comment_status":"open","ping_status":"closed","template":"","meta":[],"product_cat":[249,215],"product_tag":[],"_links":{"self":[{"href":"https:\/\/www.livrariarema.com.br\/loja\/wp-json\/wp\/v2\/product\/252119"}],"collection":[{"href":"https:\/\/www.livrariarema.com.br\/loja\/wp-json\/wp\/v2\/product"}],"about":[{"href":"https:\/\/www.livrariarema.com.br\/loja\/wp-json\/wp\/v2\/types\/product"}],"replies":[{"embeddable":true,"href":"https:\/\/www.livrariarema.com.br\/loja\/wp-json\/wp\/v2\/comments?post=252119"}],"wp:featuredmedia":[{"embeddable":true,"href":"https:\/\/www.livrariarema.com.br\/loja\/wp-json\/wp\/v2\/media\/321127"}],"wp:attachment":[{"href":"https:\/\/www.livrariarema.com.br\/loja\/wp-json\/wp\/v2\/media?parent=252119"}],"wp:term":[{"taxonomy":"product_cat","embeddable":true,"href":"https:\/\/www.livrariarema.com.br\/loja\/wp-json\/wp\/v2\/product_cat?post=252119"},{"taxonomy":"product_tag","embeddable":true,"href":"https:\/\/www.livrariarema.com.br\/loja\/wp-json\/wp\/v2\/product_tag?post=252119"}],"curies":[{"name":"wp","href":"https:\/\/api.w.org\/{rel}","templated":true}]}}