{"id":252152,"date":"2023-09-11T11:05:56","date_gmt":"2023-09-11T14:05:56","guid":{"rendered":"https:\/\/www.livrariarema.com.br\/loja\/produtos\/sem categoria\/caneta-hidrografica-leoleo-super-12-cores-lavavel\/"},"modified":"2026-02-27T13:01:20","modified_gmt":"2026-02-27T16:01:20","slug":"caneta-hidrografica-leoleo-super-12-cores-lavavel","status":"publish","type":"product","link":"https:\/\/www.livrariarema.com.br\/loja\/produtos\/papelaria\/canetinha\/caneta-hidrografica-leoleo-super-12-cores-lavavel\/","title":{"rendered":"Caneta Hidrogr\u00e1fica &#8211; Leo&amp;Leo &#8211; Super &#8211; 12 Cores &#8211; Lav\u00e1vel"},"content":{"rendered":"<p>Lav\u00e1vel.<br \/>\nCorpo na cor da tinta.<br \/>\nTampa anti-asfixiante.<br \/>\nAt\u00f3xico.<br \/>\nCarga de 1g.<\/p>\n<p>COMPOSI\u00c7\u00c3O<br \/>\nResina termopl\u00e1stica, carga \u00e0 base de \u00e1gua, corantes e umectantes, pavio de acetato e ponta de fibra de poli\u00e9ster.<\/p>\n<p>Registro Inmetro 003693\/2020<\/p>\n","protected":false},"excerpt":{"rendered":"<p>Lav\u00e1vel. Corpo na cor da tinta. Tampa anti-asfixiante. At\u00f3xico. Carga de 1g. COMPOSI\u00c7\u00c3O Resina termopl\u00e1stica, carga \u00e0 base de \u00e1gua,&hellip;<\/p>\n","protected":false},"featured_media":317287,"comment_status":"open","ping_status":"closed","template":"","meta":[],"product_cat":[277,215],"product_tag":[],"_links":{"self":[{"href":"https:\/\/www.livrariarema.com.br\/loja\/wp-json\/wp\/v2\/product\/252152"}],"collection":[{"href":"https:\/\/www.livrariarema.com.br\/loja\/wp-json\/wp\/v2\/product"}],"about":[{"href":"https:\/\/www.livrariarema.com.br\/loja\/wp-json\/wp\/v2\/types\/product"}],"replies":[{"embeddable":true,"href":"https:\/\/www.livrariarema.com.br\/loja\/wp-json\/wp\/v2\/comments?post=252152"}],"wp:featuredmedia":[{"embeddable":true,"href":"https:\/\/www.livrariarema.com.br\/loja\/wp-json\/wp\/v2\/media\/317287"}],"wp:attachment":[{"href":"https:\/\/www.livrariarema.com.br\/loja\/wp-json\/wp\/v2\/media?parent=252152"}],"wp:term":[{"taxonomy":"product_cat","embeddable":true,"href":"https:\/\/www.livrariarema.com.br\/loja\/wp-json\/wp\/v2\/product_cat?post=252152"},{"taxonomy":"product_tag","embeddable":true,"href":"https:\/\/www.livrariarema.com.br\/loja\/wp-json\/wp\/v2\/product_tag?post=252152"}],"curies":[{"name":"wp","href":"https:\/\/api.w.org\/{rel}","templated":true}]}}