{"id":252884,"date":"2023-09-15T11:28:45","date_gmt":"2023-09-15T14:28:45","guid":{"rendered":"https:\/\/www.livrariarema.com.br\/loja\/produtos\/sem categoria\/fidelidade-sob-fogo-a-historia-da-confissao-belga-william-boekestein\/"},"modified":"2023-12-01T11:55:48","modified_gmt":"2023-12-01T14:55:48","slug":"fidelidade-sob-fogo-a-historia-da-confissao-belga-william-boekestein","status":"publish","type":"product","link":"https:\/\/www.livrariarema.com.br\/loja\/produtos\/livros\/juvenil\/fidelidade-sob-fogo-a-historia-da-confissao-belga-william-boekestein\/","title":{"rendered":"Fidelidade Sob Fogo: A Hist\u00f3ria Da Confiss\u00e3o Belga &#8211; William Boekestein"},"content":{"rendered":"<p>A vida de Guido de Br\u00e8s nos ensina que podemos encontrar esperan\u00e7a duradoura no evangelho de Jesus Cristo, mesmo durante persegui\u00e7\u00f5es. O autor William Boekestein conta com sensibilidade a hist\u00f3ria de Guido para as crian\u00e7as, conduzindo-as por acontecimentos de sua vida turbulenta, desde o seu nascimento, em 1522, em uma cidade pequena da B\u00e9lgica, ao seu chamado para o minist\u00e9rio e estudo sob os Reformadores, como Jo\u00e3o Calvino e Theodoro Beza. O livro tamb\u00e9m nos conta sobre como ele se tornou o autor da Confiss\u00e3o Belga e sobre a sua vida de sofrimento at\u00e9 a sua morte como um m\u00e1rtir em 1567. Ilustra\u00e7\u00f5es marcantes e uma narrativa f\u00e1cil de entender combinam-se para capturar o interesse da fam\u00edlia inteira por esse incr\u00edvel her\u00f3i da reforma.<\/p>\n","protected":false},"excerpt":{"rendered":"<p>A vida de Guido de Br\u00e8s nos ensina que podemos encontrar esperan\u00e7a duradoura no evangelho de Jesus Cristo, mesmo durante&hellip;<\/p>\n","protected":false},"featured_media":268511,"comment_status":"open","ping_status":"closed","template":"","meta":[],"product_cat":[184,134],"product_tag":[],"_links":{"self":[{"href":"https:\/\/www.livrariarema.com.br\/loja\/wp-json\/wp\/v2\/product\/252884"}],"collection":[{"href":"https:\/\/www.livrariarema.com.br\/loja\/wp-json\/wp\/v2\/product"}],"about":[{"href":"https:\/\/www.livrariarema.com.br\/loja\/wp-json\/wp\/v2\/types\/product"}],"replies":[{"embeddable":true,"href":"https:\/\/www.livrariarema.com.br\/loja\/wp-json\/wp\/v2\/comments?post=252884"}],"wp:featuredmedia":[{"embeddable":true,"href":"https:\/\/www.livrariarema.com.br\/loja\/wp-json\/wp\/v2\/media\/268511"}],"wp:attachment":[{"href":"https:\/\/www.livrariarema.com.br\/loja\/wp-json\/wp\/v2\/media?parent=252884"}],"wp:term":[{"taxonomy":"product_cat","embeddable":true,"href":"https:\/\/www.livrariarema.com.br\/loja\/wp-json\/wp\/v2\/product_cat?post=252884"},{"taxonomy":"product_tag","embeddable":true,"href":"https:\/\/www.livrariarema.com.br\/loja\/wp-json\/wp\/v2\/product_tag?post=252884"}],"curies":[{"name":"wp","href":"https:\/\/api.w.org\/{rel}","templated":true}]}}