{"id":252886,"date":"2023-09-15T11:28:51","date_gmt":"2023-09-15T14:28:51","guid":{"rendered":"https:\/\/www.livrariarema.com.br\/loja\/produtos\/sem categoria\/a-gloria-da-graca-a-historia-dos-canones-de-dort-william-boekestein\/"},"modified":"2025-12-23T19:31:03","modified_gmt":"2025-12-23T22:31:03","slug":"a-gloria-da-graca-a-historia-dos-canones-de-dort-william-boekestein","status":"publish","type":"product","link":"https:\/\/www.livrariarema.com.br\/loja\/produtos\/promocao\/livros-promocao\/a-gloria-da-graca-a-historia-dos-canones-de-dort-william-boekestein\/","title":{"rendered":"A Gl\u00f3ria Da Gra\u00e7a: A Hist\u00f3ria Dos C\u00e2nones De Dort &#8211; William Boekestein"},"content":{"rendered":"<p>Uma importante confiss\u00e3o das igrejas reformadas h\u00e1 centenas de anos, os C\u00e2nones de Dort ensinam claramente que a salva\u00e7\u00e3o \u00e9 pela gra\u00e7a somente e por meio de Cristo somente. Ainda assim, algumas pessoas podem achar que se trata de um documento intimidante e at\u00e9 se perguntam por que ele chegou a ser escrito. No livro A Gl\u00f3ria da Gra\u00e7a William Boekestein e Evan Hughes ajudam nossas crian\u00e7as a compreender os dif\u00edceis desafios que as igrejas holandesas enfrentaram por causa das distor\u00e7\u00f5es que os arminianos fizeram \u00e0 mensagem do Evangelho. Nessa hist\u00f3ria sobre o S\u00ednodo de Dort (1618), as crian\u00e7as ir\u00e3o aprender sobre os acontecimentos e as ideias que formaram os C\u00e2nones de Dort e poder\u00e3o apreciar melhor esse grande tesouro da f\u00e9 reformada e sua \u00eanfase na gl\u00f3ria de Deus em salvar pecadores pela gra\u00e7a.<\/p>\n","protected":false},"excerpt":{"rendered":"<p>Uma importante confiss\u00e3o das igrejas reformadas h\u00e1 centenas de anos, os C\u00e2nones de Dort ensinam claramente que a salva\u00e7\u00e3o \u00e9&hellip;<\/p>\n","protected":false},"featured_media":342328,"comment_status":"open","ping_status":"closed","template":"","meta":[],"product_cat":[143,142],"product_tag":[],"_links":{"self":[{"href":"https:\/\/www.livrariarema.com.br\/loja\/wp-json\/wp\/v2\/product\/252886"}],"collection":[{"href":"https:\/\/www.livrariarema.com.br\/loja\/wp-json\/wp\/v2\/product"}],"about":[{"href":"https:\/\/www.livrariarema.com.br\/loja\/wp-json\/wp\/v2\/types\/product"}],"replies":[{"embeddable":true,"href":"https:\/\/www.livrariarema.com.br\/loja\/wp-json\/wp\/v2\/comments?post=252886"}],"wp:featuredmedia":[{"embeddable":true,"href":"https:\/\/www.livrariarema.com.br\/loja\/wp-json\/wp\/v2\/media\/342328"}],"wp:attachment":[{"href":"https:\/\/www.livrariarema.com.br\/loja\/wp-json\/wp\/v2\/media?parent=252886"}],"wp:term":[{"taxonomy":"product_cat","embeddable":true,"href":"https:\/\/www.livrariarema.com.br\/loja\/wp-json\/wp\/v2\/product_cat?post=252886"},{"taxonomy":"product_tag","embeddable":true,"href":"https:\/\/www.livrariarema.com.br\/loja\/wp-json\/wp\/v2\/product_tag?post=252886"}],"curies":[{"name":"wp","href":"https:\/\/api.w.org\/{rel}","templated":true}]}}