{"id":252983,"date":"2023-09-15T16:17:06","date_gmt":"2023-09-15T19:17:06","guid":{"rendered":"https:\/\/www.livrariarema.com.br\/loja\/produtos\/sem categoria\/teologia-de-jonathan-edwards-a-jonathan-edwards\/"},"modified":"2026-02-20T13:38:30","modified_gmt":"2026-02-20T16:38:30","slug":"teologia-de-jonathan-edwards-a-jonathan-edwards","status":"publish","type":"product","link":"https:\/\/www.livrariarema.com.br\/loja\/produtos\/promocao\/livros-promocao\/teologia-de-jonathan-edwards-a-jonathan-edwards\/","title":{"rendered":"Teologia De Jonathan Edwards, A &#8211; Jonathan Edwards"},"content":{"rendered":"<p>Esta obra \u00e9 a pesquisa mais abrangente j\u00e1 produzida acerca do maior te\u00f3logo americano. Ela faz uso de toda a obra de Edwards, os setenta e tr\u00eas volumes disponibilizados online pelo Jonathan Edwards Center. Nos quarenta e cinco cap\u00edtulos deste livro, os autores examinam todos os principais aspectos do pensamento de Edwards, incluem discuss\u00f5es aprofundadas da extensa literatura secund\u00e1ria sobre Edwards e tamb\u00e9m dos escritos do pr\u00f3prio te\u00f3logo.<\/p>\n<p>Os autores, McDermott e McClymond, abrem os primeiros cap\u00edtulos apresentando o contexto teol\u00f3gico, hist\u00f3rico e pessoal de Edwards. Em seguida, estabelecem a conex\u00e3o dos loci teol\u00f3gicos de Edwards de maneira temporalmente ordenada, seguindo o que o te\u00f3logo chamou de empreendimento teol\u00f3gico. Isso significa partir do Deus tri\u00fano na eternidade, junto aos seus anjos, passando pela hist\u00f3ria da reden\u00e7\u00e3o como express\u00e3o da realidade interior de Deus ad extra e, por fim, retornando a Deus na gl\u00f3ria escatol\u00f3gica. Eles discutem ainda temas como est\u00e9tica, metaf\u00edsica, tipologia, hist\u00f3ria da reden\u00e7\u00e3o, avivamento, a verdadeira virtude, entre outros. <\/p>\n<p>Em A teologia de Jonathan Edwards, o leitor de l\u00edngua portuguesa tamb\u00e9m vai conhecer uma an\u00e1lise multifacetada que trata Jonathan Edwards como uma ponte entre o Ocidente e o Oriente crist\u00e3os, como um te\u00f3logo para a comunidade crist\u00e3 global do s\u00e9culo 21.<\/p>\n","protected":false},"excerpt":{"rendered":"<p>Esta obra \u00e9 a pesquisa mais abrangente j\u00e1 produzida acerca do maior te\u00f3logo americano. Ela faz uso de toda a&hellip;<\/p>\n","protected":false},"featured_media":345093,"comment_status":"open","ping_status":"closed","template":"","meta":[],"product_cat":[143,142],"product_tag":[],"_links":{"self":[{"href":"https:\/\/www.livrariarema.com.br\/loja\/wp-json\/wp\/v2\/product\/252983"}],"collection":[{"href":"https:\/\/www.livrariarema.com.br\/loja\/wp-json\/wp\/v2\/product"}],"about":[{"href":"https:\/\/www.livrariarema.com.br\/loja\/wp-json\/wp\/v2\/types\/product"}],"replies":[{"embeddable":true,"href":"https:\/\/www.livrariarema.com.br\/loja\/wp-json\/wp\/v2\/comments?post=252983"}],"wp:featuredmedia":[{"embeddable":true,"href":"https:\/\/www.livrariarema.com.br\/loja\/wp-json\/wp\/v2\/media\/345093"}],"wp:attachment":[{"href":"https:\/\/www.livrariarema.com.br\/loja\/wp-json\/wp\/v2\/media?parent=252983"}],"wp:term":[{"taxonomy":"product_cat","embeddable":true,"href":"https:\/\/www.livrariarema.com.br\/loja\/wp-json\/wp\/v2\/product_cat?post=252983"},{"taxonomy":"product_tag","embeddable":true,"href":"https:\/\/www.livrariarema.com.br\/loja\/wp-json\/wp\/v2\/product_tag?post=252983"}],"curies":[{"name":"wp","href":"https:\/\/api.w.org\/{rel}","templated":true}]}}