{"id":252993,"date":"2023-09-15T16:17:36","date_gmt":"2023-09-15T19:17:36","guid":{"rendered":"https:\/\/www.livrariarema.com.br\/loja\/produtos\/sem categoria\/biblia-almeida-seculo-21-com-referencias-cruzadas-luxo-marrom-claro\/"},"modified":"2026-02-28T13:10:24","modified_gmt":"2026-02-28T16:10:24","slug":"biblia-almeida-seculo-21-com-referencias-cruzadas-luxo-marrom-claro","status":"publish","type":"product","link":"https:\/\/www.livrariarema.com.br\/loja\/produtos\/biblias\/almeida-seculo-21\/biblia-almeida-seculo-21-com-referencias-cruzadas-luxo-marrom-claro\/","title":{"rendered":"B\u00edblia Almeida S\u00e9culo 21 &#8211; Com Refer\u00eancias Cruzadas &#8211; Luxo &#8211; Marrom Claro"},"content":{"rendered":"<p>Quem j\u00e1 n\u00e3o teve a sensa\u00e7\u00e3o de que entender a B\u00edblia \u00e9 quase imposs\u00edvel porque ela parece ser de uma \u00e9poca e lugar muito distantes? Isso acontece porque a maioria das vers\u00f5es n\u00e3o consegue unir dois aspectos essenciais: a fidelidade na tradu\u00e7\u00e3o \u00e0 forma de falar do nosso tempo. Pois foi justamente pensando em reunir esses dois aspectos em um texto tradicional e amado, como o de Jo\u00e3o Ferreira de Almeida, que surgiu a vers\u00e3o Almeida S\u00e9culo 21, apresentando assim as caracter\u00edsticas mais procuradas pelos leitores da B\u00edblia no Brasil: tradi\u00e7\u00e3o, exatid\u00e3o e flu\u00eancia.<\/p>\n","protected":false},"excerpt":{"rendered":"<p>Quem j\u00e1 n\u00e3o teve a sensa\u00e7\u00e3o de que entender a B\u00edblia \u00e9 quase imposs\u00edvel porque ela parece ser de uma&hellip;<\/p>\n","protected":false},"featured_media":344886,"comment_status":"open","ping_status":"closed","template":"","meta":[],"product_cat":[190,139],"product_tag":[],"_links":{"self":[{"href":"https:\/\/www.livrariarema.com.br\/loja\/wp-json\/wp\/v2\/product\/252993"}],"collection":[{"href":"https:\/\/www.livrariarema.com.br\/loja\/wp-json\/wp\/v2\/product"}],"about":[{"href":"https:\/\/www.livrariarema.com.br\/loja\/wp-json\/wp\/v2\/types\/product"}],"replies":[{"embeddable":true,"href":"https:\/\/www.livrariarema.com.br\/loja\/wp-json\/wp\/v2\/comments?post=252993"}],"wp:featuredmedia":[{"embeddable":true,"href":"https:\/\/www.livrariarema.com.br\/loja\/wp-json\/wp\/v2\/media\/344886"}],"wp:attachment":[{"href":"https:\/\/www.livrariarema.com.br\/loja\/wp-json\/wp\/v2\/media?parent=252993"}],"wp:term":[{"taxonomy":"product_cat","embeddable":true,"href":"https:\/\/www.livrariarema.com.br\/loja\/wp-json\/wp\/v2\/product_cat?post=252993"},{"taxonomy":"product_tag","embeddable":true,"href":"https:\/\/www.livrariarema.com.br\/loja\/wp-json\/wp\/v2\/product_tag?post=252993"}],"curies":[{"name":"wp","href":"https:\/\/api.w.org\/{rel}","templated":true}]}}