{"id":252999,"date":"2023-09-15T16:17:52","date_gmt":"2023-09-15T19:17:52","guid":{"rendered":"https:\/\/www.livrariarema.com.br\/loja\/produtos\/sem%20categoria\/prazeres-de-deus-os-john-piper\/"},"modified":"2026-02-20T13:32:15","modified_gmt":"2026-02-20T16:32:15","slug":"prazeres-de-deus-os-john-piper","status":"publish","type":"product","link":"https:\/\/www.livrariarema.com.br\/loja\/produtos\/promocao\/livros-promocao\/prazeres-de-deus-os-john-piper\/","title":{"rendered":"Prazeres De Deus, Os &#8211; John Piper"},"content":{"rendered":"<p>A FONTE DA VERDADEIRA SATISFA\u00c7\u00c3O<\/p>\n<p>N\u00e3o \u00e9 verdade que s\u00f3 conhecemos de fato uma pessoa quando entendemos o que a faz feliz? Com Deus tamb\u00e9m \u00e9 assim!<\/p>\n<p>O que ser\u00e1 que d\u00e1 prazer ao Ser mais feliz do universo? Para John Piper, apenas quando compreendemos o que torna Deus feliz \u00e9 que conheceremos a grandeza de sua gl\u00f3ria. Portanto, \u00e9 preciso entender quais s\u00e3o &#8220;os prazeres de Deus&#8221;.<\/p>\n<p>Ao contr\u00e1rio de muita coisa escrita atualmente, este n\u00e3o \u00e9 um livro sobre n\u00f3s. \u00c9 sobre Aquele para o qual fomos criados, o pr\u00f3prio Deus. Nesta obra-prima teol\u00f3gica, escolhida pela revista WORLD como um dos cem livros mais importantes do s\u00e9culo 20,  John Piper apresenta as provas b\u00edblicas que nos ajudam a compreender o que os prazeres de Deus nos revelam sobre Ele e como podemos desfrutar deles. Assim, refletiremos em profundidade, e de modo gratificante, servindo-nos da \u00fanica fonte de onde brota a \u00e1gua viva.<\/p>\n<p>Os seguidores de Jesus precisam agora, mais do que tudo, conhecer e amar, contemplar e abra\u00e7ar o Deus da B\u00edblia, que \u00e9 grandioso, soberano e feliz.<\/p>\n","protected":false},"excerpt":{"rendered":"<p>A FONTE DA VERDADEIRA SATISFA\u00c7\u00c3O N\u00e3o \u00e9 verdade que s\u00f3 conhecemos de fato uma pessoa quando entendemos o que a&hellip;<\/p>\n","protected":false},"featured_media":345073,"comment_status":"open","ping_status":"closed","template":"","meta":[],"product_cat":[143,142],"product_tag":[],"_links":{"self":[{"href":"https:\/\/www.livrariarema.com.br\/loja\/wp-json\/wp\/v2\/product\/252999"}],"collection":[{"href":"https:\/\/www.livrariarema.com.br\/loja\/wp-json\/wp\/v2\/product"}],"about":[{"href":"https:\/\/www.livrariarema.com.br\/loja\/wp-json\/wp\/v2\/types\/product"}],"replies":[{"embeddable":true,"href":"https:\/\/www.livrariarema.com.br\/loja\/wp-json\/wp\/v2\/comments?post=252999"}],"wp:featuredmedia":[{"embeddable":true,"href":"https:\/\/www.livrariarema.com.br\/loja\/wp-json\/wp\/v2\/media\/345073"}],"wp:attachment":[{"href":"https:\/\/www.livrariarema.com.br\/loja\/wp-json\/wp\/v2\/media?parent=252999"}],"wp:term":[{"taxonomy":"product_cat","embeddable":true,"href":"https:\/\/www.livrariarema.com.br\/loja\/wp-json\/wp\/v2\/product_cat?post=252999"},{"taxonomy":"product_tag","embeddable":true,"href":"https:\/\/www.livrariarema.com.br\/loja\/wp-json\/wp\/v2\/product_tag?post=252999"}],"curies":[{"name":"wp","href":"https:\/\/api.w.org\/{rel}","templated":true}]}}