{"id":253033,"date":"2023-09-15T16:32:56","date_gmt":"2023-09-15T19:32:56","guid":{"rendered":"https:\/\/www.livrariarema.com.br\/loja\/produtos\/sem%20categoria\/manga-vol-1-messias-2\/"},"modified":"2026-02-20T13:21:36","modified_gmt":"2026-02-20T16:21:36","slug":"manga-vol-1-messias-2","status":"publish","type":"product","link":"https:\/\/www.livrariarema.com.br\/loja\/produtos\/livros\/manga-hq\/manga-vol-1-messias-2\/","title":{"rendered":"Mang\u00e1 Vol. 1 &#8211; Messias"},"content":{"rendered":"<p>Diretamente das p\u00e1ginas do livro mais vendido do mundo&#8230; vem a hist\u00f3ria mais grandiosa que j\u00e1 se ouviu&#8230; sobre o homem mais pol\u00eamico que j\u00e1 existiu sobre a face da Terra&#8230; e que aqui \u00e9 contada no formato gr\u00e1fico mais genial do planeta.<\/p>\n<p>Baseado exclusivamente em hist\u00f3rias b\u00edblicas, este volume aborda os 4 evangelhos.<\/p>\n<p>O MANG\u00c1 MESSIAS \u00c9 TODO COLORIDO!<\/p>\n<p>O estilo mang\u00e1 nasceu no Jap\u00e3o. L\u00e1, a palavra mang\u00e1 quer dizer apenas &#8220;gibi&#8221;. Mas, fora daquele pa\u00eds, o conceito de mang\u00e1 est\u00e1 vinculado ao desenho caracter\u00edstico dos gibis japoneses, um estilo que ganhou popularidade fenomenal e se espalhou pelo mundo afora.<\/p>\n","protected":false},"excerpt":{"rendered":"<p>Diretamente das p\u00e1ginas do livro mais vendido do mundo&#8230; vem a hist\u00f3ria mais grandiosa que j\u00e1 se ouviu&#8230; sobre o&hellip;<\/p>\n","protected":false},"featured_media":345025,"comment_status":"open","ping_status":"closed","template":"","meta":[],"product_cat":[134,189],"product_tag":[],"_links":{"self":[{"href":"https:\/\/www.livrariarema.com.br\/loja\/wp-json\/wp\/v2\/product\/253033"}],"collection":[{"href":"https:\/\/www.livrariarema.com.br\/loja\/wp-json\/wp\/v2\/product"}],"about":[{"href":"https:\/\/www.livrariarema.com.br\/loja\/wp-json\/wp\/v2\/types\/product"}],"replies":[{"embeddable":true,"href":"https:\/\/www.livrariarema.com.br\/loja\/wp-json\/wp\/v2\/comments?post=253033"}],"wp:featuredmedia":[{"embeddable":true,"href":"https:\/\/www.livrariarema.com.br\/loja\/wp-json\/wp\/v2\/media\/345025"}],"wp:attachment":[{"href":"https:\/\/www.livrariarema.com.br\/loja\/wp-json\/wp\/v2\/media?parent=253033"}],"wp:term":[{"taxonomy":"product_cat","embeddable":true,"href":"https:\/\/www.livrariarema.com.br\/loja\/wp-json\/wp\/v2\/product_cat?post=253033"},{"taxonomy":"product_tag","embeddable":true,"href":"https:\/\/www.livrariarema.com.br\/loja\/wp-json\/wp\/v2\/product_tag?post=253033"}],"curies":[{"name":"wp","href":"https:\/\/api.w.org\/{rel}","templated":true}]}}