{"id":253037,"date":"2023-09-15T16:33:14","date_gmt":"2023-09-15T19:33:14","guid":{"rendered":"https:\/\/www.livrariarema.com.br\/loja\/produtos\/sem%20categoria\/licoes-para-maternal-falando-de-deus-aos-bebes-vol-2-jesus-e-meu-amigo\/"},"modified":"2024-07-11T17:10:00","modified_gmt":"2024-07-11T20:10:00","slug":"licoes-para-maternal-falando-de-deus-aos-bebes-vol-2-jesus-e-meu-amigo","status":"publish","type":"product","link":"https:\/\/www.livrariarema.com.br\/loja\/produtos\/diversos\/flanelografo-e-cartazes\/licoes-para-maternal-falando-de-deus-aos-bebes-vol-2-jesus-e-meu-amigo\/","title":{"rendered":"Li\u00e7\u00f5es Para Maternal &#8211; Falando De Deus Aos Beb\u00eas &#8211; Vol. 2 &#8211; Jesus \u00c9 Meu Amigo"},"content":{"rendered":"<p>Este volume pertence a uma s\u00e9rie para uso com crian\u00e7as de 0 a 3 anos e tem como foco, em cada pequenina hist\u00f3ria, partes do corpinho do beb\u00ea e ensinos sobre a pessoa de Deus. H\u00e1 um esbo\u00e7o no in\u00edcio de cada aula. As ilustra\u00e7\u00f5es que acompanham cada li\u00e7\u00e3o podem ser mostradas ao beb\u00ea, \u00e0 medida que a hist\u00f3ria \u00e9 transmitida. Voc\u00ea encontra tamb\u00e9m nesse livro uma Orienta\u00e7\u00e3o Geral para que o minist\u00e9rio com beb\u00eas seja bem feito.<\/p>\n<p>Inclui:<br \/>\n. Figuras em Cartazes (as folhas s\u00e3o soltas)<br \/>\n. Livro Roteiro com esbo\u00e7o das aulas e moldes para confec\u00e7\u00e3o dos materiais em pano e com o LINK para baixar as 19 m\u00fasicas in\u00e9ditas (se voc\u00ea preferir o CD f\u00edsico, ele \u00e9 vendido separadamente)<br \/>\nOs beb\u00eas gostam de repeti\u00e7\u00e3o. repita. repita. Use e abuse deste material. O minist\u00e9rio com beb\u00eas n\u00e3o \u00e9 apenas o de &#8220;tomar conta&#8221;, mas de aproveitar a oportunidade para FALAR DE DEUS AOS BEB\u00caS.<\/p>\n","protected":false},"excerpt":{"rendered":"<p>Este volume pertence a uma s\u00e9rie para uso com crian\u00e7as de 0 a 3 anos e tem como foco, em&hellip;<\/p>\n","protected":false},"featured_media":306013,"comment_status":"open","ping_status":"closed","template":"","meta":[],"product_cat":[132,133],"product_tag":[],"_links":{"self":[{"href":"https:\/\/www.livrariarema.com.br\/loja\/wp-json\/wp\/v2\/product\/253037"}],"collection":[{"href":"https:\/\/www.livrariarema.com.br\/loja\/wp-json\/wp\/v2\/product"}],"about":[{"href":"https:\/\/www.livrariarema.com.br\/loja\/wp-json\/wp\/v2\/types\/product"}],"replies":[{"embeddable":true,"href":"https:\/\/www.livrariarema.com.br\/loja\/wp-json\/wp\/v2\/comments?post=253037"}],"wp:featuredmedia":[{"embeddable":true,"href":"https:\/\/www.livrariarema.com.br\/loja\/wp-json\/wp\/v2\/media\/306013"}],"wp:attachment":[{"href":"https:\/\/www.livrariarema.com.br\/loja\/wp-json\/wp\/v2\/media?parent=253037"}],"wp:term":[{"taxonomy":"product_cat","embeddable":true,"href":"https:\/\/www.livrariarema.com.br\/loja\/wp-json\/wp\/v2\/product_cat?post=253037"},{"taxonomy":"product_tag","embeddable":true,"href":"https:\/\/www.livrariarema.com.br\/loja\/wp-json\/wp\/v2\/product_tag?post=253037"}],"curies":[{"name":"wp","href":"https:\/\/api.w.org\/{rel}","templated":true}]}}