{"id":253147,"date":"2023-09-16T10:30:29","date_gmt":"2023-09-16T13:30:29","guid":{"rendered":"https:\/\/www.livrariarema.com.br\/loja\/produtos\/sem categoria\/manga-box-completo-com-6-livros\/"},"modified":"2026-02-20T13:21:24","modified_gmt":"2026-02-20T16:21:24","slug":"manga-box-completo-com-6-livros","status":"publish","type":"product","link":"https:\/\/www.livrariarema.com.br\/loja\/produtos\/livros\/manga-hq\/manga-box-completo-com-6-livros\/","title":{"rendered":"Mang\u00e1 &#8211; Box Completo &#8211; Com 6 Livros"},"content":{"rendered":"<p>Narrando hist\u00f3rias com fidelidade ao texto b\u00edblico, esta s\u00e9rie \u00e9 composta por 6 livros:<\/p>\n<p>Mang\u00e1 Motim, que conta as fant\u00e1sticas hist\u00f3rias dos primeiros livros da B\u00edblia, G\u00eanesis e \u00caxodo.<br \/>\nMang\u00e1 M\u00e9lek, baseado nos livros de \u00caxodo a 1Cr\u00f4nicas e que continua a saga dos descendentes de Abra\u00e3o.<br \/>\nMang\u00e1 Mensageiros, uma releitura b\u00edblica que contempla os livros de 1Reis a Malaquias e traz impressionantes hist\u00f3rias dos profetas Elias, Eliseu, Jonas, Am\u00f3s, Oseias e Isa\u00edas.<br \/>\nMang\u00e1 Messias, que aborda os quatro Evangelhos e conta a hist\u00f3ria de Jesus desde o nascimento at\u00e9 sua morte e ressurrei\u00e7\u00e3o.<br \/>\nMang\u00e1 Metamorfose, que conta a hist\u00f3ria do ap\u00f3stolo Paulo, com base no livro de Atos e nas Ep\u00edstolas do Novo Testamento.<br \/>\nMang\u00e1 Majestade, o \u00faltimo livro da s\u00e9rie termina com a hist\u00f3ria do Apocalipse, com o ap\u00f3stolo Jo\u00e3o idoso encontrando anjos, Yeshua e muitas revela\u00e7\u00f5es que sinalizam o fim dos dias.<\/p>\n","protected":false},"excerpt":{"rendered":"<p>Narrando hist\u00f3rias com fidelidade ao texto b\u00edblico, esta s\u00e9rie \u00e9 composta por 6 livros: Mang\u00e1 Motim, que conta as fant\u00e1sticas&hellip;<\/p>\n","protected":false},"featured_media":345023,"comment_status":"open","ping_status":"closed","template":"","meta":[],"product_cat":[134,189],"product_tag":[],"_links":{"self":[{"href":"https:\/\/www.livrariarema.com.br\/loja\/wp-json\/wp\/v2\/product\/253147"}],"collection":[{"href":"https:\/\/www.livrariarema.com.br\/loja\/wp-json\/wp\/v2\/product"}],"about":[{"href":"https:\/\/www.livrariarema.com.br\/loja\/wp-json\/wp\/v2\/types\/product"}],"replies":[{"embeddable":true,"href":"https:\/\/www.livrariarema.com.br\/loja\/wp-json\/wp\/v2\/comments?post=253147"}],"wp:featuredmedia":[{"embeddable":true,"href":"https:\/\/www.livrariarema.com.br\/loja\/wp-json\/wp\/v2\/media\/345023"}],"wp:attachment":[{"href":"https:\/\/www.livrariarema.com.br\/loja\/wp-json\/wp\/v2\/media?parent=253147"}],"wp:term":[{"taxonomy":"product_cat","embeddable":true,"href":"https:\/\/www.livrariarema.com.br\/loja\/wp-json\/wp\/v2\/product_cat?post=253147"},{"taxonomy":"product_tag","embeddable":true,"href":"https:\/\/www.livrariarema.com.br\/loja\/wp-json\/wp\/v2\/product_tag?post=253147"}],"curies":[{"name":"wp","href":"https:\/\/api.w.org\/{rel}","templated":true}]}}