{"id":253228,"date":"2023-09-16T10:44:41","date_gmt":"2023-09-16T13:44:41","guid":{"rendered":"https:\/\/www.livrariarema.com.br\/loja\/produtos\/sem%20categoria\/licoes-especiais-a-perola-incomparavel\/"},"modified":"2024-05-24T13:37:41","modified_gmt":"2024-05-24T16:37:41","slug":"licoes-especiais-a-perola-incomparavel","status":"publish","type":"product","link":"https:\/\/www.livrariarema.com.br\/loja\/produtos\/diversos\/flanelografo-e-cartazes\/licoes-especiais-a-perola-incomparavel\/","title":{"rendered":"Li\u00e7\u00f5es Especiais &#8211; A P\u00e9rola Incompar\u00e1vel"},"content":{"rendered":"<p>Esse di\u00e1logo emocionante entre Rajan, um velho hindu pescador de p\u00e9rolas, e o mission\u00e1rio David Morse ensinar\u00e1 sobre o amor de Deus e o presente da salva\u00e7\u00e3o que temos em Jesus.<br \/>\nInclui:<br \/>\n11 Figuras em Cartazes em formato A4<br \/>\nRoteiro da li\u00e7\u00e3o com sugest\u00f5es de atividades<br \/>\nVers\u00edculo: &#8220;V\u00e3o pelo mundo inteiro e preguem o Evangelho a todas as pessoas&#8221;. Marcos 16.15<br \/>\nObjetivo do ensino: <br \/>\n&#8211; Conscientizar a crian\u00e7a salva a triste situa\u00e7\u00e3o dos perdidos e ser uma testemunha de Jesus desde agora enquanto \u00e9 crian\u00e7a. <\/p>\n","protected":false},"excerpt":{"rendered":"<p>Esse di\u00e1logo emocionante entre Rajan, um velho hindu pescador de p\u00e9rolas, e o mission\u00e1rio David Morse ensinar\u00e1 sobre o amor&hellip;<\/p>\n","protected":false},"featured_media":299199,"comment_status":"open","ping_status":"closed","template":"","meta":[],"product_cat":[132,133],"product_tag":[],"_links":{"self":[{"href":"https:\/\/www.livrariarema.com.br\/loja\/wp-json\/wp\/v2\/product\/253228"}],"collection":[{"href":"https:\/\/www.livrariarema.com.br\/loja\/wp-json\/wp\/v2\/product"}],"about":[{"href":"https:\/\/www.livrariarema.com.br\/loja\/wp-json\/wp\/v2\/types\/product"}],"replies":[{"embeddable":true,"href":"https:\/\/www.livrariarema.com.br\/loja\/wp-json\/wp\/v2\/comments?post=253228"}],"wp:featuredmedia":[{"embeddable":true,"href":"https:\/\/www.livrariarema.com.br\/loja\/wp-json\/wp\/v2\/media\/299199"}],"wp:attachment":[{"href":"https:\/\/www.livrariarema.com.br\/loja\/wp-json\/wp\/v2\/media?parent=253228"}],"wp:term":[{"taxonomy":"product_cat","embeddable":true,"href":"https:\/\/www.livrariarema.com.br\/loja\/wp-json\/wp\/v2\/product_cat?post=253228"},{"taxonomy":"product_tag","embeddable":true,"href":"https:\/\/www.livrariarema.com.br\/loja\/wp-json\/wp\/v2\/product_tag?post=253228"}],"curies":[{"name":"wp","href":"https:\/\/api.w.org\/{rel}","templated":true}]}}