{"id":253417,"date":"2023-09-18T12:40:57","date_gmt":"2023-09-18T15:40:57","guid":{"rendered":"https:\/\/www.livrariarema.com.br\/loja\/produtos\/sem categoria\/libertando-a-alma-helena-raquel\/"},"modified":"2023-12-21T14:36:56","modified_gmt":"2023-12-21T17:36:56","slug":"libertando-a-alma-helena-raquel","status":"publish","type":"product","link":"https:\/\/www.livrariarema.com.br\/loja\/produtos\/livros\/cura-libertacao\/libertando-a-alma-helena-raquel\/","title":{"rendered":"Libertando A Alma &#8211; Helena Raquel"},"content":{"rendered":"<p>Tendo vivido sua pr\u00f3pria experi\u00eancia com a ofensa, o ressentimento e o perd\u00e3o, a autora j\u00e1 ministrou sobre o tema a uma multid\u00e3o de pessoas em confer\u00eancias e simp\u00f3sios pelo Brasil. Agora, ela se prop\u00f5e a caminhar ao seu lado, n\u00e3o apenas contando a impactante hist\u00f3ria de um homem que sucumbiu ao ressentimento, mas segurando em suas m\u00e3os para trilharem juntos a Jornada do Perd\u00e3o, em que o objetivo maior \u00e9 a liberta\u00e7\u00e3o da alma dos ressentimentos e ofensas. Este \u00e9 um livro para os que precisam perdoar e para os que se prop\u00f5em a ajudar outras pessoas a fazerem o mesmo. Prepare-se para viver essa jornada e experimentar a b\u00ean\u00e7\u00e3o da liberdade. Que esta seja a sua ora\u00e7\u00e3o e decis\u00e3o diante de Deus: &#8220;Tira a minha alma da pris\u00e3o, para que louve o teu nome&#8221; (Salmos 42.7a).<\/p>\n","protected":false},"excerpt":{"rendered":"<p>Tendo vivido sua pr\u00f3pria experi\u00eancia com a ofensa, o ressentimento e o perd\u00e3o, a autora j\u00e1 ministrou sobre o tema&hellip;<\/p>\n","protected":false},"featured_media":253416,"comment_status":"open","ping_status":"closed","template":"","meta":[],"product_cat":[157,134],"product_tag":[],"_links":{"self":[{"href":"https:\/\/www.livrariarema.com.br\/loja\/wp-json\/wp\/v2\/product\/253417"}],"collection":[{"href":"https:\/\/www.livrariarema.com.br\/loja\/wp-json\/wp\/v2\/product"}],"about":[{"href":"https:\/\/www.livrariarema.com.br\/loja\/wp-json\/wp\/v2\/types\/product"}],"replies":[{"embeddable":true,"href":"https:\/\/www.livrariarema.com.br\/loja\/wp-json\/wp\/v2\/comments?post=253417"}],"wp:featuredmedia":[{"embeddable":true,"href":"https:\/\/www.livrariarema.com.br\/loja\/wp-json\/wp\/v2\/media\/253416"}],"wp:attachment":[{"href":"https:\/\/www.livrariarema.com.br\/loja\/wp-json\/wp\/v2\/media?parent=253417"}],"wp:term":[{"taxonomy":"product_cat","embeddable":true,"href":"https:\/\/www.livrariarema.com.br\/loja\/wp-json\/wp\/v2\/product_cat?post=253417"},{"taxonomy":"product_tag","embeddable":true,"href":"https:\/\/www.livrariarema.com.br\/loja\/wp-json\/wp\/v2\/product_tag?post=253417"}],"curies":[{"name":"wp","href":"https:\/\/api.w.org\/{rel}","templated":true}]}}