{"id":253419,"date":"2023-09-18T12:41:04","date_gmt":"2023-09-18T15:41:04","guid":{"rendered":"https:\/\/www.livrariarema.com.br\/loja\/produtos\/sem categoria\/alem-da-ansiedade-davi-lago\/"},"modified":"2024-01-27T03:02:51","modified_gmt":"2024-01-27T06:02:51","slug":"alem-da-ansiedade-davi-lago","status":"publish","type":"product","link":"https:\/\/www.livrariarema.com.br\/loja\/produtos\/livros\/cura-libertacao\/alem-da-ansiedade-davi-lago\/","title":{"rendered":"Al\u00e9m Da Ansiedade &#8211; Davi Lago"},"content":{"rendered":"<p>A ansiedade supera a depress\u00e3o globalmente, afirma a OMS. Davi Lago aborda abordagens da ansiedade e textos b\u00edblicos relevantes, oferecendo insights sobre sintomas, consumo, orienta\u00e7\u00f5es pr\u00e1ticas e vit\u00f3ria.<br \/>\n&#8211; Como diferenciar preocupa\u00e7\u00f5es saud\u00e1veis de preocupa\u00e7\u00f5es doentias?<br \/>\n&#8211; Quais s\u00e3o os sintomas e efeitos destruidores da ansiedade?<br \/>\n&#8211; Como lidar com consumismo, conversas t\u00f3xicas e agendas sobrecarregadas?<br \/>\n&#8211; Quais s\u00e3o as orienta\u00e7\u00f5es pr\u00e1ticas e promessas b\u00edblicas relacionadas \u00e0 vit\u00f3ria sobre a ansiedade?<\/p>\n","protected":false},"excerpt":{"rendered":"<p>A ansiedade supera a depress\u00e3o globalmente, afirma a OMS. Davi Lago aborda abordagens da ansiedade e textos b\u00edblicos relevantes, oferecendo&hellip;<\/p>\n","protected":false},"featured_media":253418,"comment_status":"open","ping_status":"closed","template":"","meta":[],"product_cat":[157,134],"product_tag":[],"_links":{"self":[{"href":"https:\/\/www.livrariarema.com.br\/loja\/wp-json\/wp\/v2\/product\/253419"}],"collection":[{"href":"https:\/\/www.livrariarema.com.br\/loja\/wp-json\/wp\/v2\/product"}],"about":[{"href":"https:\/\/www.livrariarema.com.br\/loja\/wp-json\/wp\/v2\/types\/product"}],"replies":[{"embeddable":true,"href":"https:\/\/www.livrariarema.com.br\/loja\/wp-json\/wp\/v2\/comments?post=253419"}],"wp:featuredmedia":[{"embeddable":true,"href":"https:\/\/www.livrariarema.com.br\/loja\/wp-json\/wp\/v2\/media\/253418"}],"wp:attachment":[{"href":"https:\/\/www.livrariarema.com.br\/loja\/wp-json\/wp\/v2\/media?parent=253419"}],"wp:term":[{"taxonomy":"product_cat","embeddable":true,"href":"https:\/\/www.livrariarema.com.br\/loja\/wp-json\/wp\/v2\/product_cat?post=253419"},{"taxonomy":"product_tag","embeddable":true,"href":"https:\/\/www.livrariarema.com.br\/loja\/wp-json\/wp\/v2\/product_tag?post=253419"}],"curies":[{"name":"wp","href":"https:\/\/api.w.org\/{rel}","templated":true}]}}