{"id":253421,"date":"2023-09-18T12:41:09","date_gmt":"2023-09-18T15:41:09","guid":{"rendered":"https:\/\/www.livrariarema.com.br\/loja\/produtos\/sem categoria\/vimos-e-ouvimos-luciano-subira\/"},"modified":"2024-08-15T11:34:13","modified_gmt":"2024-08-15T14:34:13","slug":"vimos-e-ouvimos-luciano-subira","status":"publish","type":"product","link":"https:\/\/www.livrariarema.com.br\/loja\/produtos\/livros\/vida-crista\/vimos-e-ouvimos-luciano-subira\/","title":{"rendered":"Vimos E Ouvimos &#8211; Luciano Subir\u00e1"},"content":{"rendered":"<p>Depois de seu suficiente sacrif\u00edcio, Jesus de Nazar\u00e9 ressuscitou dentre os mortos, vitorioso sobre a morte e o inferno, e estabeleceu sua Igreja. Por 40 dias, instruiu seus disc\u00edpulos acerca do novo tempo, comissionando-os aos confins da terra, a partir de Jerusal\u00e9m, para anunciar as boas-novas a toda tribo, l\u00edngua e na\u00e7\u00e3o. Ent\u00e3o, revestidos de poder do alto, cheios do Esp\u00edrito Santo, eles partiram para anunciar salva\u00e7\u00e3o ao mundo. Essa mensagem, constitu\u00edda de relatos daquilo que viram e ouviram, atravessou e enfrentou desertos, mares, pris\u00f5es e persegui\u00e7\u00f5es.<\/p>\n<p>Ainda hoje, mais de 2.000 anos depois, a mensagem de esperan\u00e7a sobre os feitos do Deus-Homem reverbera em nossa sociedade &#8211; n\u00e3o somente devido a Cristo e seu sacrif\u00edcio, mas tamb\u00e9m por causa de homens e mulheres que n\u00e3o se calaram a respeito das coisas que viram e ouviram.<\/p>\n","protected":false},"excerpt":{"rendered":"<p>Depois de seu suficiente sacrif\u00edcio, Jesus de Nazar\u00e9 ressuscitou dentre os mortos, vitorioso sobre a morte e o inferno, e&hellip;<\/p>\n","protected":false},"featured_media":311432,"comment_status":"open","ping_status":"closed","template":"","meta":[],"product_cat":[134,137],"product_tag":[],"_links":{"self":[{"href":"https:\/\/www.livrariarema.com.br\/loja\/wp-json\/wp\/v2\/product\/253421"}],"collection":[{"href":"https:\/\/www.livrariarema.com.br\/loja\/wp-json\/wp\/v2\/product"}],"about":[{"href":"https:\/\/www.livrariarema.com.br\/loja\/wp-json\/wp\/v2\/types\/product"}],"replies":[{"embeddable":true,"href":"https:\/\/www.livrariarema.com.br\/loja\/wp-json\/wp\/v2\/comments?post=253421"}],"wp:featuredmedia":[{"embeddable":true,"href":"https:\/\/www.livrariarema.com.br\/loja\/wp-json\/wp\/v2\/media\/311432"}],"wp:attachment":[{"href":"https:\/\/www.livrariarema.com.br\/loja\/wp-json\/wp\/v2\/media?parent=253421"}],"wp:term":[{"taxonomy":"product_cat","embeddable":true,"href":"https:\/\/www.livrariarema.com.br\/loja\/wp-json\/wp\/v2\/product_cat?post=253421"},{"taxonomy":"product_tag","embeddable":true,"href":"https:\/\/www.livrariarema.com.br\/loja\/wp-json\/wp\/v2\/product_tag?post=253421"}],"curies":[{"name":"wp","href":"https:\/\/api.w.org\/{rel}","templated":true}]}}