{"id":253429,"date":"2023-09-18T13:11:30","date_gmt":"2023-09-18T16:11:30","guid":{"rendered":"https:\/\/www.livrariarema.com.br\/loja\/produtos\/sem categoria\/desesperar-thayse-portela\/"},"modified":"2024-10-24T21:31:01","modified_gmt":"2024-10-25T00:31:01","slug":"desesperar-thayse-portela","status":"publish","type":"product","link":"https:\/\/www.livrariarema.com.br\/loja\/produtos\/livros\/vida-crista\/desesperar-thayse-portela\/","title":{"rendered":"(Des)Esperar &#8211; Thayse Portela"},"content":{"rendered":"<p>Sempre existe algo pelo qual esperamos com grand\u00edssima expectativa, orando, crendo e muitas vezes chorando. Thayse Portela aguardou dezessete anos para viver um dos dias mais importantes de sua vida, e, nesta obra, compartilha como atravessou o processo de espera pelo homem segundo o cora\u00e7\u00e3o, com quem viria se casar, com todos os seus desafios e momentos angustiantes. Nas p\u00e1ginas deste livro, voc\u00ea encontrar\u00e1 sentimentos profundos compartilhados pela autora e ensinamentos pr\u00e1ticos que a ajudar\u00e3o nos dias em que n\u00e3o souber o que fazer ou estiver pensando em desistir. Basta abrir seu cora\u00e7\u00e3o para receber o que Deus lhe revelar\u00e1 no decorrer desta leitura. Certamente aqui voc\u00ea encontrar\u00e1 respostas para algumas das perguntas que por muito tempo j\u00e1 se fez sobre sua vida sentimental. A espera pode n\u00e3o ser f\u00e1cil, mas lembre-se de que, haja o que houver: VALE A PENA ESPERAR EM DEUS!<\/p>\n","protected":false},"excerpt":{"rendered":"<p>Sempre existe algo pelo qual esperamos com grand\u00edssima expectativa, orando, crendo e muitas vezes chorando. Thayse Portela aguardou dezessete anos&hellip;<\/p>\n","protected":false},"featured_media":253428,"comment_status":"open","ping_status":"closed","template":"","meta":[],"product_cat":[134,137],"product_tag":[],"_links":{"self":[{"href":"https:\/\/www.livrariarema.com.br\/loja\/wp-json\/wp\/v2\/product\/253429"}],"collection":[{"href":"https:\/\/www.livrariarema.com.br\/loja\/wp-json\/wp\/v2\/product"}],"about":[{"href":"https:\/\/www.livrariarema.com.br\/loja\/wp-json\/wp\/v2\/types\/product"}],"replies":[{"embeddable":true,"href":"https:\/\/www.livrariarema.com.br\/loja\/wp-json\/wp\/v2\/comments?post=253429"}],"wp:featuredmedia":[{"embeddable":true,"href":"https:\/\/www.livrariarema.com.br\/loja\/wp-json\/wp\/v2\/media\/253428"}],"wp:attachment":[{"href":"https:\/\/www.livrariarema.com.br\/loja\/wp-json\/wp\/v2\/media?parent=253429"}],"wp:term":[{"taxonomy":"product_cat","embeddable":true,"href":"https:\/\/www.livrariarema.com.br\/loja\/wp-json\/wp\/v2\/product_cat?post=253429"},{"taxonomy":"product_tag","embeddable":true,"href":"https:\/\/www.livrariarema.com.br\/loja\/wp-json\/wp\/v2\/product_tag?post=253429"}],"curies":[{"name":"wp","href":"https:\/\/api.w.org\/{rel}","templated":true}]}}