{"id":253431,"date":"2023-09-18T13:11:51","date_gmt":"2023-09-18T16:11:51","guid":{"rendered":"https:\/\/www.livrariarema.com.br\/loja\/produtos\/sem categoria\/jornada-de-milagres-gabriela-lopes\/"},"modified":"2025-12-16T11:35:38","modified_gmt":"2025-12-16T14:35:38","slug":"jornada-de-milagres-gabriela-lopes","status":"publish","type":"product","link":"https:\/\/www.livrariarema.com.br\/loja\/produtos\/livros\/devocional\/jornada-de-milagres-gabriela-lopes\/","title":{"rendered":"Jornada De Milagres &#8211; Gabriela Lopes"},"content":{"rendered":"<p>Ao longo de seu minist\u00e9rio terreno, Jesus fez muitos milagres. A B\u00edblia registra 35 manifesta\u00e7\u00f5es sobrenaturais do poder de Cristo, como curas, provid\u00eancias, liberta\u00e7\u00f5es, a\u00e7\u00e3o soberana sobre a natureza e at\u00e9 ressurrei\u00e7\u00e3o de mortos. Nesta obra, Gabi Lopes compartilha poderosas reflex\u00f5es, a partir de cada um desses milagres, com aplica\u00e7\u00f5es pr\u00e1ticas para voc\u00ea e com desdobramentos transformadores e extraordin\u00e1rios, que v\u00e3o causar um impacto sem precedentes na sua vida. Que este livro seja um despertar sobrenatural do Senhor em sua jornada! E que, ao ler sobre cada milagre, algo poderoso aconte\u00e7a em sua vida, para a gl\u00f3ria de Deus!<\/p>\n","protected":false},"excerpt":{"rendered":"<p>Ao longo de seu minist\u00e9rio terreno, Jesus fez muitos milagres. A B\u00edblia registra 35 manifesta\u00e7\u00f5es sobrenaturais do poder de Cristo,&hellip;<\/p>\n","protected":false},"featured_media":340568,"comment_status":"open","ping_status":"closed","template":"","meta":[],"product_cat":[158,134],"product_tag":[],"_links":{"self":[{"href":"https:\/\/www.livrariarema.com.br\/loja\/wp-json\/wp\/v2\/product\/253431"}],"collection":[{"href":"https:\/\/www.livrariarema.com.br\/loja\/wp-json\/wp\/v2\/product"}],"about":[{"href":"https:\/\/www.livrariarema.com.br\/loja\/wp-json\/wp\/v2\/types\/product"}],"replies":[{"embeddable":true,"href":"https:\/\/www.livrariarema.com.br\/loja\/wp-json\/wp\/v2\/comments?post=253431"}],"wp:featuredmedia":[{"embeddable":true,"href":"https:\/\/www.livrariarema.com.br\/loja\/wp-json\/wp\/v2\/media\/340568"}],"wp:attachment":[{"href":"https:\/\/www.livrariarema.com.br\/loja\/wp-json\/wp\/v2\/media?parent=253431"}],"wp:term":[{"taxonomy":"product_cat","embeddable":true,"href":"https:\/\/www.livrariarema.com.br\/loja\/wp-json\/wp\/v2\/product_cat?post=253431"},{"taxonomy":"product_tag","embeddable":true,"href":"https:\/\/www.livrariarema.com.br\/loja\/wp-json\/wp\/v2\/product_tag?post=253431"}],"curies":[{"name":"wp","href":"https:\/\/api.w.org\/{rel}","templated":true}]}}