{"id":253913,"date":"2023-09-19T09:41:50","date_gmt":"2023-09-19T12:41:50","guid":{"rendered":"https:\/\/www.livrariarema.com.br\/loja\/produtos\/sem categoria\/arc065bjpp-biblia-do-jovem-pregador-pentecostal-azul\/"},"modified":"2025-09-29T13:10:21","modified_gmt":"2025-09-29T16:10:21","slug":"arc065bjpp-biblia-do-jovem-pregador-pentecostal-azul","status":"publish","type":"product","link":"https:\/\/www.livrariarema.com.br\/loja\/produtos\/biblias\/estudo\/arc065bjpp-biblia-do-jovem-pregador-pentecostal-azul\/","title":{"rendered":"Arc065bjpp &#8211; B\u00edblia Do Jovem Pregador Pentecostal &#8211; Azul"},"content":{"rendered":"<p>A B\u00edblia do Jovem Pregador Pentecostal \u00e9 voltada para a juventude crist\u00e3 que deseja crescer espiritualmente no conhecimento da Palavra de Deus, e que aspira tamb\u00e9m pregar o Evangelho de Cristo com mais desenvoltura. Seu principal objetivo \u00e9 colocar \u00e0 disposi\u00e7\u00e3o dos jovens obreiros uma ferramenta pr\u00e1tica e de conte\u00fado rico para o exerc\u00edcio do minist\u00e9rio crist\u00e3o. S\u00e3o 366 serm\u00f5es b\u00edblicos, que servir\u00e3o de aux\u00edlio e orienta\u00e7\u00e3o para prega\u00e7\u00f5es voltadas aos jovens, especialmente elaborados pelo te\u00f3logo e pastor Erivaldo de Jesus. A publica\u00e7\u00e3o oferece, ainda, um curso b\u00e1sico de Teologia, composto de 12 mat\u00e9rias teol\u00f3gicas, que dar\u00e1 uma pequena no\u00e7\u00e3o do que \u00e9 Teologia e sua import\u00e2ncia para o crescimento espiritual, intelectual e b\u00edblico de todos os estudantes da B\u00edblia Sagrada.<br \/>\nSobre o Pr. Erivaldo de Jesus: Autor de nove livros e com grande experi\u00eancia e conhecimento na \u00e1rea b\u00edblica, o Pr. Erivaldo de Jesus \u00e9 doutor em Teologia e ministro do Evangelho. Bacharel em Direito, \u00e9 professor de Teologia Sistem\u00e1tica e conferencista internacional. \u00c9 pastor filiado \u00e0 Conven\u00e7\u00e3o Fraternal das Assembleias de Deus do Estado de S\u00e3o Paulo (Confradesp) e \u00e0 Conven\u00e7\u00e3o Geral das Assembleias de Deus no Brasil (CGADB).<\/p>\n","protected":false},"excerpt":{"rendered":"<p>A B\u00edblia do Jovem Pregador Pentecostal \u00e9 voltada para a juventude crist\u00e3 que deseja crescer espiritualmente no conhecimento da Palavra&hellip;<\/p>\n","protected":false},"featured_media":338234,"comment_status":"open","ping_status":"closed","template":"","meta":[],"product_cat":[139,140],"product_tag":[],"_links":{"self":[{"href":"https:\/\/www.livrariarema.com.br\/loja\/wp-json\/wp\/v2\/product\/253913"}],"collection":[{"href":"https:\/\/www.livrariarema.com.br\/loja\/wp-json\/wp\/v2\/product"}],"about":[{"href":"https:\/\/www.livrariarema.com.br\/loja\/wp-json\/wp\/v2\/types\/product"}],"replies":[{"embeddable":true,"href":"https:\/\/www.livrariarema.com.br\/loja\/wp-json\/wp\/v2\/comments?post=253913"}],"wp:featuredmedia":[{"embeddable":true,"href":"https:\/\/www.livrariarema.com.br\/loja\/wp-json\/wp\/v2\/media\/338234"}],"wp:attachment":[{"href":"https:\/\/www.livrariarema.com.br\/loja\/wp-json\/wp\/v2\/media?parent=253913"}],"wp:term":[{"taxonomy":"product_cat","embeddable":true,"href":"https:\/\/www.livrariarema.com.br\/loja\/wp-json\/wp\/v2\/product_cat?post=253913"},{"taxonomy":"product_tag","embeddable":true,"href":"https:\/\/www.livrariarema.com.br\/loja\/wp-json\/wp\/v2\/product_tag?post=253913"}],"curies":[{"name":"wp","href":"https:\/\/api.w.org\/{rel}","templated":true}]}}