{"id":254560,"date":"2023-09-19T19:10:21","date_gmt":"2023-09-19T22:10:21","guid":{"rendered":"https:\/\/www.livrariarema.com.br\/loja\/produtos\/sem%20categoria\/tudo-para-ele-diario-de-oracao-brochura-oswald-chambers\/"},"modified":"2026-01-22T15:20:39","modified_gmt":"2026-01-22T18:20:39","slug":"tudo-para-ele-diario-de-oracao-brochura-oswald-chambers","status":"publish","type":"product","link":"https:\/\/www.livrariarema.com.br\/loja\/produtos\/livros\/devocional\/tudo-para-ele-diario-de-oracao-brochura-oswald-chambers\/","title":{"rendered":"Tudo Para Ele &#8211; Oswald Chambers &#8211; Brochura"},"content":{"rendered":"<p>Este cl\u00e1ssico da literatura devocional tem falado, ao longo de d\u00e9cadas, a milh\u00f5es de pessoas por meio de suas mensagens edificadoras. Esta edi\u00e7\u00e3o, com linguagem atualizada, apresenta 366 medita\u00e7\u00f5es baseadas nas Escrituras nas quais o autor desafia e encoraja o leitor, a cada dia do ano, a praticar a Palavra e a ser a pessoa que Deus o criou para ser.<br \/>\nAprofunde seu relacionamento com Deus e sua compreens\u00e3o sobre Ele investindo tempo na presen\u00e7a do Senhor, com o aux\u00edlio desta leitura.<\/p>\n<p>&#8220;Eu leio Oswald Chambers todas as manh\u00e3s. Ele me ajuda a entender o qu\u00e3o longe estou na minha caminhada. Ele \u00e9 um grande escritor crist\u00e3o.&#8221; (ex-presidente EUA, George W. Bush)<\/p>\n<p>&#8220;Nenhum livro fora da B\u00edblia me influenciou tanto quanto Meu M\u00e1ximo para o Seu Maior.&#8221; (Cal Thomas)<\/p>\n<p>&#8220;Poucas pessoas tiveram a vis\u00e3o da Pessoa de Cristo como Oswald Chambers, e menos ainda foram capazes de tornar a sua aplica\u00e7\u00e3o t\u00e3o inevit\u00e1vel. Este volume n\u00e3o \u00e9 um tesouro a ser admirado, mas uma mensagem a ser vivida. . . . \u00c9 minha sincera ora\u00e7\u00e3o que este volume seja recebido com alegria e compartilhado livremente.&#8221; (Charles F. Stanley)<\/p>\n<p>&#8220;Alegro-me que uma nova gera\u00e7\u00e3o de crist\u00e3os s\u00e9rios tenha agora acesso aos tesouros que Oswald Chambers nos legou.&#8221; (Warren Wiersbe)<\/p>\n","protected":false},"excerpt":{"rendered":"<p>Este cl\u00e1ssico da literatura devocional tem falado, ao longo de d\u00e9cadas, a milh\u00f5es de pessoas por meio de suas mensagens&hellip;<\/p>\n","protected":false},"featured_media":338602,"comment_status":"open","ping_status":"closed","template":"","meta":[],"product_cat":[158,134],"product_tag":[],"_links":{"self":[{"href":"https:\/\/www.livrariarema.com.br\/loja\/wp-json\/wp\/v2\/product\/254560"}],"collection":[{"href":"https:\/\/www.livrariarema.com.br\/loja\/wp-json\/wp\/v2\/product"}],"about":[{"href":"https:\/\/www.livrariarema.com.br\/loja\/wp-json\/wp\/v2\/types\/product"}],"replies":[{"embeddable":true,"href":"https:\/\/www.livrariarema.com.br\/loja\/wp-json\/wp\/v2\/comments?post=254560"}],"wp:featuredmedia":[{"embeddable":true,"href":"https:\/\/www.livrariarema.com.br\/loja\/wp-json\/wp\/v2\/media\/338602"}],"wp:attachment":[{"href":"https:\/\/www.livrariarema.com.br\/loja\/wp-json\/wp\/v2\/media?parent=254560"}],"wp:term":[{"taxonomy":"product_cat","embeddable":true,"href":"https:\/\/www.livrariarema.com.br\/loja\/wp-json\/wp\/v2\/product_cat?post=254560"},{"taxonomy":"product_tag","embeddable":true,"href":"https:\/\/www.livrariarema.com.br\/loja\/wp-json\/wp\/v2\/product_tag?post=254560"}],"curies":[{"name":"wp","href":"https:\/\/api.w.org\/{rel}","templated":true}]}}