{"id":254562,"date":"2023-09-19T19:10:28","date_gmt":"2023-09-19T22:10:28","guid":{"rendered":"https:\/\/www.livrariarema.com.br\/loja\/produtos\/sem categoria\/diario-de-oracao-pao-diario-a-gloria-do-senhor\/"},"modified":"2024-05-11T11:07:37","modified_gmt":"2024-05-11T14:07:37","slug":"diario-de-oracao-pao-diario-a-gloria-do-senhor","status":"publish","type":"product","link":"https:\/\/www.livrariarema.com.br\/loja\/produtos\/livros\/devocional\/diario-de-oracao-pao-diario-a-gloria-do-senhor\/","title":{"rendered":"Diario De Ora\u00e7\u00e3o &#8211; P\u00e3o Diario &#8211; A Gl\u00f3ria Do Senhor"},"content":{"rendered":"<p>As adversidades muitas vezes nos cercam, fazendo-nos sentir s\u00f3s e<br \/>\ndesprotegidas. Mas o bom \u00e9 saber que o Senhor Deus \u00e9 o nosso ref\u00fagio. Por isso, temos um lugar seguro para onde correr quando a ang\u00fastia e a dor tomam conta de n\u00f3s: a presen\u00e7a de Deus! Esse \u00e9 o melhor lugar para se estar, pois ali recebemos o Seu cuidado em cada detalhe e situa\u00e7\u00e3o, aconchegadas e protegidas sob Suas asas.<br \/>\nTemos a garantia, em todos os momentos, de que Sua forte e segura defesa nos preservar\u00e1.<br \/>\nQue encontremos no Senhor a for\u00e7a e a alegria para enfrentarmos os desafios e lutas di\u00e1rias.<br \/>\nAproveite para registrar em seu Di\u00e1rio de Ora\u00e7\u00e3o os momentos de conforto, refrig\u00e9rio e fortalecimento de Deus para a sua vida! Que o Senhor, que est\u00e1 sempre com voc\u00ea, fale ao seu cora\u00e7\u00e3o atrav\u00e9s destas reflex\u00f5es.<br \/>\nEste di\u00e1rio cont\u00e9m:<br \/>\n&#8211; Medita\u00e7\u00f5es do P\u00e3o Di\u00e1rio para cada dia do ano<br \/>\n&#8211; Palavras de encorajamento e esperan\u00e7a para enfrentar o dia a dia<br \/>\n&#8211; Leitura e vers\u00edculo b\u00edblico que norteiam o tema<br \/>\n&#8211; Plano de leitura da B\u00edblia em um ano<br \/>\n&#8211; Espa\u00e7os para anotar: li\u00e7\u00f5es relacionadas \u00e0 leitura do dia, pedidos e respostas de ora\u00e7\u00e3o<\/p>\n","protected":false},"excerpt":{"rendered":"<p>As adversidades muitas vezes nos cercam, fazendo-nos sentir s\u00f3s e desprotegidas. Mas o bom \u00e9 saber que o Senhor Deus&hellip;<\/p>\n","protected":false},"featured_media":296791,"comment_status":"open","ping_status":"closed","template":"","meta":[],"product_cat":[158,134],"product_tag":[],"_links":{"self":[{"href":"https:\/\/www.livrariarema.com.br\/loja\/wp-json\/wp\/v2\/product\/254562"}],"collection":[{"href":"https:\/\/www.livrariarema.com.br\/loja\/wp-json\/wp\/v2\/product"}],"about":[{"href":"https:\/\/www.livrariarema.com.br\/loja\/wp-json\/wp\/v2\/types\/product"}],"replies":[{"embeddable":true,"href":"https:\/\/www.livrariarema.com.br\/loja\/wp-json\/wp\/v2\/comments?post=254562"}],"wp:featuredmedia":[{"embeddable":true,"href":"https:\/\/www.livrariarema.com.br\/loja\/wp-json\/wp\/v2\/media\/296791"}],"wp:attachment":[{"href":"https:\/\/www.livrariarema.com.br\/loja\/wp-json\/wp\/v2\/media?parent=254562"}],"wp:term":[{"taxonomy":"product_cat","embeddable":true,"href":"https:\/\/www.livrariarema.com.br\/loja\/wp-json\/wp\/v2\/product_cat?post=254562"},{"taxonomy":"product_tag","embeddable":true,"href":"https:\/\/www.livrariarema.com.br\/loja\/wp-json\/wp\/v2\/product_tag?post=254562"}],"curies":[{"name":"wp","href":"https:\/\/api.w.org\/{rel}","templated":true}]}}