{"id":254566,"date":"2023-09-19T19:10:39","date_gmt":"2023-09-19T22:10:39","guid":{"rendered":"https:\/\/www.livrariarema.com.br\/loja\/produtos\/sem categoria\/meu-plano-com-deus-permanente-amor\/"},"modified":"2026-02-11T09:21:24","modified_gmt":"2026-02-11T12:21:24","slug":"meu-plano-com-deus-permanente-amor","status":"publish","type":"product","link":"https:\/\/www.livrariarema.com.br\/loja\/produtos\/livros\/devocional\/meu-plano-com-deus-permanente-amor\/","title":{"rendered":"Meu Plano Com Deus &#8211; Permanente &#8211; Amor"},"content":{"rendered":"<p>MEU PLANO COM DEUS a auxiliar\u00e1 a organizar as tarefas di\u00e1rias, a ter a perspectiva<br \/>\ncorreta sobre o que realmente \u00e9 importante e a manter o foco em seus objetivos,<br \/>\nenquanto agradece pelas b\u00ean\u00e7\u00e3os que Deus lhe concede. As medita\u00e7\u00f5es di\u00e1rias a<br \/>\nguiar\u00e3o em sua caminhada crist\u00e3, ajudando-a a crescer em f\u00e9 e encorajando-a a<br \/>\napresentar tudo a Deus em ora\u00e7\u00e3o. Voc\u00ea poder\u00e1 listar suas tarefas e definir seus planos e suas metas espirituais.<\/p>\n","protected":false},"excerpt":{"rendered":"<p>MEU PLANO COM DEUS a auxiliar\u00e1 a organizar as tarefas di\u00e1rias, a ter a perspectiva correta sobre o que realmente&hellip;<\/p>\n","protected":false},"featured_media":276509,"comment_status":"open","ping_status":"closed","template":"","meta":[],"product_cat":[158,134],"product_tag":[],"_links":{"self":[{"href":"https:\/\/www.livrariarema.com.br\/loja\/wp-json\/wp\/v2\/product\/254566"}],"collection":[{"href":"https:\/\/www.livrariarema.com.br\/loja\/wp-json\/wp\/v2\/product"}],"about":[{"href":"https:\/\/www.livrariarema.com.br\/loja\/wp-json\/wp\/v2\/types\/product"}],"replies":[{"embeddable":true,"href":"https:\/\/www.livrariarema.com.br\/loja\/wp-json\/wp\/v2\/comments?post=254566"}],"wp:featuredmedia":[{"embeddable":true,"href":"https:\/\/www.livrariarema.com.br\/loja\/wp-json\/wp\/v2\/media\/276509"}],"wp:attachment":[{"href":"https:\/\/www.livrariarema.com.br\/loja\/wp-json\/wp\/v2\/media?parent=254566"}],"wp:term":[{"taxonomy":"product_cat","embeddable":true,"href":"https:\/\/www.livrariarema.com.br\/loja\/wp-json\/wp\/v2\/product_cat?post=254566"},{"taxonomy":"product_tag","embeddable":true,"href":"https:\/\/www.livrariarema.com.br\/loja\/wp-json\/wp\/v2\/product_tag?post=254566"}],"curies":[{"name":"wp","href":"https:\/\/api.w.org\/{rel}","templated":true}]}}