{"id":254596,"date":"2023-09-19T19:12:31","date_gmt":"2023-09-19T22:12:31","guid":{"rendered":"https:\/\/www.livrariarema.com.br\/loja\/produtos\/sem categoria\/biblia-de-estudos-e-sermoes-de-charles-h-spurgeon-bordo\/"},"modified":"2025-10-15T12:20:50","modified_gmt":"2025-10-15T15:20:50","slug":"biblia-de-estudos-e-sermoes-de-charles-h-spurgeon-bordo","status":"publish","type":"product","link":"https:\/\/www.livrariarema.com.br\/loja\/produtos\/biblias\/estudo\/biblia-de-estudos-e-sermoes-de-charles-h-spurgeon-bordo\/","title":{"rendered":"B\u00edblia De Estudos E Serm\u00f5es De Charles H. Spurgeon &#8211; Bord\u00f4"},"content":{"rendered":"<p>Esta B\u00edblia \u00e9 fruto de um \u00e1rduo trabalho de pesquisa e leitura nos textos de Charles H. Spurgeon. O resultado \u00e9 uma cole\u00e7\u00e3o de textos que buscam manter a fidelidade ao estilo marcante desse grande pregador, sem acr\u00e9scimos ou adapta\u00e7\u00f5es. Sua proposta \u00e9 aprofundar o conhecimento do texto b\u00edblico e provocar reflex\u00f5es sobre a revela\u00e7\u00e3o de Deus em Sua Palavra.<br \/>\n&#8211; Mais de 800 coment\u00e1rios de autoria de Charles H. Spurgeon<br \/>\n&#8211; Introdu\u00e7\u00e3o aos livros b\u00edblicos contendo uma se\u00e7\u00e3o de exerc\u00edcios para estudo e discuss\u00e3o<br \/>\n&#8211; 16 serm\u00f5es completos de Charles H. Spurgeon<br \/>\n&#8211; Plano de leitura b\u00edblica em um ano<br \/>\n&#8211; Acompanha uma linda caixa<br \/>\n&#8211; Fita de cetim para marcar as p\u00e1ginas<br \/>\n&#8211; Nova Vers\u00e3o Transformadora (NVT)<\/p>\n","protected":false},"excerpt":{"rendered":"<p>Esta B\u00edblia \u00e9 fruto de um \u00e1rduo trabalho de pesquisa e leitura nos textos de Charles H. Spurgeon. O resultado&hellip;<\/p>\n","protected":false},"featured_media":335245,"comment_status":"open","ping_status":"closed","template":"","meta":[],"product_cat":[139,140],"product_tag":[],"_links":{"self":[{"href":"https:\/\/www.livrariarema.com.br\/loja\/wp-json\/wp\/v2\/product\/254596"}],"collection":[{"href":"https:\/\/www.livrariarema.com.br\/loja\/wp-json\/wp\/v2\/product"}],"about":[{"href":"https:\/\/www.livrariarema.com.br\/loja\/wp-json\/wp\/v2\/types\/product"}],"replies":[{"embeddable":true,"href":"https:\/\/www.livrariarema.com.br\/loja\/wp-json\/wp\/v2\/comments?post=254596"}],"wp:featuredmedia":[{"embeddable":true,"href":"https:\/\/www.livrariarema.com.br\/loja\/wp-json\/wp\/v2\/media\/335245"}],"wp:attachment":[{"href":"https:\/\/www.livrariarema.com.br\/loja\/wp-json\/wp\/v2\/media?parent=254596"}],"wp:term":[{"taxonomy":"product_cat","embeddable":true,"href":"https:\/\/www.livrariarema.com.br\/loja\/wp-json\/wp\/v2\/product_cat?post=254596"},{"taxonomy":"product_tag","embeddable":true,"href":"https:\/\/www.livrariarema.com.br\/loja\/wp-json\/wp\/v2\/product_tag?post=254596"}],"curies":[{"name":"wp","href":"https:\/\/api.w.org\/{rel}","templated":true}]}}