{"id":254604,"date":"2023-09-19T19:12:59","date_gmt":"2023-09-19T22:12:59","guid":{"rendered":"https:\/\/www.livrariarema.com.br\/loja\/produtos\/sem%20categoria\/estudos-biblicos-wiersbe-warren-wiersbe\/"},"modified":"2025-12-19T18:00:59","modified_gmt":"2025-12-19T21:00:59","slug":"estudos-biblicos-wiersbe-warren-wiersbe","status":"publish","type":"product","link":"https:\/\/www.livrariarema.com.br\/loja\/produtos\/livros\/estudo-biblico\/estudos-biblicos-wiersbe-warren-wiersbe\/","title":{"rendered":"Estudos B\u00edblicos Wiersbe &#8211; Warren Wiersbe"},"content":{"rendered":"<p>&#8220;Traz uma sele\u00e7\u00e3o especial de 200 medita\u00e7\u00f5es sobre o Antigo e o Novo Testamento, cada uma baseada em cinco palavras vivas e eficazes (HEBREUS 4:12). Selecionadas cuidadosamente pelo autor de best-sellers e comentarista b\u00edblico, Dr. Warren W. Wiersbe, elas aben\u00e7oar\u00e3o a sua vida, renovar\u00e3o suas for\u00e7as e desafiar\u00e3o suas cren\u00e7as.<br \/>\nAs devocionais sobre frases como &#8220;o Senhor \u00e9 meu pastor&#8221;, &#8220;Deus reina sobre as na\u00e7\u00f5es&#8221;, &#8220;este \u00e9 meu filho amado&#8221;, entre muitas outras, renovar\u00e3o sua mente, a cada dia, e aquecer\u00e3o o seu cora\u00e7\u00e3o. Que essas reflex\u00f5es o aproximem do Senhor, encorajando-o em sua caminhada de santidade, pela ora\u00e7\u00e3o e medita\u00e7\u00e3o na Palavra de Deus.<\/p>\n","protected":false},"excerpt":{"rendered":"<p>&#8220;Traz uma sele\u00e7\u00e3o especial de 200 medita\u00e7\u00f5es sobre o Antigo e o Novo Testamento, cada uma baseada em cinco palavras&hellip;<\/p>\n","protected":false},"featured_media":302871,"comment_status":"open","ping_status":"closed","template":"","meta":[],"product_cat":[161,134],"product_tag":[],"_links":{"self":[{"href":"https:\/\/www.livrariarema.com.br\/loja\/wp-json\/wp\/v2\/product\/254604"}],"collection":[{"href":"https:\/\/www.livrariarema.com.br\/loja\/wp-json\/wp\/v2\/product"}],"about":[{"href":"https:\/\/www.livrariarema.com.br\/loja\/wp-json\/wp\/v2\/types\/product"}],"replies":[{"embeddable":true,"href":"https:\/\/www.livrariarema.com.br\/loja\/wp-json\/wp\/v2\/comments?post=254604"}],"wp:featuredmedia":[{"embeddable":true,"href":"https:\/\/www.livrariarema.com.br\/loja\/wp-json\/wp\/v2\/media\/302871"}],"wp:attachment":[{"href":"https:\/\/www.livrariarema.com.br\/loja\/wp-json\/wp\/v2\/media?parent=254604"}],"wp:term":[{"taxonomy":"product_cat","embeddable":true,"href":"https:\/\/www.livrariarema.com.br\/loja\/wp-json\/wp\/v2\/product_cat?post=254604"},{"taxonomy":"product_tag","embeddable":true,"href":"https:\/\/www.livrariarema.com.br\/loja\/wp-json\/wp\/v2\/product_tag?post=254604"}],"curies":[{"name":"wp","href":"https:\/\/api.w.org\/{rel}","templated":true}]}}