{"id":254608,"date":"2023-09-19T19:13:12","date_gmt":"2023-09-19T22:13:12","guid":{"rendered":"https:\/\/www.livrariarema.com.br\/loja\/produtos\/sem categoria\/biblia-de-estudos-da-mulher-rosa-pao-diario-2\/"},"modified":"2026-03-13T14:11:57","modified_gmt":"2026-03-13T17:11:57","slug":"biblia-de-estudos-da-mulher-rosa-pao-diario-2","status":"publish","type":"product","link":"https:\/\/www.livrariarema.com.br\/loja\/produtos\/biblias\/estudo-feminina\/biblia-de-estudos-da-mulher-rosa-pao-diario-2\/","title":{"rendered":"B\u00edblia De Estudos Da Mulher &#8211; Rosa &#8211; P\u00e3o Di\u00e1rio"},"content":{"rendered":"<p>Esta B\u00edblia apresenta artigos sobre temas do cotidiano da fam\u00edlia, igreja e sociedade, conte\u00fados e informa\u00e7\u00f5es relevantes para a mulher contempor\u00e2nea enfrentar os desafios do seu dia a dia.<br \/>\n&#8211; Introdu\u00e7\u00f5es aos livros da B\u00edblia<br \/>\n&#8211; Devocionais P\u00e3o Di\u00e1rio<br \/>\n&#8211; Artigos sobre importantes mulheres da B\u00edblia<br \/>\n&#8211; Artigo sobre o Per\u00edodo Intertestament\u00e1rio<br \/>\n&#8211; Cinco estudos b\u00edblicos com exerc\u00edcios<br \/>\n&#8211; Planos de leitura b\u00edblica em um ano<br \/>\n&#8211; Acompanha uma linda caixa<br \/>\n&#8211; Fita de cetim para marcar as p\u00e1ginas<br \/>\n&#8211; Nova Vers\u00e3o Transformadora (NVT)<\/p>\n","protected":false},"excerpt":{"rendered":"<p>Esta B\u00edblia apresenta artigos sobre temas do cotidiano da fam\u00edlia, igreja e sociedade, conte\u00fados e informa\u00e7\u00f5es relevantes para a mulher&hellip;<\/p>\n","protected":false},"featured_media":338253,"comment_status":"open","ping_status":"closed","template":"","meta":[],"product_cat":[139,175],"product_tag":[],"_links":{"self":[{"href":"https:\/\/www.livrariarema.com.br\/loja\/wp-json\/wp\/v2\/product\/254608"}],"collection":[{"href":"https:\/\/www.livrariarema.com.br\/loja\/wp-json\/wp\/v2\/product"}],"about":[{"href":"https:\/\/www.livrariarema.com.br\/loja\/wp-json\/wp\/v2\/types\/product"}],"replies":[{"embeddable":true,"href":"https:\/\/www.livrariarema.com.br\/loja\/wp-json\/wp\/v2\/comments?post=254608"}],"wp:featuredmedia":[{"embeddable":true,"href":"https:\/\/www.livrariarema.com.br\/loja\/wp-json\/wp\/v2\/media\/338253"}],"wp:attachment":[{"href":"https:\/\/www.livrariarema.com.br\/loja\/wp-json\/wp\/v2\/media?parent=254608"}],"wp:term":[{"taxonomy":"product_cat","embeddable":true,"href":"https:\/\/www.livrariarema.com.br\/loja\/wp-json\/wp\/v2\/product_cat?post=254608"},{"taxonomy":"product_tag","embeddable":true,"href":"https:\/\/www.livrariarema.com.br\/loja\/wp-json\/wp\/v2\/product_tag?post=254608"}],"curies":[{"name":"wp","href":"https:\/\/api.w.org\/{rel}","templated":true}]}}